{"id":579924,"date":"2025-10-10T18:09:46","date_gmt":"2025-10-10T15:09:46","guid":{"rendered":"https:\/\/staging.nbg.eu\/product\/mini-jack-556x45mm-223-rem-wbp-x-kruk\/"},"modified":"2025-10-17T17:24:16","modified_gmt":"2025-10-17T14:24:16","slug":"mini-jack-556x45mm223-rem-wbp-x-kruk","status":"publish","type":"product","link":"https:\/\/staging.nbg.eu\/hr\/proizvod\/mini-jack-556x45mm223-rem-wbp-x-kruk\/","title":{"rendered":"Mini Jack 5,56x45mm\/.223 REM WBP X KRUK"},"content":{"rendered":"<div class=\"product-description\">\n<h2>Mini Jack 5,56x45mm\/.223 REM WBP X KRUK<\/h2>\n<p>Mini Jack 5,56x45mm\/.223 REM WBP X KRUK je pu\u0161ka namijenjena profesionalcima i entuzijastima. Ova pu\u0161ka kombinira performanse s naprednim zna\u010dajkama.<\/p>\n<h2>Glavne zna\u010dajke:<\/h2>\n<ul>\n<li>Fiksni kundak s podesivim CRC 5002\/9035<\/li>\n<li>CRC 1U043 plinska cijev i obloga<\/li>\n<li>Ergonomski polimerni rukohvat<\/li>\n<li>Pove\u0107ani prekida\u010d za odabir na\u010dina paljbe<\/li>\n<li>Pove\u0107ani otvor za izbacivanje spremnika<\/li>\n<li>Vodilica za bo\u010dno montiranje (lastin rep)<\/li>\n<li>Glodana bo\u010dna \u0161ina za monta\u017eu optike<\/li>\n<\/ul>\n<h2>Tehni\u010dke specifikacije:<\/h2>\n<ul>\n<li>Kalibar: 5.56\u00d745 mm\/.223 Rem<\/li>\n<li>Duljina cijevi: 259mm<\/li>\n<li>Korak \u017elijeba: 1:8<\/li>\n<li>Navoj na ustima cijevi: 14\u00d71 lijevi<\/li>\n<li>Na\u010din rada: Zaklju\u010dan rotacijom<\/li>\n<li>Tip: Poluautomatski<\/li>\n<\/ul>\n<p>Mini Jack ima kompaktan dizajn i izradu prikladnu za razli\u010dite primjene, od takti\u010dkih operacija do sportskog strelja\u0161tva.<\/p>\n<p>Ova pu\u0161ka ima zakovanu \u0161inu na zatvara\u010du, \u0161to omogu\u0107uje stabilno postavljanje optike i pobolj\u0161ava preciznost na razli\u010ditim udaljenostima. Pove\u0107ani prekida\u010d za odabir na\u010dina paljbe i otvor za izbacivanje spremnika nude pobolj\u0161anu ergonomiju i br\u017ee rukovanje.<\/p>\n<\/div>\n","protected":false},"excerpt":{"rendered":"<p>Kompaktna poluautomatska pu\u0161ka kalibra 5,56 mm s podesivim kundakom, polimernim rukohvatom i \u0161inom za optiku. Svestrana i prilagodljiva.<\/p>\n","protected":false},"featured_media":579992,"template":"","meta":{"_acf_changed":false},"product_brand":[],"product_cat":[13566,13569],"product_tag":[],"class_list":{"0":"post-579924","1":"product","2":"type-product","3":"status-publish","4":"has-post-thumbnail","6":"product_cat-karabini","7":"product_cat-puska","9":"first","10":"outofstock","11":"taxable","12":"shipping-taxable","13":"product-type-simple"},"acf":[],"_links":{"self":[{"href":"https:\/\/staging.nbg.eu\/hr\/wp-json\/wp\/v2\/product\/579924","targetHints":{"allow":["GET"]}}],"collection":[{"href":"https:\/\/staging.nbg.eu\/hr\/wp-json\/wp\/v2\/product"}],"about":[{"href":"https:\/\/staging.nbg.eu\/hr\/wp-json\/wp\/v2\/types\/product"}],"wp:featuredmedia":[{"embeddable":true,"href":"https:\/\/staging.nbg.eu\/hr\/wp-json\/wp\/v2\/media\/579992"}],"wp:attachment":[{"href":"https:\/\/staging.nbg.eu\/hr\/wp-json\/wp\/v2\/media?parent=579924"}],"wp:term":[{"taxonomy":"product_brand","embeddable":true,"href":"https:\/\/staging.nbg.eu\/hr\/wp-json\/wp\/v2\/product_brand?post=579924"},{"taxonomy":"product_cat","embeddable":true,"href":"https:\/\/staging.nbg.eu\/hr\/wp-json\/wp\/v2\/product_cat?post=579924"},{"taxonomy":"product_tag","embeddable":true,"href":"https:\/\/staging.nbg.eu\/hr\/wp-json\/wp\/v2\/product_tag?post=579924"}],"curies":[{"name":"wp","href":"https:\/\/api.w.org\/{rel}","templated":true}]}}