{"id":57913,"date":"2024-02-20T19:33:36","date_gmt":"2024-09-13T14:53:20","guid":{"rendered":"https:\/\/staging.nbg.eu\/product\/geissele-super-precision-compm5s-series-optic-mounts-black-1-93\/"},"modified":"2024-09-13T14:53:59","modified_gmt":"2024-09-13T14:53:59","slug":"geissele-super-precision-compm5s-serija-nosaca-optike-crni-193","status":"publish","type":"product","link":"https:\/\/staging.nbg.eu\/hr\/proizvod\/geissele-super-precision-compm5s-serija-nosaca-optike-crni-193\/","title":{"rendered":"Geissele Super Precision &#8211; CompM5s serija nosa\u010da optike, Crni (1.93&#8243;)"},"content":{"rendered":"<div class=\"product-description\">\n<h2>Geissele Super Precision\u00ae &#8211; CompM5s serija nosa\u010da optike, crni (1.93&#8243;)<\/h2>\n<p>Geissele Super Precision\u00ae CompM5s serija nosa\u010da optike. Dizajniran za Aimpoint CompM5s i sli\u010dne crvene to\u010dkaste optike, ovaj nosa\u010d nudi preciznost i izdr\u017eljivost.<\/p>\n<ul>\n<li>Precizno izra\u0111en od jednog komada 7075-T6 aluminija visoke \u010dvrsto\u0107e<\/li>\n<li>1.93&#8243; visina za optimalnu sliku ni\u0161ana<\/li>\n<li>Metoda pri\u010dvr\u0161\u0107ivanja matica i vijaka sa 1,400 lbs sile stezanja<\/li>\n<li>3 smicajna utora za maksimalnu krutost i povratak na nultu to\u010dku<\/li>\n<li>Crna Type 3 Hardcoat anodizirana zavr\u0161na obrada<\/li>\n<\/ul>\n<p>Ovaj nosa\u010d optike nudi pouzdanost i performanse.<\/p>\n<\/div>\n","protected":false},"excerpt":{"rendered":"<p>Precizno izra\u0111en nosa\u010d za Aimpoint CompM5s, iznimno siguran i izdr\u017eljiv.<\/p>\n","protected":false},"featured_media":57914,"template":"","meta":{"_acf_changed":false},"product_brand":[11375],"product_cat":[13569],"product_tag":[],"class_list":{"0":"post-57913","1":"product","2":"type-product","3":"status-publish","4":"has-post-thumbnail","6":"product_brand-geissele","7":"product_cat-puska","9":"first","10":"instock","11":"taxable","12":"shipping-taxable","13":"product-type-simple"},"acf":[],"_links":{"self":[{"href":"https:\/\/staging.nbg.eu\/hr\/wp-json\/wp\/v2\/product\/57913","targetHints":{"allow":["GET"]}}],"collection":[{"href":"https:\/\/staging.nbg.eu\/hr\/wp-json\/wp\/v2\/product"}],"about":[{"href":"https:\/\/staging.nbg.eu\/hr\/wp-json\/wp\/v2\/types\/product"}],"wp:featuredmedia":[{"embeddable":true,"href":"https:\/\/staging.nbg.eu\/hr\/wp-json\/wp\/v2\/media\/57914"}],"wp:attachment":[{"href":"https:\/\/staging.nbg.eu\/hr\/wp-json\/wp\/v2\/media?parent=57913"}],"wp:term":[{"taxonomy":"product_brand","embeddable":true,"href":"https:\/\/staging.nbg.eu\/hr\/wp-json\/wp\/v2\/product_brand?post=57913"},{"taxonomy":"product_cat","embeddable":true,"href":"https:\/\/staging.nbg.eu\/hr\/wp-json\/wp\/v2\/product_cat?post=57913"},{"taxonomy":"product_tag","embeddable":true,"href":"https:\/\/staging.nbg.eu\/hr\/wp-json\/wp\/v2\/product_tag?post=57913"}],"curies":[{"name":"wp","href":"https:\/\/api.w.org\/{rel}","templated":true}]}}