{"id":577922,"date":"2025-10-10T18:01:49","date_gmt":"2025-10-10T15:01:49","guid":{"rendered":"https:\/\/staging.nbg.eu\/product\/x-ray-pcc-spacer-rh\/"},"modified":"2025-10-15T12:42:36","modified_gmt":"2025-10-15T09:42:36","slug":"x-ray-pcc-distancnik-desni","status":"publish","type":"product","link":"https:\/\/staging.nbg.eu\/hr\/proizvod\/x-ray-pcc-distancnik-desni\/","title":{"rendered":"X-Ray PCC Distancnik Desni"},"content":{"rendered":"<h2>X-Ray PCC produ\u017eeni dr\u017ea\u010d za spremnik za desnoruke<\/h2>\n<p>X-Ray PCC produ\u017eeni dr\u017ea\u010d za spremnik za desnoruke koristi se s produ\u017eenim Glock spremnicima u DAA X-Ray futrolama. Ovaj dr\u017ea\u010d zamjenjuje standardnu verziju, omogu\u0107uju\u0107i dugim spremnicima da se prote\u017eu kroz dno futrole za bolju ravnote\u017eu i sigurnost.<\/p>\n<h2>Glavne zna\u010dajke:<\/h2>\n<ul>\n<li>Kompatibilan s aluminijskim i polimernim DAA X-Ray futrolama<\/li>\n<li>Dizajniran za produ\u017eene Glock PCC spremnike<\/li>\n<li>Potporni krak smje\u0161ten iza spremnika<\/li>\n<li>Pobolj\u0161ava ravnote\u017eu i zadr\u017eavanje<\/li>\n<li>Brza i jednostavna instalacija<\/li>\n<\/ul>\n<p>Napomena: Preporu\u010duje se srednji stra\u017enji odstojnik (uklju\u010den s X-Ray futrolama). Futrola za spremnik i spremnik nisu uklju\u010deni. Samo jedan dr\u017ea\u010d.<\/p>\n","protected":false},"excerpt":{"rendered":"<p>Osigurajte produ\u017eene PCC spremnike u DAA X-Ray futrole. Desna verzija.<\/p>\n","protected":false},"featured_media":577929,"template":"","meta":{"_acf_changed":false},"product_brand":[],"product_cat":[13536,13527],"product_tag":[],"class_list":{"0":"post-577922","1":"product","2":"type-product","3":"status-publish","4":"has-post-thumbnail","6":"product_cat-oprema","7":"product_cat-torbice","9":"first","10":"instock","11":"taxable","12":"shipping-taxable","13":"purchasable","14":"product-type-simple"},"acf":[],"_links":{"self":[{"href":"https:\/\/staging.nbg.eu\/hr\/wp-json\/wp\/v2\/product\/577922","targetHints":{"allow":["GET"]}}],"collection":[{"href":"https:\/\/staging.nbg.eu\/hr\/wp-json\/wp\/v2\/product"}],"about":[{"href":"https:\/\/staging.nbg.eu\/hr\/wp-json\/wp\/v2\/types\/product"}],"wp:featuredmedia":[{"embeddable":true,"href":"https:\/\/staging.nbg.eu\/hr\/wp-json\/wp\/v2\/media\/577929"}],"wp:attachment":[{"href":"https:\/\/staging.nbg.eu\/hr\/wp-json\/wp\/v2\/media?parent=577922"}],"wp:term":[{"taxonomy":"product_brand","embeddable":true,"href":"https:\/\/staging.nbg.eu\/hr\/wp-json\/wp\/v2\/product_brand?post=577922"},{"taxonomy":"product_cat","embeddable":true,"href":"https:\/\/staging.nbg.eu\/hr\/wp-json\/wp\/v2\/product_cat?post=577922"},{"taxonomy":"product_tag","embeddable":true,"href":"https:\/\/staging.nbg.eu\/hr\/wp-json\/wp\/v2\/product_tag?post=577922"}],"curies":[{"name":"wp","href":"https:\/\/api.w.org\/{rel}","templated":true}]}}