{"id":577606,"date":"2025-10-10T16:06:59","date_gmt":"2025-10-10T13:06:59","guid":{"rendered":"https:\/\/staging.nbg.eu\/product\/polymer-magazine-556x45-mm-for-akm-rifles-10-rounds\/"},"modified":"2025-10-15T12:30:29","modified_gmt":"2025-10-15T09:30:29","slug":"polimerni-spremnik-556x45-mm-za-akm-puske-10-metaka","status":"publish","type":"product","link":"https:\/\/staging.nbg.eu\/hr\/proizvod\/polimerni-spremnik-556x45-mm-za-akm-puske-10-metaka\/","title":{"rendered":"Polimerni spremnik 5,56&#215;45 mm za AKM puske 10 metaka"},"content":{"rendered":"<h2>Polimerni spremnik za AK 5,56&#215;45 mm \/ .223 Rem &#8211; 10 metaka<\/h2>\n<p>Polimerni spremnik za AK pu\u0161ku od WBP Rog\u00f3w. Namijenjen za streljivo kalibra 5,56&#215;45 mm \/ .223 Rem, ovaj spremnik od 10 metaka kompatibilan je s karabinima Jack, Mini Jack, Beryl i Mini Beryl.<\/p>\n<h2>Glavne zna\u010dajke:<\/h2>\n<ul>\n<li>Polimerna konstrukcija<\/li>\n<li>Lagani dizajn<\/li>\n<li>Poluprovidno tijelo za brzu provjeru streljiva<\/li>\n<li>\u010celi\u010dno dno za dodatnu izdr\u017eljivost<\/li>\n<\/ul>\n<h2>Tehni\u010dke specifikacije:<\/h2>\n<ul>\n<li>Tijelo: Polimer<\/li>\n<li>Podiza\u010d: \u010celik<\/li>\n<li>Kalibar: 5,56&#215;45 mm \/ .223 Rem<\/li>\n<li>Kapacitet: 10 metaka<\/li>\n<li>Te\u017eina: 103 g<\/li>\n<li>Boja: Prozirna<\/li>\n<\/ul>\n<p>Ovaj spremnik je dostupan za va\u0161u AK pu\u0161ku.<\/p>\n","protected":false},"excerpt":{"rendered":"<p>Polimerni AK okvir, 10 metaka, 5,56\u00d745\/.223, polu-prozirni, WBP Rog\u00f3w<\/p>\n","protected":false},"featured_media":577665,"template":"","meta":{"_acf_changed":false},"product_brand":[],"product_cat":[13569,13552],"product_tag":[],"class_list":{"0":"post-577606","1":"product","2":"type-product","3":"status-publish","4":"has-post-thumbnail","6":"product_cat-puska","7":"product_cat-puskovni-spremnici","9":"first","10":"outofstock","11":"taxable","12":"shipping-taxable","13":"product-type-simple"},"acf":[],"_links":{"self":[{"href":"https:\/\/staging.nbg.eu\/hr\/wp-json\/wp\/v2\/product\/577606","targetHints":{"allow":["GET"]}}],"collection":[{"href":"https:\/\/staging.nbg.eu\/hr\/wp-json\/wp\/v2\/product"}],"about":[{"href":"https:\/\/staging.nbg.eu\/hr\/wp-json\/wp\/v2\/types\/product"}],"wp:featuredmedia":[{"embeddable":true,"href":"https:\/\/staging.nbg.eu\/hr\/wp-json\/wp\/v2\/media\/577665"}],"wp:attachment":[{"href":"https:\/\/staging.nbg.eu\/hr\/wp-json\/wp\/v2\/media?parent=577606"}],"wp:term":[{"taxonomy":"product_brand","embeddable":true,"href":"https:\/\/staging.nbg.eu\/hr\/wp-json\/wp\/v2\/product_brand?post=577606"},{"taxonomy":"product_cat","embeddable":true,"href":"https:\/\/staging.nbg.eu\/hr\/wp-json\/wp\/v2\/product_cat?post=577606"},{"taxonomy":"product_tag","embeddable":true,"href":"https:\/\/staging.nbg.eu\/hr\/wp-json\/wp\/v2\/product_tag?post=577606"}],"curies":[{"name":"wp","href":"https:\/\/api.w.org\/{rel}","templated":true}]}}