{"id":577347,"date":"2025-10-10T16:06:55","date_gmt":"2025-10-10T13:06:55","guid":{"rendered":"https:\/\/staging.nbg.eu\/product\/polymer-magazine-762x39-mm-for-akm-rifle-30-rounds\/"},"modified":"2025-10-15T12:27:21","modified_gmt":"2025-10-15T09:27:21","slug":"polimerni-spremnik-762x39-mm-za-akm-pusku-30-metaka","status":"publish","type":"product","link":"https:\/\/staging.nbg.eu\/hr\/proizvod\/polimerni-spremnik-762x39-mm-za-akm-pusku-30-metaka\/","title":{"rendered":"Polimerni spremnik 7,62&#215;39 mm za AKM pusku 30 metaka"},"content":{"rendered":"<div class=\"product-description\">\n<h2>WBP\u00ae Polimerni spremnik za AK\/AKM pu\u0161ke &#8211; 7,62&#215;39 mm, 30 metaka<\/h2>\n<p>WBP\u00ae 30-metni spremnik za AK\/AKM pu\u0161ke. Proizveden u Poljskoj, ovaj spremnik ima:<\/p>\n<ul>\n<li>Prozirno polimerno tijelo otporno na udarce za provjeru streljiva<\/li>\n<li>Laganu konstrukciju s oja\u010danom \u010deli\u010dnom baznom plo\u010dom<\/li>\n<li>Kompatibilnost s ve\u0107inom AK-47 platformi u kalibru 7,62\u00d739 mm<\/li>\n<li>Poljska izrada testirana od strane specijalnih postrojbi<\/li>\n<\/ul>\n<p>WBP-ov polimerni spremnik kombinira pouzdanost i inovaciju. Za vlasnike AK pu\u0161aka koji tra\u017ee kvalitetnu dodatnu opremu.<\/p>\n<p><strong>Specifikacije:<\/strong> Kalibar: 7,62&#215;39 mm | Kapacitet: 30 metaka | Materijal: Polimer s \u010deli\u010dnom baznom plo\u010dom<\/p>\n<\/div>\n","protected":false},"excerpt":{"rendered":"<p>Prozirni AK\/AKM spremnik od 30 metaka. Izdr\u017eljivi polimer, \u010deli\u010dna baza. Kalibar 7,62x39mm.<\/p>\n","protected":false},"featured_media":577418,"template":"","meta":{"_acf_changed":false},"product_brand":[],"product_cat":[13569,13552],"product_tag":[],"class_list":{"0":"post-577347","1":"product","2":"type-product","3":"status-publish","4":"has-post-thumbnail","6":"product_cat-puska","7":"product_cat-puskovni-spremnici","9":"first","10":"outofstock","11":"taxable","12":"shipping-taxable","13":"product-type-simple"},"acf":[],"_links":{"self":[{"href":"https:\/\/staging.nbg.eu\/hr\/wp-json\/wp\/v2\/product\/577347","targetHints":{"allow":["GET"]}}],"collection":[{"href":"https:\/\/staging.nbg.eu\/hr\/wp-json\/wp\/v2\/product"}],"about":[{"href":"https:\/\/staging.nbg.eu\/hr\/wp-json\/wp\/v2\/types\/product"}],"wp:featuredmedia":[{"embeddable":true,"href":"https:\/\/staging.nbg.eu\/hr\/wp-json\/wp\/v2\/media\/577418"}],"wp:attachment":[{"href":"https:\/\/staging.nbg.eu\/hr\/wp-json\/wp\/v2\/media?parent=577347"}],"wp:term":[{"taxonomy":"product_brand","embeddable":true,"href":"https:\/\/staging.nbg.eu\/hr\/wp-json\/wp\/v2\/product_brand?post=577347"},{"taxonomy":"product_cat","embeddable":true,"href":"https:\/\/staging.nbg.eu\/hr\/wp-json\/wp\/v2\/product_cat?post=577347"},{"taxonomy":"product_tag","embeddable":true,"href":"https:\/\/staging.nbg.eu\/hr\/wp-json\/wp\/v2\/product_tag?post=577347"}],"curies":[{"name":"wp","href":"https:\/\/api.w.org\/{rel}","templated":true}]}}