{"id":576848,"date":"2025-10-10T16:06:53","date_gmt":"2025-10-10T13:06:53","guid":{"rendered":"https:\/\/staging.nbg.eu\/product\/polymer-magazine-545x39-mm-fo-akm-rifles-30-rounds\/"},"modified":"2025-10-15T12:16:07","modified_gmt":"2025-10-15T09:16:07","slug":"polimerni-spremnik-545x39-mm-za-akm-puske-30-metaka","status":"publish","type":"product","link":"https:\/\/staging.nbg.eu\/hr\/proizvod\/polimerni-spremnik-545x39-mm-za-akm-puske-30-metaka\/","title":{"rendered":"Polimerni spremnik 5,45&#215;39 mm za AKM puske 30 metaka"},"content":{"rendered":"<div class=\"product-description\">\n<h2>Polimerni spremnik za AK 5,45&#215;39 mm &#8211; 30 metaka<\/h2>\n<h2>WBP Rog\u00f3w polu-prozirni spremnik<\/h2>\n<p>Spremnik za AK-74 ili Tantal pu\u0161ku od WBP Rog\u00f3w. Dizajniran za streljivo kalibra 5,45&#215;39 mm, ovaj spremnik od 30 metaka.<\/p>\n<h3>Glavne zna\u010dajke:<\/h3>\n<ul>\n<li>Polimerna konstrukcija<\/li>\n<li>Polu-prozirno tijelo za provjeru stanja streljiva<\/li>\n<li>\u010celi\u010dno oja\u010dano dno<\/li>\n<li>Te\u017eina 153 grama<\/li>\n<li>Kompatibilan s AK-74 i Tantal pu\u0161kama<\/li>\n<\/ul>\n<h3>Tehni\u010dke specifikacije:<\/h3>\n<ul>\n<li>Kalibar: 5,45&#215;39 mm<\/li>\n<li>Kapacitet: 30 metaka<\/li>\n<li>Materijal tijela i sljednika: Polimer<\/li>\n<li>Materijal dna: \u010celik<\/li>\n<li>Boja: Polu-prozirna<\/li>\n<\/ul>\n<p>WBP Rog\u00f3w polimerni spremnik za AK platformu.<\/p>\n<\/div>\n","protected":false},"excerpt":{"rendered":"<p>Polu-prozirni AK spremnik s 30 metaka, 5.45x39mm, proizvo\u0111a\u010da WBP Rog\u00f3w<\/p>\n","protected":false},"featured_media":576889,"template":"","meta":{"_acf_changed":false},"product_brand":[],"product_cat":[13569,13552],"product_tag":[],"class_list":{"0":"post-576848","1":"product","2":"type-product","3":"status-publish","4":"has-post-thumbnail","6":"product_cat-puska","7":"product_cat-puskovni-spremnici","9":"first","10":"outofstock","11":"taxable","12":"shipping-taxable","13":"product-type-simple"},"acf":[],"_links":{"self":[{"href":"https:\/\/staging.nbg.eu\/hr\/wp-json\/wp\/v2\/product\/576848","targetHints":{"allow":["GET"]}}],"collection":[{"href":"https:\/\/staging.nbg.eu\/hr\/wp-json\/wp\/v2\/product"}],"about":[{"href":"https:\/\/staging.nbg.eu\/hr\/wp-json\/wp\/v2\/types\/product"}],"wp:featuredmedia":[{"embeddable":true,"href":"https:\/\/staging.nbg.eu\/hr\/wp-json\/wp\/v2\/media\/576889"}],"wp:attachment":[{"href":"https:\/\/staging.nbg.eu\/hr\/wp-json\/wp\/v2\/media?parent=576848"}],"wp:term":[{"taxonomy":"product_brand","embeddable":true,"href":"https:\/\/staging.nbg.eu\/hr\/wp-json\/wp\/v2\/product_brand?post=576848"},{"taxonomy":"product_cat","embeddable":true,"href":"https:\/\/staging.nbg.eu\/hr\/wp-json\/wp\/v2\/product_cat?post=576848"},{"taxonomy":"product_tag","embeddable":true,"href":"https:\/\/staging.nbg.eu\/hr\/wp-json\/wp\/v2\/product_tag?post=576848"}],"curies":[{"name":"wp","href":"https:\/\/api.w.org\/{rel}","templated":true}]}}