{"id":575636,"date":"2025-10-10T12:35:07","date_gmt":"2025-10-10T09:35:07","guid":{"rendered":"https:\/\/staging.nbg.eu\/product\/grips-kmr-l-dotmatrix-ergo-short-for-orca-emiq-pink\/"},"modified":"2025-10-15T11:49:20","modified_gmt":"2025-10-15T08:49:20","slug":"rukohvati-kmr-l-dotmatrix-ergo-kratki-za-orca-emiq-rozi","status":"publish","type":"product","link":"https:\/\/staging.nbg.eu\/hr\/proizvod\/rukohvati-kmr-l-dotmatrix-ergo-kratki-za-orca-emiq-rozi\/","title":{"rendered":"RUKOHVATI KMR L DOTMATRIX ERGO KRATKI za ORCA, EMIQ ROZI"},"content":{"rendered":"<h2>RUKOHVATI KMR L DOTMATRIX ERGO KRATKI za ORCA, EMIQ &#8211; RU\u017dI\u010cASTI<\/h2>\n<p>GRIPS KMR L DOTMATRIX ERGO KRATKI za ORCA, EMIQ u ru\u017ei\u010dastoj boji. Ovi rukohvati od duraluminija imaju uzorak poput golferske loptice, osiguravaju\u0107i \u010dvrst stisak.<\/p>\n<h2>Glavne zna\u010dajke:<\/h2>\n<ul>\n<li>Referenca: 0611-03204-0110<\/li>\n<li>Marka: KMR Precision Arms<\/li>\n<li>Veli\u010dina: Kratki<\/li>\n<li>Materijal: Anodizirani duraluminij<\/li>\n<li>Uzorak: Golferska loptica (Dotmatrix Ergo)<\/li>\n<li>Uporaba: S vodilicom spremnika<\/li>\n<li>Uklju\u010duje: Torx vijke<\/li>\n<\/ul>\n<p>Za nadogradnju postoje\u0107eg pi\u0161tolja ili dizajniranje natjecateljskog oru\u017eja. Kompatibilno s KMR L-02 EMIQ, KMR L-02 EMIQ (OR) i KMR L-02 ORCA (do 2023).<\/p>\n","protected":false},"excerpt":{"rendered":"<p>Ru\u017ei\u010daste duraluminijske ru\u010dke za ORCA\/EMIQ. Tekstura poput golf loptice. Kratke, ergonomske.<\/p>\n","protected":false},"featured_media":575666,"template":"","meta":{"_acf_changed":false},"product_brand":[],"product_cat":[13521],"product_tag":[],"class_list":{"0":"post-575636","1":"product","2":"type-product","3":"status-publish","4":"has-post-thumbnail","6":"product_cat-kmr-dijelovi","8":"first","9":"outofstock","10":"taxable","11":"shipping-taxable","12":"purchasable","13":"product-type-simple"},"acf":[],"_links":{"self":[{"href":"https:\/\/staging.nbg.eu\/hr\/wp-json\/wp\/v2\/product\/575636","targetHints":{"allow":["GET"]}}],"collection":[{"href":"https:\/\/staging.nbg.eu\/hr\/wp-json\/wp\/v2\/product"}],"about":[{"href":"https:\/\/staging.nbg.eu\/hr\/wp-json\/wp\/v2\/types\/product"}],"wp:featuredmedia":[{"embeddable":true,"href":"https:\/\/staging.nbg.eu\/hr\/wp-json\/wp\/v2\/media\/575666"}],"wp:attachment":[{"href":"https:\/\/staging.nbg.eu\/hr\/wp-json\/wp\/v2\/media?parent=575636"}],"wp:term":[{"taxonomy":"product_brand","embeddable":true,"href":"https:\/\/staging.nbg.eu\/hr\/wp-json\/wp\/v2\/product_brand?post=575636"},{"taxonomy":"product_cat","embeddable":true,"href":"https:\/\/staging.nbg.eu\/hr\/wp-json\/wp\/v2\/product_cat?post=575636"},{"taxonomy":"product_tag","embeddable":true,"href":"https:\/\/staging.nbg.eu\/hr\/wp-json\/wp\/v2\/product_tag?post=575636"}],"curies":[{"name":"wp","href":"https:\/\/api.w.org\/{rel}","templated":true}]}}