{"id":575531,"date":"2025-10-10T12:34:58","date_gmt":"2025-10-10T09:34:58","guid":{"rendered":"https:\/\/staging.nbg.eu\/product\/grips-kmr-l-dotmatrix-ergo-brass\/"},"modified":"2025-10-15T11:44:27","modified_gmt":"2025-10-15T08:44:27","slug":"rukohvati-kmr-l-dotmatrix-ergo-mesing","status":"publish","type":"product","link":"https:\/\/staging.nbg.eu\/hr\/proizvod\/rukohvati-kmr-l-dotmatrix-ergo-mesing\/","title":{"rendered":"RUKOHVATI KMR L DOTMATRIX ERGO MESING"},"content":{"rendered":"<h2>RUKOHVATI KMR S DOTMATRIX ERGO MJEDENI<\/h2>\n<p><strong>Referenca:<\/strong> 0611-03001-0316<\/p>\n<p><strong>Marka:<\/strong> KMR Precision Arms<\/p>\n<p>RUKOHVATI KMR S DOTMATRIX ERGO MJEDENI su dizajnirani za preciznost i udobnost. Kompatibilni su s razli\u010ditim KMR i CZ modelima, uklju\u010duju\u0107i KMR S-01 LANCE (OR), KMR S-02 (do 2023), CZ SHADOW 1, CZ SHADOW 2, CZ SHADOW 2 (OR) i CZ SP-01.<\/p>\n<p>Ovi rukohvati su pune du\u017eine bez magwella. Dotmatrix Ergo tekstura osigurava \u010dvrsto dr\u017eanje.<\/p>\n<p>Izra\u0111eni su od mjedi, \u0161to ih \u010dini izdr\u017eljivima.<\/p>\n","protected":false},"excerpt":{"rendered":"<p>Ergonomske mjedene ru\u010dke za KMR pi\u0161tolje. To\u010dkasta tekstura, puna veli\u010dina.<\/p>\n","protected":false},"featured_media":575556,"template":"","meta":{"_acf_changed":false},"product_brand":[],"product_cat":[13521],"product_tag":[],"class_list":{"0":"post-575531","1":"product","2":"type-product","3":"status-publish","4":"has-post-thumbnail","6":"product_cat-kmr-dijelovi","8":"first","9":"instock","10":"taxable","11":"shipping-taxable","12":"purchasable","13":"product-type-simple"},"acf":[],"_links":{"self":[{"href":"https:\/\/staging.nbg.eu\/hr\/wp-json\/wp\/v2\/product\/575531","targetHints":{"allow":["GET"]}}],"collection":[{"href":"https:\/\/staging.nbg.eu\/hr\/wp-json\/wp\/v2\/product"}],"about":[{"href":"https:\/\/staging.nbg.eu\/hr\/wp-json\/wp\/v2\/types\/product"}],"wp:featuredmedia":[{"embeddable":true,"href":"https:\/\/staging.nbg.eu\/hr\/wp-json\/wp\/v2\/media\/575556"}],"wp:attachment":[{"href":"https:\/\/staging.nbg.eu\/hr\/wp-json\/wp\/v2\/media?parent=575531"}],"wp:term":[{"taxonomy":"product_brand","embeddable":true,"href":"https:\/\/staging.nbg.eu\/hr\/wp-json\/wp\/v2\/product_brand?post=575531"},{"taxonomy":"product_cat","embeddable":true,"href":"https:\/\/staging.nbg.eu\/hr\/wp-json\/wp\/v2\/product_cat?post=575531"},{"taxonomy":"product_tag","embeddable":true,"href":"https:\/\/staging.nbg.eu\/hr\/wp-json\/wp\/v2\/product_tag?post=575531"}],"curies":[{"name":"wp","href":"https:\/\/api.w.org\/{rel}","templated":true}]}}