{"id":575064,"date":"2025-10-10T12:34:49","date_gmt":"2025-10-10T09:34:49","guid":{"rendered":"https:\/\/staging.nbg.eu\/product\/grips-kmr-l-modular-brass\/"},"modified":"2025-10-15T11:28:27","modified_gmt":"2025-10-15T08:28:27","slug":"rukohvati-kmr-l-modularni-mesing","status":"publish","type":"product","link":"https:\/\/staging.nbg.eu\/hr\/proizvod\/rukohvati-kmr-l-modularni-mesing\/","title":{"rendered":"RUKOHVATI KMR L MODULARNI MESING"},"content":{"rendered":"<h2>RUKOHVAT KMR L MODULARNI MESINGANI<\/h2>\n<p><strong>Referenca:<\/strong> 0611-04101-0316<\/p>\n<p>RUKOHVAT KMR L MODULARNI MESINGANI je rukohvat pune veli\u010dine dizajniran za udobnost i kontrolu, koji odgovara va\u0161em KMR-u bez pro\u0161irenja za spremnik. Modularna tekstura omogu\u0107uje prilagodljiv i siguran hvat.<\/p>\n<h2>Kompatibilno oru\u017eje:<\/h2>\n<ul>\n<li>KMR L-02 SPECTRA (od 2024. nadalje)<\/li>\n<li>KMR L-02 SPECTRA (do 2023.)<\/li>\n<li>KMR L-02 UMBRA<\/li>\n<li>KMR L-02 UMBRA (od 2024. nadalje)<\/li>\n<li>KMR L-02 UMBRA (do 2023.)<\/li>\n<\/ul>\n<p>Ovaj rukohvat je dizajniran za pobolj\u0161ano rukovanje i performanse va\u0161eg KMR-a.<\/p>\n","protected":false},"excerpt":{"rendered":"<p>Modularni mesingani rukohvat pune veli\u010dine za KMR L-02 SPECTRA\/UMBRA modele.<\/p>\n","protected":false},"featured_media":575086,"template":"","meta":{"_acf_changed":false},"product_brand":[],"product_cat":[13521],"product_tag":[],"class_list":{"0":"post-575064","1":"product","2":"type-product","3":"status-publish","4":"has-post-thumbnail","6":"product_cat-kmr-dijelovi","8":"first","9":"instock","10":"taxable","11":"shipping-taxable","12":"purchasable","13":"product-type-simple"},"acf":[],"_links":{"self":[{"href":"https:\/\/staging.nbg.eu\/hr\/wp-json\/wp\/v2\/product\/575064","targetHints":{"allow":["GET"]}}],"collection":[{"href":"https:\/\/staging.nbg.eu\/hr\/wp-json\/wp\/v2\/product"}],"about":[{"href":"https:\/\/staging.nbg.eu\/hr\/wp-json\/wp\/v2\/types\/product"}],"wp:featuredmedia":[{"embeddable":true,"href":"https:\/\/staging.nbg.eu\/hr\/wp-json\/wp\/v2\/media\/575086"}],"wp:attachment":[{"href":"https:\/\/staging.nbg.eu\/hr\/wp-json\/wp\/v2\/media?parent=575064"}],"wp:term":[{"taxonomy":"product_brand","embeddable":true,"href":"https:\/\/staging.nbg.eu\/hr\/wp-json\/wp\/v2\/product_brand?post=575064"},{"taxonomy":"product_cat","embeddable":true,"href":"https:\/\/staging.nbg.eu\/hr\/wp-json\/wp\/v2\/product_cat?post=575064"},{"taxonomy":"product_tag","embeddable":true,"href":"https:\/\/staging.nbg.eu\/hr\/wp-json\/wp\/v2\/product_tag?post=575064"}],"curies":[{"name":"wp","href":"https:\/\/api.w.org\/{rel}","templated":true}]}}