{"id":574883,"date":"2025-10-10T12:34:48","date_gmt":"2025-10-10T09:34:48","guid":{"rendered":"https:\/\/staging.nbg.eu\/product\/trigger-kmr-sa-da-from-2024\/"},"modified":"2025-10-15T11:24:58","modified_gmt":"2025-10-15T08:24:58","slug":"okidac-kmr-sada-od-2024","status":"publish","type":"product","link":"https:\/\/staging.nbg.eu\/hr\/proizvod\/okidac-kmr-sada-od-2024\/","title":{"rendered":"OKIDAC KMR SA\/DA (od 2024)"},"content":{"rendered":"<h2>OKIDA\u010c KMR SA\/DA (od 2024)<\/h2>\n<h2>Referenca: 0861-01503-0900 | Marka: KMR Precision Arms<\/h2>\n<p>Zamjenski okida\u010d za KMR pi\u0161tolj. Dizajniran za sve KMR pi\u0161tolje s aluminijskim i \u010deli\u010dnim okvirom proizvedene od 2024. nadalje, ovaj SA\/DA \u010deli\u010dni okida\u010d nudi pobolj\u0161anu izvedbu i pouzdanost.<\/p>\n<ul>\n<li>Kompatibilan s osovinom okida\u010da od 3 mm<\/li>\n<li>Radi s L SA\/DA ili W SA\/DA polugom okida\u010da<\/li>\n<li>Tvorni\u010dki oblik okida\u010da s utorima za bolji hvat<\/li>\n<li>Odgovara KMR L-02 SPECTRA i UMBRA modelima (od 2024)<\/li>\n<li>Kompatibilan s KMR S-01 LANCE (OR) i S-02 (do 2023)<\/li>\n<li>Prikladan za KMR W-02 UMBRA<\/li>\n<\/ul>\n<p>Ovaj KMR okida\u010d visoke kvalitete.<\/p>\n","protected":false},"excerpt":{"rendered":"<p>Zamjenski \u010deli\u010dni okida\u010d SA\/DA za KMR pi\u0161tolje, s u\u017eljebljenim dizajnom.<\/p>\n","protected":false},"featured_media":574905,"template":"","meta":{"_acf_changed":false},"product_brand":[],"product_cat":[13521],"product_tag":[],"class_list":{"0":"post-574883","1":"product","2":"type-product","3":"status-publish","4":"has-post-thumbnail","6":"product_cat-kmr-dijelovi","8":"first","9":"instock","10":"taxable","11":"shipping-taxable","12":"purchasable","13":"product-type-simple"},"acf":[],"_links":{"self":[{"href":"https:\/\/staging.nbg.eu\/hr\/wp-json\/wp\/v2\/product\/574883","targetHints":{"allow":["GET"]}}],"collection":[{"href":"https:\/\/staging.nbg.eu\/hr\/wp-json\/wp\/v2\/product"}],"about":[{"href":"https:\/\/staging.nbg.eu\/hr\/wp-json\/wp\/v2\/types\/product"}],"wp:featuredmedia":[{"embeddable":true,"href":"https:\/\/staging.nbg.eu\/hr\/wp-json\/wp\/v2\/media\/574905"}],"wp:attachment":[{"href":"https:\/\/staging.nbg.eu\/hr\/wp-json\/wp\/v2\/media?parent=574883"}],"wp:term":[{"taxonomy":"product_brand","embeddable":true,"href":"https:\/\/staging.nbg.eu\/hr\/wp-json\/wp\/v2\/product_brand?post=574883"},{"taxonomy":"product_cat","embeddable":true,"href":"https:\/\/staging.nbg.eu\/hr\/wp-json\/wp\/v2\/product_cat?post=574883"},{"taxonomy":"product_tag","embeddable":true,"href":"https:\/\/staging.nbg.eu\/hr\/wp-json\/wp\/v2\/product_tag?post=574883"}],"curies":[{"name":"wp","href":"https:\/\/api.w.org\/{rel}","templated":true}]}}