{"id":574717,"date":"2025-10-10T12:34:45","date_gmt":"2025-10-10T09:34:45","guid":{"rendered":"https:\/\/staging.nbg.eu\/product\/trigger-kmr-sa-da-straight-from-2024\/"},"modified":"2025-10-15T11:10:39","modified_gmt":"2025-10-15T08:10:39","slug":"okidac-kmr-sada-ravni-od-2024","status":"publish","type":"product","link":"https:\/\/staging.nbg.eu\/hr\/proizvod\/okidac-kmr-sada-ravni-od-2024\/","title":{"rendered":"OKIDAC KMR SA\/DA RAVNI (od 2024)"},"content":{"rendered":"<h2>OKIDA\u010c KMR SA\/DA RAVAN (od 2024)<\/h2>\n<h2>Referenca: 0861-02301-0900<\/h2>\n<h3>Marka: KMR Precision Arms<\/h3>\n<p>OKIDA\u010c KMR SA\/DA RAVAN je dizajniran za KMR pi\u0161tolje proizvedene od 2024. nadalje. Ovaj zamjenski okida\u010d je kompatibilan s modelima aluminijskog i \u010deli\u010dnog okvira.<\/p>\n<ul>\n<li>Ravan dizajn okida\u010da<\/li>\n<li>Kompatibilan s 3 mm osovinom okida\u010da<\/li>\n<li>Radi s L SA\/DA ili W SA\/DA polugom okida\u010da<\/li>\n<li>\u010celi\u010dna konstrukcija<\/li>\n<li>Odgovara KMR modelima: L-02 SPECTRA, L-02 UMBRA, S-01 LANCE (OR), S-02 i W-02 UMBRA<\/li>\n<\/ul>\n<p>Ovaj ravni okida\u010d je dizajniran za rad u jednostrukom i dvostrukom na\u010dinu djelovanja.<\/p>\n","protected":false},"excerpt":{"rendered":"<p>Ravni SA\/DA \u010deli\u010dni okida\u010d za KMR pi\u0161tolje od 2024. godine. Kompatibilan s osovinom od 3 mm.<\/p>\n","protected":false},"featured_media":574746,"template":"","meta":{"_acf_changed":false},"product_brand":[],"product_cat":[13521],"product_tag":[],"class_list":{"0":"post-574717","1":"product","2":"type-product","3":"status-publish","4":"has-post-thumbnail","6":"product_cat-kmr-dijelovi","8":"first","9":"instock","10":"taxable","11":"shipping-taxable","12":"purchasable","13":"product-type-simple"},"acf":[],"_links":{"self":[{"href":"https:\/\/staging.nbg.eu\/hr\/wp-json\/wp\/v2\/product\/574717","targetHints":{"allow":["GET"]}}],"collection":[{"href":"https:\/\/staging.nbg.eu\/hr\/wp-json\/wp\/v2\/product"}],"about":[{"href":"https:\/\/staging.nbg.eu\/hr\/wp-json\/wp\/v2\/types\/product"}],"wp:featuredmedia":[{"embeddable":true,"href":"https:\/\/staging.nbg.eu\/hr\/wp-json\/wp\/v2\/media\/574746"}],"wp:attachment":[{"href":"https:\/\/staging.nbg.eu\/hr\/wp-json\/wp\/v2\/media?parent=574717"}],"wp:term":[{"taxonomy":"product_brand","embeddable":true,"href":"https:\/\/staging.nbg.eu\/hr\/wp-json\/wp\/v2\/product_brand?post=574717"},{"taxonomy":"product_cat","embeddable":true,"href":"https:\/\/staging.nbg.eu\/hr\/wp-json\/wp\/v2\/product_cat?post=574717"},{"taxonomy":"product_tag","embeddable":true,"href":"https:\/\/staging.nbg.eu\/hr\/wp-json\/wp\/v2\/product_tag?post=574717"}],"curies":[{"name":"wp","href":"https:\/\/api.w.org\/{rel}","templated":true}]}}