{"id":57323,"date":"2024-02-20T19:53:48","date_gmt":"2024-09-13T14:32:52","guid":{"rendered":"https:\/\/staging.nbg.eu\/product\/geissele-ar15-super-precision-30mm-extended\/"},"modified":"2024-09-13T14:33:40","modified_gmt":"2024-09-13T14:33:40","slug":"geissele-ar15-super-precision-30mm-produzeni","status":"publish","type":"product","link":"https:\/\/staging.nbg.eu\/hr\/proizvod\/geissele-ar15-super-precision-30mm-produzeni\/","title":{"rendered":"Geissele AR15 Super Precision 30mm, Produ\u017eeni"},"content":{"rendered":"<div class=\"product-description\">\n<h2>Geissele AR15 Super Precision\u00ae 30mm, produ\u017eeni<\/h2>\n<p>Dizajniran za AR-15\/M4 gornje dijelove, Geissele Super Precision\u00ae 30mm produ\u017eeni nosa\u010d nudi stabilnost i preciznost. Glavne zna\u010dajke uklju\u010duju:<\/p>\n<ul>\n<li>7-dijelna picatinny \u0161ina s 4 utora za sigurno montiranje<\/li>\n<li>Sustav stezanja matica i vijaka koji pru\u017ea 1.400 lbs sile po setu<\/li>\n<li>Izra\u0111en od jednog komada 7075-T6 aluminijske legure<\/li>\n<li>Pobolj\u0161ana \u010dvrsto\u0107a i krutost kroz strate\u0161ko oblikovanje<\/li>\n<li>Precizno izra\u0111eni poklopci za bolju prilagodbu i za\u0161titu optike<\/li>\n<li>Razli\u010dite lokacije poklopaca za prilagodbu raznim dizajnima optike<\/li>\n<\/ul>\n<p>Ovaj nosa\u010d optike nudi to\u010dnost povratka na nulu i izdr\u017eljivost, dizajniran za izdr\u017eavanje te\u0161kih uvjeta.<\/p>\n<\/div>\n","protected":false},"excerpt":{"rendered":"<p>Precizni 30mm nosa\u010d za optiku za AR-15. Siguran, izdr\u017eljiv, od 7075-T6 aluminija.<\/p>\n","protected":false},"featured_media":57324,"template":"","meta":{"_acf_changed":false},"product_brand":[11375],"product_cat":[13569],"product_tag":[],"class_list":{"0":"post-57323","1":"product","2":"type-product","3":"status-publish","4":"has-post-thumbnail","6":"product_brand-geissele","7":"product_cat-puska","9":"first","10":"instock","11":"taxable","12":"shipping-taxable","13":"product-type-variable","14":"wvs-archive-product-wrapper"},"acf":[],"_links":{"self":[{"href":"https:\/\/staging.nbg.eu\/hr\/wp-json\/wp\/v2\/product\/57323","targetHints":{"allow":["GET"]}}],"collection":[{"href":"https:\/\/staging.nbg.eu\/hr\/wp-json\/wp\/v2\/product"}],"about":[{"href":"https:\/\/staging.nbg.eu\/hr\/wp-json\/wp\/v2\/types\/product"}],"wp:featuredmedia":[{"embeddable":true,"href":"https:\/\/staging.nbg.eu\/hr\/wp-json\/wp\/v2\/media\/57324"}],"wp:attachment":[{"href":"https:\/\/staging.nbg.eu\/hr\/wp-json\/wp\/v2\/media?parent=57323"}],"wp:term":[{"taxonomy":"product_brand","embeddable":true,"href":"https:\/\/staging.nbg.eu\/hr\/wp-json\/wp\/v2\/product_brand?post=57323"},{"taxonomy":"product_cat","embeddable":true,"href":"https:\/\/staging.nbg.eu\/hr\/wp-json\/wp\/v2\/product_cat?post=57323"},{"taxonomy":"product_tag","embeddable":true,"href":"https:\/\/staging.nbg.eu\/hr\/wp-json\/wp\/v2\/product_tag?post=57323"}],"curies":[{"name":"wp","href":"https:\/\/api.w.org\/{rel}","templated":true}]}}