{"id":572771,"date":"2025-10-10T23:44:24","date_gmt":"2025-10-10T20:44:24","guid":{"rendered":"https:\/\/staging.nbg.eu\/product\/e-arthur-brown-company-inc-knob-s-lever-for-harris-type-bipods\/"},"modified":"2025-10-15T00:50:03","modified_gmt":"2025-10-14T21:50:03","slug":"e-arthur-brown-company-inc-gumb-s-poluga-za-harris-dvonozac","status":"publish","type":"product","link":"https:\/\/staging.nbg.eu\/hr\/proizvod\/e-arthur-brown-company-inc-gumb-s-poluga-za-harris-dvonozac\/","title":{"rendered":"E. ARTHUR BROWN COMPANY, INC. GUMB S-POLUGA ZA HARRIS DVONOZAC"},"content":{"rendered":"<h2>E. Arthur Brown Company S-Lever\u00ae Zateza\u010d<\/h2>\n<p>Nadogradite svoj Harris ili Caldwell XLA dvono\u017eac s Original S-Lever\u00ae Zateza\u010dem. Ova zamjena za standardni frikcijski gumb nudi:<\/p>\n<ul>\n<li>Pobolj\u0161anu kontrolu i polugu za pode\u0161avanje nagiba<\/li>\n<li>Mogu\u0107nost finog pode\u0161avanja za precizno pozicioniranje<\/li>\n<li>Izdr\u017eljivu konstrukciju od najlona oja\u010danog vlaknima<\/li>\n<li>Sigurnosni dizajn koji se savija ili lomi pod ekstremnim stresom<\/li>\n<li>Jednostavan proces instalacije s uklju\u010denim uputama<\/li>\n<li>Proizvedeno u SAD-u<\/li>\n<\/ul>\n<p>Dizajniran za S-Type Harris i Caldwell XLA dvono\u0161ce, ova crna aluminijska poluga omogu\u0107uje brza i jednostavna pode\u0161avanja dvono\u0161ca na terenu. Pobolj\u0161ajte svoje iskustvo pucanja s E. Arthur Brown Company S-Lever\u00ae Zateza\u010dem.<\/p>\n","protected":false},"excerpt":{"rendered":"<p>Ergonomska S-poluga za lako pode\u0161avanje nagiba bipoda na bipodima Harris tipa.<\/p>\n","protected":false},"featured_media":572901,"template":"","meta":{"_acf_changed":false},"product_brand":[],"product_cat":[13562],"product_tag":[],"class_list":{"0":"post-572771","1":"product","2":"type-product","3":"status-publish","4":"has-post-thumbnail","6":"product_cat-dvonosci","8":"first","9":"instock","10":"taxable","11":"shipping-taxable","12":"purchasable","13":"product-type-simple"},"acf":[],"_links":{"self":[{"href":"https:\/\/staging.nbg.eu\/hr\/wp-json\/wp\/v2\/product\/572771","targetHints":{"allow":["GET"]}}],"collection":[{"href":"https:\/\/staging.nbg.eu\/hr\/wp-json\/wp\/v2\/product"}],"about":[{"href":"https:\/\/staging.nbg.eu\/hr\/wp-json\/wp\/v2\/types\/product"}],"wp:featuredmedia":[{"embeddable":true,"href":"https:\/\/staging.nbg.eu\/hr\/wp-json\/wp\/v2\/media\/572901"}],"wp:attachment":[{"href":"https:\/\/staging.nbg.eu\/hr\/wp-json\/wp\/v2\/media?parent=572771"}],"wp:term":[{"taxonomy":"product_brand","embeddable":true,"href":"https:\/\/staging.nbg.eu\/hr\/wp-json\/wp\/v2\/product_brand?post=572771"},{"taxonomy":"product_cat","embeddable":true,"href":"https:\/\/staging.nbg.eu\/hr\/wp-json\/wp\/v2\/product_cat?post=572771"},{"taxonomy":"product_tag","embeddable":true,"href":"https:\/\/staging.nbg.eu\/hr\/wp-json\/wp\/v2\/product_tag?post=572771"}],"curies":[{"name":"wp","href":"https:\/\/api.w.org\/{rel}","templated":true}]}}