{"id":56857,"date":"2024-02-20T20:01:55","date_gmt":"2024-09-13T14:29:02","guid":{"rendered":"https:\/\/staging.nbg.eu\/product\/geissele-ar15-super-precision-34mm-extended\/"},"modified":"2024-09-13T14:30:00","modified_gmt":"2024-09-13T14:30:00","slug":"geissele-ar15-super-precision-34mm-produzeni","status":"publish","type":"product","link":"https:\/\/staging.nbg.eu\/hr\/proizvod\/geissele-ar15-super-precision-34mm-produzeni\/","title":{"rendered":"Geissele AR15 Super Precision 34mm, Produ\u017eeni"},"content":{"rendered":"<div class=\"product-description\">\n<h2>Geissele AR15 Super Precision\u00ae 34mm, Produ\u017eeni<\/h2>\n<p>Geissele Super Precision\u00ae 34mm Produ\u017eeni nosa\u010d optike za AR-15\/M4. Karakteristike ovog nosa\u010da uklju\u010duju:<\/p>\n<ul>\n<li>7 picatinny sekcija s 4 popre\u010dna rebra za stabilnost<\/li>\n<li>Sustav stezanja s maticom i vijkom, pru\u017ea 1.400 lbs sile po paru<\/li>\n<li>Izra\u0111en od jednog komada 7075-T6 aluminijske legure<\/li>\n<li>Pove\u0107ana krutost kroz strate\u0161ko oblikovanje i rebra<\/li>\n<li>Linijski bu\u0161ene kapice za precizno pristajanje optike<\/li>\n<li>Serijski numerirane kapice za osiguranje poravnanja<\/li>\n<li>Dizajn prikladan za razli\u010dite vrste optika<\/li>\n<\/ul>\n<p>Geissele in\u017eenjerstvo osigurava preciznost i izdr\u017eljivost.<\/p>\n<\/div>\n","protected":false},"excerpt":{"rendered":"<p>Precizno izra\u0111en 34mm AR-15 nosa\u010d optike za nenadma\u0161nu stabilnost.<\/p>\n","protected":false},"featured_media":56859,"template":"","meta":{"_acf_changed":false},"product_brand":[11375],"product_cat":[13569],"product_tag":[],"class_list":{"0":"post-56857","1":"product","2":"type-product","3":"status-publish","4":"has-post-thumbnail","6":"product_brand-geissele","7":"product_cat-puska","9":"first","10":"instock","11":"taxable","12":"shipping-taxable","13":"product-type-variable","14":"wvs-archive-product-wrapper"},"acf":[],"_links":{"self":[{"href":"https:\/\/staging.nbg.eu\/hr\/wp-json\/wp\/v2\/product\/56857","targetHints":{"allow":["GET"]}}],"collection":[{"href":"https:\/\/staging.nbg.eu\/hr\/wp-json\/wp\/v2\/product"}],"about":[{"href":"https:\/\/staging.nbg.eu\/hr\/wp-json\/wp\/v2\/types\/product"}],"wp:featuredmedia":[{"embeddable":true,"href":"https:\/\/staging.nbg.eu\/hr\/wp-json\/wp\/v2\/media\/56859"}],"wp:attachment":[{"href":"https:\/\/staging.nbg.eu\/hr\/wp-json\/wp\/v2\/media?parent=56857"}],"wp:term":[{"taxonomy":"product_brand","embeddable":true,"href":"https:\/\/staging.nbg.eu\/hr\/wp-json\/wp\/v2\/product_brand?post=56857"},{"taxonomy":"product_cat","embeddable":true,"href":"https:\/\/staging.nbg.eu\/hr\/wp-json\/wp\/v2\/product_cat?post=56857"},{"taxonomy":"product_tag","embeddable":true,"href":"https:\/\/staging.nbg.eu\/hr\/wp-json\/wp\/v2\/product_tag?post=56857"}],"curies":[{"name":"wp","href":"https:\/\/api.w.org\/{rel}","templated":true}]}}