{"id":56571,"date":"2024-02-20T20:12:58","date_gmt":"2024-09-13T13:32:00","guid":{"rendered":"https:\/\/staging.nbg.eu\/product\/geissele-super-precision-scope-mount-30mm-for-ar-15-vortex-1-6\/"},"modified":"2024-09-13T13:32:45","modified_gmt":"2024-09-13T13:32:45","slug":"geissele-super-precision-nosac-nisana-30mm-za-ar-15-vortex-1-6","status":"publish","type":"product","link":"https:\/\/staging.nbg.eu\/hr\/proizvod\/geissele-super-precision-nosac-nisana-30mm-za-ar-15-vortex-1-6\/","title":{"rendered":"Geissele Super Precision nosa\u010d ni\u0161ana 30mm, za AR-15 (Vortex 1-6)"},"content":{"rendered":"<div class=\"description-text\">\n<div class=\"exerpt\">\n<p>Ovaj AR-15 nosa\u010d optike dio je Geissele SOPMOD certificirane serije koja uklju\u010duje Geissele proizvode koje trenutno koriste elitne vojne i protuteroristi\u010dke jedinice unutar Zapovjedni\u0161tva za specijalne operacije SAD-a (USSOCOM). SOPMOD je USSOCOM program koji omogu\u0107uje osoblju specijalnih operacija konfiguriranje oru\u017eja prema individualnim preferencijama i zahtjevima misije. Program je odobreni sustav dodataka za M4A1 karabin, FN SCAR Mk 16\/17 i drugo oru\u017eje koje koristi USSOCOM. Svaki Geissele proizvod u Geissele SOPMOD seriji pro\u0161ao je rigorozno testiranje i certifikaciju od strane USSOCOM-a. Ovi nosa\u010di optike izra\u0111eni su od jednog bloka aluminijske legure 7075-T6 zrakoplovne kvalitete te\u017eine 2 kg.<\/p>\n<p>Individualno numerirane kape optike su linijski bu\u0161ene s tijelom i izra\u0111ene u jednoj operaciji, stvaraju\u0107i najbolju mogu\u0107u prilagodbu tijelu optike. Geissele nosa\u010di su fiksirani koriste\u0107i klasi\u010dni, dokazani sustav matice i stezaljke, koji pru\u017ea 635 kg sile stezanja po matici. Ovaj sustav pru\u017ea do 3 puta ve\u0107u silu stezanja od bilo kojeg sustava s polugom, dok precizno izra\u0111eni smi\u010dni klinovi poma\u017eu fiksirati optiku na prijemniku tijekom trzaja. Povr\u0161ina za montiranje prote\u017ee se preko 8 picatinny sekcija.<\/p>\n<h2 style=\"text-align: center\"><strong>&#8212; SPECIFIKACIJE &#8212;<\/strong><\/h2>\n<table border=\"1\">\n<tbody>\n<tr>\n<td><strong>MATERIJAL: <\/strong><\/td>\n<td> 7075-T6<\/td>\n<\/tr>\n<tr>\n<td><strong>BOJA: <\/strong><\/td>\n<td> Crna<\/td>\n<\/tr>\n<tr>\n<td><strong>ZAVR\u0160NA OBRADA: <\/strong><\/td>\n<td> Tip-3 tvrdo anodiziranje<\/td>\n<\/tr>\n<tr>\n<td><strong>TE\u017dINA: <\/strong><\/td>\n<td> 201 g<\/td>\n<\/tr>\n<tr>\n<td><strong>VELI\u010cINA PRSTENA: <\/strong><\/td>\n<td> 30mm<\/td>\n<\/tr>\n<\/tbody>\n<\/table>\n<\/div>\n<\/div>\n","protected":false},"excerpt":{"rendered":"<p><strong>Dio Geissele SOPMOD certificirane serije<\/strong><\/p>\n","protected":false},"featured_media":56572,"template":"","meta":{"_acf_changed":false},"product_brand":[11375],"product_cat":[13569],"product_tag":[],"class_list":{"0":"post-56571","1":"product","2":"type-product","3":"status-publish","4":"has-post-thumbnail","6":"product_brand-geissele","7":"product_cat-puska","9":"first","10":"instock","11":"taxable","12":"shipping-taxable","13":"product-type-variable","14":"wvs-archive-product-wrapper"},"acf":[],"_links":{"self":[{"href":"https:\/\/staging.nbg.eu\/hr\/wp-json\/wp\/v2\/product\/56571","targetHints":{"allow":["GET"]}}],"collection":[{"href":"https:\/\/staging.nbg.eu\/hr\/wp-json\/wp\/v2\/product"}],"about":[{"href":"https:\/\/staging.nbg.eu\/hr\/wp-json\/wp\/v2\/types\/product"}],"wp:featuredmedia":[{"embeddable":true,"href":"https:\/\/staging.nbg.eu\/hr\/wp-json\/wp\/v2\/media\/56572"}],"wp:attachment":[{"href":"https:\/\/staging.nbg.eu\/hr\/wp-json\/wp\/v2\/media?parent=56571"}],"wp:term":[{"taxonomy":"product_brand","embeddable":true,"href":"https:\/\/staging.nbg.eu\/hr\/wp-json\/wp\/v2\/product_brand?post=56571"},{"taxonomy":"product_cat","embeddable":true,"href":"https:\/\/staging.nbg.eu\/hr\/wp-json\/wp\/v2\/product_cat?post=56571"},{"taxonomy":"product_tag","embeddable":true,"href":"https:\/\/staging.nbg.eu\/hr\/wp-json\/wp\/v2\/product_tag?post=56571"}],"curies":[{"name":"wp","href":"https:\/\/api.w.org\/{rel}","templated":true}]}}