{"id":56467,"date":"2024-02-20T20:21:46","date_gmt":"2024-09-13T13:26:33","guid":{"rendered":"https:\/\/staging.nbg.eu\/product\/geissele-super-precision-zero-compromise-scope-mount-36mm-black\/"},"modified":"2024-09-13T13:27:13","modified_gmt":"2024-09-13T13:27:13","slug":"geissele-super-precision-zero-compromise-nosac-nisana-36mm-crni","status":"publish","type":"product","link":"https:\/\/staging.nbg.eu\/hr\/proizvod\/geissele-super-precision-zero-compromise-nosac-nisana-36mm-crni\/","title":{"rendered":"Geissele Super Precision &#8211; Zero Compromise nosa\u010d ni\u0161ana, 36mm &#8211; Crni"},"content":{"rendered":"<div class=\"product-description\">\n<h2>Geissele Super Precision\u00ae &#8211; Nosa\u010d optike Zero Compromise, 36mm &#8211; Crni<\/h2>\n<p>Dizajniran za seriju optike Zero Compromise ZC420, ovaj nosa\u010d je izbor za strijelce na ekstremnim udaljenostima. Zna\u010dajke uklju\u010duju:<\/p>\n<ul>\n<li>20 MOA (5,7 MIL) ugra\u0111enog nagiba za pro\u0161irene raspone elevacije<\/li>\n<li>2,5&#8243; produ\u017eeni konzolni dizajn za optimalan odmak oka<\/li>\n<li>Precizno izra\u0111eni klinovi za stabilnost<\/li>\n<li>1.400 lbs stezne sile koriste\u0107i Geisseleov a\u017eurirani sustav matica i vijaka<\/li>\n<li>Brza instalacija i uklanjanje uobi\u010dajenim alatima<\/li>\n<li>Mogu\u0107nost povratka na nultu to\u010dku<\/li>\n<li>Kompaktan dizajn za izdr\u017eljivost i u\u010dinkovitost<\/li>\n<\/ul>\n<p>Geissele Super Precision\u00ae Zero Compromise nosa\u010d optike nudi preciznost i pouzdanost.<\/p>\n<\/div>\n","protected":false},"excerpt":{"rendered":"<p>Robusni 36mm nosa\u010d optike za precizno ga\u0111anje na ekstremno velike udaljenosti.<\/p>\n","protected":false},"featured_media":56468,"template":"","meta":{"_acf_changed":false},"product_brand":[11375],"product_cat":[13569],"product_tag":[],"class_list":{"0":"post-56467","1":"product","2":"type-product","3":"status-publish","4":"has-post-thumbnail","6":"product_brand-geissele","7":"product_cat-puska","9":"first","10":"instock","11":"taxable","12":"shipping-taxable","13":"product-type-simple"},"acf":[],"_links":{"self":[{"href":"https:\/\/staging.nbg.eu\/hr\/wp-json\/wp\/v2\/product\/56467","targetHints":{"allow":["GET"]}}],"collection":[{"href":"https:\/\/staging.nbg.eu\/hr\/wp-json\/wp\/v2\/product"}],"about":[{"href":"https:\/\/staging.nbg.eu\/hr\/wp-json\/wp\/v2\/types\/product"}],"wp:featuredmedia":[{"embeddable":true,"href":"https:\/\/staging.nbg.eu\/hr\/wp-json\/wp\/v2\/media\/56468"}],"wp:attachment":[{"href":"https:\/\/staging.nbg.eu\/hr\/wp-json\/wp\/v2\/media?parent=56467"}],"wp:term":[{"taxonomy":"product_brand","embeddable":true,"href":"https:\/\/staging.nbg.eu\/hr\/wp-json\/wp\/v2\/product_brand?post=56467"},{"taxonomy":"product_cat","embeddable":true,"href":"https:\/\/staging.nbg.eu\/hr\/wp-json\/wp\/v2\/product_cat?post=56467"},{"taxonomy":"product_tag","embeddable":true,"href":"https:\/\/staging.nbg.eu\/hr\/wp-json\/wp\/v2\/product_tag?post=56467"}],"curies":[{"name":"wp","href":"https:\/\/api.w.org\/{rel}","templated":true}]}}