{"id":56362,"date":"2024-02-23T19:02:45","date_gmt":"2024-09-13T13:22:20","guid":{"rendered":"https:\/\/staging.nbg.eu\/product\/fox-classic-hunter-5-6-mm-505560-gr\/"},"modified":"2024-09-13T13:23:06","modified_gmt":"2024-09-13T13:23:06","slug":"fox-classic-hunter-56-mm-505560-gr","status":"publish","type":"product","link":"https:\/\/staging.nbg.eu\/hr\/proizvod\/fox-classic-hunter-56-mm-505560-gr\/","title":{"rendered":"Fox Classic Hunter 5.6 mm (50,55,60 gr)"},"content":{"rendered":"<div class=\"product-description\">\n<h2>Fox Classic Hunter<\/h2>\n<p>Fox Classic Hunter je metak bez olova namijenjen europskim lovcima za razli\u010dite lovne situacije. Prikladan je za lov na divlje svinje u pogonu ili za lov na divokozje u planinama. Ovaj metak od legure bakra i cinka pru\u017ea dobru u\u010dinkovitost.<\/p>\n<ul>\n<li>Sastav bez olova za ekolo\u0161ku svijest<\/li>\n<li>Deformacija pri ni\u017eim udarnim brzinama (500 m\/s)<\/li>\n<li>\u017dljebasti dizajn za smanjenje tlaka u cijevi i pove\u0107anje brzine<\/li>\n<li>Termostabilni plasti\u010dni vrh pobolj\u0161ava balistiku i krajnji u\u010dinak<\/li>\n<li>Kontrolirano \u0161irenje za optimalan prijenos energije<\/li>\n<li>Deformacija u obliku gljive do dvostrukog promjera kalibra<\/li>\n<li>Visoka zaustavna mo\u0107 uz minimalno o\u0161te\u0107enje mesa<\/li>\n<\/ul>\n<p>Fox Classic Hunter je izbor za eti\u010dan i u\u010dinkovit lov diljem Europe.<\/p>\n<\/div>\n","protected":false},"excerpt":{"rendered":"<p>Metak od bakra i cinka bez olova za svestranu upotrebu u lovu. Brzo \u0161irenje, visoka preciznost.<\/p>\n","protected":false},"featured_media":56363,"template":"","meta":{"_acf_changed":false},"product_brand":[11330],"product_cat":[13565],"product_tag":[],"class_list":{"0":"post-56362","1":"product","2":"type-product","3":"status-publish","4":"has-post-thumbnail","6":"product_brand-fox-bullets","7":"product_cat-punjenje-metaka","9":"first","10":"instock","11":"taxable","12":"shipping-taxable","13":"purchasable","14":"product-type-variable","15":"wvs-archive-product-wrapper"},"acf":[],"_links":{"self":[{"href":"https:\/\/staging.nbg.eu\/hr\/wp-json\/wp\/v2\/product\/56362","targetHints":{"allow":["GET"]}}],"collection":[{"href":"https:\/\/staging.nbg.eu\/hr\/wp-json\/wp\/v2\/product"}],"about":[{"href":"https:\/\/staging.nbg.eu\/hr\/wp-json\/wp\/v2\/types\/product"}],"wp:featuredmedia":[{"embeddable":true,"href":"https:\/\/staging.nbg.eu\/hr\/wp-json\/wp\/v2\/media\/56363"}],"wp:attachment":[{"href":"https:\/\/staging.nbg.eu\/hr\/wp-json\/wp\/v2\/media?parent=56362"}],"wp:term":[{"taxonomy":"product_brand","embeddable":true,"href":"https:\/\/staging.nbg.eu\/hr\/wp-json\/wp\/v2\/product_brand?post=56362"},{"taxonomy":"product_cat","embeddable":true,"href":"https:\/\/staging.nbg.eu\/hr\/wp-json\/wp\/v2\/product_cat?post=56362"},{"taxonomy":"product_tag","embeddable":true,"href":"https:\/\/staging.nbg.eu\/hr\/wp-json\/wp\/v2\/product_tag?post=56362"}],"curies":[{"name":"wp","href":"https:\/\/api.w.org\/{rel}","templated":true}]}}