{"id":56149,"date":"2024-02-24T19:52:23","date_gmt":"2024-09-13T13:19:49","guid":{"rendered":"https:\/\/staging.nbg.eu\/product\/fox-classic-hunter-65-mm-139-gr\/"},"modified":"2024-09-13T13:20:35","modified_gmt":"2024-09-13T13:20:35","slug":"fox-classic-hunter-65-mm-139-gr","status":"publish","type":"product","link":"https:\/\/staging.nbg.eu\/hr\/proizvod\/fox-classic-hunter-65-mm-139-gr\/","title":{"rendered":"Fox Classic Hunter 6,5 mm (139 gr)"},"content":{"rendered":"<div class=\"product-description\">\n<h2>Fox Classic Hunter<\/h2>\n<p>Fox Classic Hunter je metak bez olova namijenjen europskim lovcima za razli\u010dite lova\u010dke situacije. Prikladan je za lov na divlje svinje i divokoz\u0435 u planinama. Ovaj metak od legure bakra i cinka pru\u017ea dobru u\u010dinkovitost.<\/p>\n<ul>\n<li>Sastav bez olova za o\u010duvanje okoli\u0161a<\/li>\n<li>U\u010dinkovita deformacija pri ni\u017eim udarnim brzinama (500 m\/s)<\/li>\n<li>Dizajn s utorima za smanjenje tlaka u cijevi i pove\u0107anje brzine<\/li>\n<li>Termostabilni plasti\u010dni vrh pobolj\u0161ava balistiku i krajnji u\u010dinak<\/li>\n<li>Kontrolirano \u0161irenje za optimalan prijenos energije<\/li>\n<li>Deformacija u obliku gljive do dvostrukog promjera kalibra<\/li>\n<li>Velika zaustavna mo\u0107 s minimalnim o\u0161te\u0107enjem mesa<\/li>\n<\/ul>\n<p>Fox Classic Hunter je izbor za eti\u010dan i u\u010dinkovit lov diljem Europe.<\/p>\n<\/div>\n","protected":false},"excerpt":{"rendered":"<p>Olovno slobodno zrno od bakrene legure za svestrani lov. Brzo \u0161irenje, visoka preciznost.<\/p>\n","protected":false},"featured_media":56150,"template":"","meta":{"_acf_changed":false},"product_brand":[11330],"product_cat":[13565],"product_tag":[],"class_list":{"0":"post-56149","1":"product","2":"type-product","3":"status-publish","4":"has-post-thumbnail","6":"product_brand-fox-bullets","7":"product_cat-punjenje-metaka","9":"first","10":"instock","11":"taxable","12":"shipping-taxable","13":"purchasable","14":"product-type-variable","15":"wvs-archive-product-wrapper"},"acf":[],"_links":{"self":[{"href":"https:\/\/staging.nbg.eu\/hr\/wp-json\/wp\/v2\/product\/56149","targetHints":{"allow":["GET"]}}],"collection":[{"href":"https:\/\/staging.nbg.eu\/hr\/wp-json\/wp\/v2\/product"}],"about":[{"href":"https:\/\/staging.nbg.eu\/hr\/wp-json\/wp\/v2\/types\/product"}],"wp:featuredmedia":[{"embeddable":true,"href":"https:\/\/staging.nbg.eu\/hr\/wp-json\/wp\/v2\/media\/56150"}],"wp:attachment":[{"href":"https:\/\/staging.nbg.eu\/hr\/wp-json\/wp\/v2\/media?parent=56149"}],"wp:term":[{"taxonomy":"product_brand","embeddable":true,"href":"https:\/\/staging.nbg.eu\/hr\/wp-json\/wp\/v2\/product_brand?post=56149"},{"taxonomy":"product_cat","embeddable":true,"href":"https:\/\/staging.nbg.eu\/hr\/wp-json\/wp\/v2\/product_cat?post=56149"},{"taxonomy":"product_tag","embeddable":true,"href":"https:\/\/staging.nbg.eu\/hr\/wp-json\/wp\/v2\/product_tag?post=56149"}],"curies":[{"name":"wp","href":"https:\/\/api.w.org\/{rel}","templated":true}]}}