{"id":554444,"date":"2025-09-05T18:19:19","date_gmt":"2025-09-05T15:19:19","guid":{"rendered":"https:\/\/staging.nbg.eu\/product\/magpul-enhanced-ejection-port-cover-for-ar-15\/"},"modified":"2025-10-01T16:37:12","modified_gmt":"2025-10-01T13:37:12","slug":"magpul-pojacani-poklopac-izbacivaca-za-ar-15","status":"publish","type":"product","link":"https:\/\/staging.nbg.eu\/hr\/proizvod\/magpul-pojacani-poklopac-izbacivaca-za-ar-15\/","title":{"rendered":"MAGPUL POJACANI POKLOPAC IZBACIVACA ZA AR-15"},"content":{"rendered":"<div class=\"product-description\">\n<h2>Magpul Pobolj\u0161ani poklopac otvora za izbacivanje za AR-15<\/h2>\n<p>Magpul Pobolj\u0161ani poklopac otvora za izbacivanje je komponenta za AR-15 dizajnirana za izdr\u017eljivost i jednostavnu upotrebu. Ovaj poklopac za pra\u0161inu ima sljede\u0107e zna\u010dajke:<\/p>\n<ul>\n<li>Izrada od polimera otpornog na koroziju i udarce<\/li>\n<li>Jednostavna instalacija bez uklanjanja rukohvata, matice cijevi, c-kop\u010di ili opruga<\/li>\n<li>Kompatibilnost s AR-15 platformama kalibra .223 Remington\/5.56<\/li>\n<li>Crna zavr\u0161na obrada<\/li>\n<\/ul>\n<p>Magpul Pobolj\u0161ani poklopac otvora za izbacivanje nudi jednostavnu instalaciju i odr\u017eavanje za va\u0161u AR-15 pu\u0161ku.<\/p>\n<\/div>\n","protected":false},"excerpt":{"rendered":"<p>Poklopac za za\u0161titu od pra\u0161ine za AR-15 koji se lako postavlja, otporan na koroziju. Jednostavna ugradnja.<\/p>\n","protected":false},"featured_media":499438,"template":"","meta":{"_acf_changed":false},"product_brand":[],"product_cat":[13530,13569,13518],"product_tag":[],"class_list":{"0":"post-554444","1":"product","2":"type-product","3":"status-publish","4":"has-post-thumbnail","6":"product_cat-ar-tuning","7":"product_cat-puska","8":"product_cat-rifle-tuning","10":"first","11":"instock","12":"taxable","13":"shipping-taxable","14":"purchasable","15":"product-type-simple"},"acf":[],"_links":{"self":[{"href":"https:\/\/staging.nbg.eu\/hr\/wp-json\/wp\/v2\/product\/554444","targetHints":{"allow":["GET"]}}],"collection":[{"href":"https:\/\/staging.nbg.eu\/hr\/wp-json\/wp\/v2\/product"}],"about":[{"href":"https:\/\/staging.nbg.eu\/hr\/wp-json\/wp\/v2\/types\/product"}],"wp:featuredmedia":[{"embeddable":true,"href":"https:\/\/staging.nbg.eu\/hr\/wp-json\/wp\/v2\/media\/499438"}],"wp:attachment":[{"href":"https:\/\/staging.nbg.eu\/hr\/wp-json\/wp\/v2\/media?parent=554444"}],"wp:term":[{"taxonomy":"product_brand","embeddable":true,"href":"https:\/\/staging.nbg.eu\/hr\/wp-json\/wp\/v2\/product_brand?post=554444"},{"taxonomy":"product_cat","embeddable":true,"href":"https:\/\/staging.nbg.eu\/hr\/wp-json\/wp\/v2\/product_cat?post=554444"},{"taxonomy":"product_tag","embeddable":true,"href":"https:\/\/staging.nbg.eu\/hr\/wp-json\/wp\/v2\/product_tag?post=554444"}],"curies":[{"name":"wp","href":"https:\/\/api.w.org\/{rel}","templated":true}]}}