{"id":554251,"date":"2025-09-06T16:21:27","date_gmt":"2025-09-06T13:21:27","guid":{"rendered":"https:\/\/staging.nbg.eu\/product\/armazone-q-r-viper-30mm\/"},"modified":"2025-10-01T16:25:49","modified_gmt":"2025-10-01T13:25:49","slug":"armazone-q-r-viper-30mm","status":"publish","type":"product","link":"https:\/\/staging.nbg.eu\/hr\/proizvod\/armazone-q-r-viper-30mm\/","title":{"rendered":"Armazone Q-R Viper 30mm"},"content":{"rendered":"<h2>Armazone Q-R Viper 30mm<\/h2>\n<p>Armazone Q-R Viper 30mm je adapter za brzo postavljanje namijenjen ure\u0111ajima s navojem M33.5\u00d70.75. Ovaj jednodijelni stezni adapter omogu\u0107uje integraciju ure\u0111aja za no\u0107no ili termalno snimanje s razli\u010ditim dnevnim ciljnicima.<\/p>\n<h2>Glavne zna\u010dajke:<\/h2>\n<ul>\n<li>Poluga za brzo zaklju\u010davanje za jednostavno postavljanje i uklanjanje<\/li>\n<li>Pode\u0161avanje i instalacija bez alata<\/li>\n<li>Posebna ArmaZone traka za smanjenje buke tijekom monta\u017ee i pucanja<\/li>\n<li>Kompatibilan s Nitehog termalnim ure\u0111ajima<\/li>\n<li>Kompenzira do 1mm odstupanja prema dolje<\/li>\n<\/ul>\n<p>Armazone Q-R Viper 30mm je rje\u0161enje za profesionalne strijelce i lovce koji tra\u017ee pobolj\u0161ane no\u0107ne mogu\u0107nosti.<\/p>\n","protected":false},"excerpt":{"rendered":"<p>Adapter za brzo spajanje termalnih ure\u0111aja na Nitehog opti\u010dke ciljnike. Bez potrebe za alatom.<\/p>\n","protected":false},"featured_media":499527,"template":"","meta":{"_acf_changed":false},"product_brand":[],"product_cat":[13545,13502,13500],"product_tag":[],"class_list":{"0":"post-554251","1":"product","2":"type-product","3":"status-publish","4":"has-post-thumbnail","6":"product_cat-nisanjenje","7":"product_cat-pribor-za-nisanjenje","8":"product_cat-termalni","10":"first","11":"instock","12":"taxable","13":"shipping-taxable","14":"purchasable","15":"product-type-simple"},"acf":[],"_links":{"self":[{"href":"https:\/\/staging.nbg.eu\/hr\/wp-json\/wp\/v2\/product\/554251","targetHints":{"allow":["GET"]}}],"collection":[{"href":"https:\/\/staging.nbg.eu\/hr\/wp-json\/wp\/v2\/product"}],"about":[{"href":"https:\/\/staging.nbg.eu\/hr\/wp-json\/wp\/v2\/types\/product"}],"wp:featuredmedia":[{"embeddable":true,"href":"https:\/\/staging.nbg.eu\/hr\/wp-json\/wp\/v2\/media\/499527"}],"wp:attachment":[{"href":"https:\/\/staging.nbg.eu\/hr\/wp-json\/wp\/v2\/media?parent=554251"}],"wp:term":[{"taxonomy":"product_brand","embeddable":true,"href":"https:\/\/staging.nbg.eu\/hr\/wp-json\/wp\/v2\/product_brand?post=554251"},{"taxonomy":"product_cat","embeddable":true,"href":"https:\/\/staging.nbg.eu\/hr\/wp-json\/wp\/v2\/product_cat?post=554251"},{"taxonomy":"product_tag","embeddable":true,"href":"https:\/\/staging.nbg.eu\/hr\/wp-json\/wp\/v2\/product_tag?post=554251"}],"curies":[{"name":"wp","href":"https:\/\/api.w.org\/{rel}","templated":true}]}}