{"id":54993,"date":"2024-03-01T10:28:01","date_gmt":"2024-09-13T13:08:08","guid":{"rendered":"https:\/\/staging.nbg.eu\/product\/fox-ammunition-300winmag\/"},"modified":"2024-09-13T13:08:53","modified_gmt":"2024-09-13T13:08:53","slug":"fox-municija-300winmag","status":"publish","type":"product","link":"https:\/\/staging.nbg.eu\/hr\/proizvod\/fox-municija-300winmag\/","title":{"rendered":"Fox Municija .300winmag"},"content":{"rendered":"<div class=\"product-description\">\n<h2>Fox Classic Hunter streljivo<\/h2>\n<p>Fox Classic Hunter metci su bez olova, namijenjeni svim europskim lova\u010dkim scenarijima. Izra\u0111eni su od legure bakra i cinka i nude:<\/p>\n<ul>\n<li>U\u010dinkovitost od lova na divlje svinje iz blizine do planinskih pucnjeva na velike udaljenosti<\/li>\n<li>Pouzdanu deformaciju pri ni\u017eim udarnim brzinama (500 m\/s)<\/li>\n<li>\u017dlijebljeni dizajn za smanjeni pritisak u cijevi i pove\u0107anu brzinu<\/li>\n<li>Termostabilni plasti\u010dni vrh za pobolj\u0161anu balistiku i terminalni u\u010dinak<\/li>\n<li>Kontrolirano \u0161irenje za u\u010dinkovit prijenos energije i zaustavnu mo\u0107<\/li>\n<li>Deformaciju u obliku gljive do dvostrukog promjera kalibra<\/li>\n<li>Zadr\u017eavanje mase od 95%+ u normalnim uvjetima penetracije<\/li>\n<li>Dobro o\u010duvanje mesa<\/li>\n<\/ul>\n<p>Fox Classic Hunter streljivo nudi dobru u\u010dinkovitost i eti\u010dki lov.<\/p>\n<\/div>\n","protected":false},"excerpt":{"rendered":"<p>Streljivo bez olova za svestrani europski lov. Precizno i u\u010dinkovito.<\/p>\n","protected":false},"featured_media":54994,"template":"","meta":{"_acf_changed":false},"product_brand":[11330],"product_cat":[13544,13581],"product_tag":[],"class_list":{"0":"post-54993","1":"product","2":"type-product","3":"status-publish","4":"has-post-thumbnail","6":"product_brand-fox-bullets","7":"product_cat-municija","8":"product_cat-puskovni-metak","10":"first","11":"instock","12":"taxable","13":"shipping-taxable","14":"purchasable","15":"product-type-simple"},"acf":[],"_links":{"self":[{"href":"https:\/\/staging.nbg.eu\/hr\/wp-json\/wp\/v2\/product\/54993","targetHints":{"allow":["GET"]}}],"collection":[{"href":"https:\/\/staging.nbg.eu\/hr\/wp-json\/wp\/v2\/product"}],"about":[{"href":"https:\/\/staging.nbg.eu\/hr\/wp-json\/wp\/v2\/types\/product"}],"wp:featuredmedia":[{"embeddable":true,"href":"https:\/\/staging.nbg.eu\/hr\/wp-json\/wp\/v2\/media\/54994"}],"wp:attachment":[{"href":"https:\/\/staging.nbg.eu\/hr\/wp-json\/wp\/v2\/media?parent=54993"}],"wp:term":[{"taxonomy":"product_brand","embeddable":true,"href":"https:\/\/staging.nbg.eu\/hr\/wp-json\/wp\/v2\/product_brand?post=54993"},{"taxonomy":"product_cat","embeddable":true,"href":"https:\/\/staging.nbg.eu\/hr\/wp-json\/wp\/v2\/product_cat?post=54993"},{"taxonomy":"product_tag","embeddable":true,"href":"https:\/\/staging.nbg.eu\/hr\/wp-json\/wp\/v2\/product_tag?post=54993"}],"curies":[{"name":"wp","href":"https:\/\/api.w.org\/{rel}","templated":true}]}}