{"id":547261,"date":"2025-09-05T18:17:28","date_gmt":"2025-09-05T15:17:28","guid":{"rendered":"https:\/\/staging.nbg.eu\/product\/armazone-viper-fts\/"},"modified":"2025-10-01T11:23:21","modified_gmt":"2025-10-01T08:23:21","slug":"okvir-viper-fts","status":"publish","type":"product","link":"https:\/\/staging.nbg.eu\/hr\/proizvod\/okvir-viper-fts\/","title":{"rendered":"Okvir Viper FTS"},"content":{"rendered":"<div class=\"product-description\">\n<h2>Armazone Viper FTS adapter<\/h2>\n<p>Armazone Viper FTS adapter je rje\u0161enje za montiranje ure\u0111aja za no\u0107no gledanje ili termalnog snimanja na Picatinny ili Weaver bazu. Ovaj adapter omogu\u0107uje:<\/p>\n<ul>\n<li>Postavljanje dodataka za termalno snimanje<\/li>\n<li>Integraciju s vidnim poljem dnevnog opti\u010dkog ciljnika<\/li>\n<li>Brze reakcije u razli\u010ditim situacijama ga\u0111anja<\/li>\n<li>Kompatibilnost s Picatinny i Weaver bazama<\/li>\n<li>Izdr\u017eljivu konstrukciju za upotrebu na terenu<\/li>\n<\/ul>\n<p>Armazone Viper FTS adapter je koristan za takti\u010dke operacije, lov ili sportsko ga\u0111anje. Ovaj adapter omogu\u0107uje kori\u0161tenje optike u uvjetima slabog osvjetljenja.<\/p>\n<\/div>\n","protected":false},"excerpt":{"rendered":"<p>Armazone Viper FTS: Brzi adapter za monta\u017eu termovizijskih\/no\u0107nih dodataka.<\/p>\n","protected":false},"featured_media":499300,"template":"","meta":{"_acf_changed":false},"product_brand":[],"product_cat":[13545,13502,13500],"product_tag":[],"class_list":{"0":"post-547261","1":"product","2":"type-product","3":"status-publish","4":"has-post-thumbnail","6":"product_cat-nisanjenje","7":"product_cat-pribor-za-nisanjenje","8":"product_cat-termalni","10":"first","11":"instock","12":"taxable","13":"shipping-taxable","14":"purchasable","15":"product-type-simple"},"acf":[],"_links":{"self":[{"href":"https:\/\/staging.nbg.eu\/hr\/wp-json\/wp\/v2\/product\/547261","targetHints":{"allow":["GET"]}}],"collection":[{"href":"https:\/\/staging.nbg.eu\/hr\/wp-json\/wp\/v2\/product"}],"about":[{"href":"https:\/\/staging.nbg.eu\/hr\/wp-json\/wp\/v2\/types\/product"}],"wp:featuredmedia":[{"embeddable":true,"href":"https:\/\/staging.nbg.eu\/hr\/wp-json\/wp\/v2\/media\/499300"}],"wp:attachment":[{"href":"https:\/\/staging.nbg.eu\/hr\/wp-json\/wp\/v2\/media?parent=547261"}],"wp:term":[{"taxonomy":"product_brand","embeddable":true,"href":"https:\/\/staging.nbg.eu\/hr\/wp-json\/wp\/v2\/product_brand?post=547261"},{"taxonomy":"product_cat","embeddable":true,"href":"https:\/\/staging.nbg.eu\/hr\/wp-json\/wp\/v2\/product_cat?post=547261"},{"taxonomy":"product_tag","embeddable":true,"href":"https:\/\/staging.nbg.eu\/hr\/wp-json\/wp\/v2\/product_tag?post=547261"}],"curies":[{"name":"wp","href":"https:\/\/api.w.org\/{rel}","templated":true}]}}