{"id":547098,"date":"2025-09-05T18:15:58","date_gmt":"2025-09-05T15:15:58","guid":{"rendered":"https:\/\/staging.nbg.eu\/product\/mount-arta435-34-34mm\/"},"modified":"2025-10-01T11:12:05","modified_gmt":"2025-10-01T08:12:05","slug":"nosac-arta435-34-34mm","status":"publish","type":"product","link":"https:\/\/staging.nbg.eu\/hr\/proizvod\/nosac-arta435-34-34mm\/","title":{"rendered":"Nosa\u010d ARTA435-34, 34mm"},"content":{"rendered":"<div class=\"product-description\">\n<h2>XSKEL34TW Gen 2 Produ\u017eeni skeletizirani 34mm MSR nosa\u010d<\/h2>\n<p>XSKEL34TW Gen 2 je produ\u017eeni skeletizirani 34mm MSR nosa\u010d dizajniran za AR15, AR10 stile pu\u0161aka i sportske pu\u0161ke s Picatinny \u0161inom du\u017eine 2,75&#8243; ili vi\u0161e.<\/p>\n<h2>Glavne zna\u010dajke:<\/h2>\n<ul>\n<li>MSR idealna visina za poravnanje<\/li>\n<li>Preko 2 in\u010da prednjeg prepusta za ravnote\u017eu<\/li>\n<li>\u010celi\u010dni navojni umetci za vijke<\/li>\n<li>Lagani skeletizirani dizajn<\/li>\n<li>Izra\u0111en od 6061 aluminija CNC obradom<\/li>\n<li>Dizajn s jednostrukom bo\u010dnom stezaljkom<\/li>\n<\/ul>\n<p>XSKEL34TW je dizajniran za ve\u0107e, te\u017ee optike s 34mm cijevima, uklju\u010duju\u0107i optike niske snage i optike dugog dometa s objektivima do 56mm. Postavlja optiku na idealnu visinu i prednji polo\u017eaj na AR platformi.<\/p>\n<p>Kompatibilan s AR-15, M-4, SR-25, LR308, PTR-91 i drugim MSR pu\u0161kama s Picatinny \u0161inom du\u017eine najmanje 3 in\u010da. Koristi se i na takti\u010dkim polu\u017enim pu\u0161kama.<\/p>\n<p>XSKEL34TW MSR\/AR nosa\u010d koriste strijelci u 3-gun natjecanjima, natjecateljski strijelci i takti\u010dki entuzijasti za natjecanja, takti\u010dke misije i lov s AR pu\u0161kama.<\/p>\n<p>XSKEL34TW Gen 2 produ\u017eeni skeletizirani 34mm MSR nosa\u010d kombinira lagani dizajn i izdr\u017eljivost za montiranje optike.<\/p>\n<\/div>\n","protected":false},"excerpt":{"rendered":"<p>Lagano, izdr\u017eljivo 34mm AR postolje za optiku. Idealna visina, 5cm prepust.<\/p>\n","protected":false},"featured_media":499243,"template":"","meta":{"_acf_changed":false},"product_brand":[],"product_cat":[13545,13502,13500],"product_tag":[],"class_list":{"0":"post-547098","1":"product","2":"type-product","3":"status-publish","4":"has-post-thumbnail","6":"product_cat-nisanjenje","7":"product_cat-pribor-za-nisanjenje","8":"product_cat-termalni","10":"first","11":"instock","12":"taxable","13":"shipping-taxable","14":"purchasable","15":"product-type-simple"},"acf":[],"_links":{"self":[{"href":"https:\/\/staging.nbg.eu\/hr\/wp-json\/wp\/v2\/product\/547098","targetHints":{"allow":["GET"]}}],"collection":[{"href":"https:\/\/staging.nbg.eu\/hr\/wp-json\/wp\/v2\/product"}],"about":[{"href":"https:\/\/staging.nbg.eu\/hr\/wp-json\/wp\/v2\/types\/product"}],"wp:featuredmedia":[{"embeddable":true,"href":"https:\/\/staging.nbg.eu\/hr\/wp-json\/wp\/v2\/media\/499243"}],"wp:attachment":[{"href":"https:\/\/staging.nbg.eu\/hr\/wp-json\/wp\/v2\/media?parent=547098"}],"wp:term":[{"taxonomy":"product_brand","embeddable":true,"href":"https:\/\/staging.nbg.eu\/hr\/wp-json\/wp\/v2\/product_brand?post=547098"},{"taxonomy":"product_cat","embeddable":true,"href":"https:\/\/staging.nbg.eu\/hr\/wp-json\/wp\/v2\/product_cat?post=547098"},{"taxonomy":"product_tag","embeddable":true,"href":"https:\/\/staging.nbg.eu\/hr\/wp-json\/wp\/v2\/product_tag?post=547098"}],"curies":[{"name":"wp","href":"https:\/\/api.w.org\/{rel}","templated":true}]}}