{"id":546083,"date":"2025-09-05T18:15:45","date_gmt":"2025-09-05T15:15:45","guid":{"rendered":"https:\/\/staging.nbg.eu\/product\/rrs-sc-arc-harris-bipod-adapter-black\/"},"modified":"2025-10-01T10:57:51","modified_gmt":"2025-10-01T07:57:51","slug":"rrs-sc-arc-harris-adapter-za-dvonozac-crni","status":"publish","type":"product","link":"https:\/\/staging.nbg.eu\/hr\/proizvod\/rrs-sc-arc-harris-adapter-za-dvonozac-crni\/","title":{"rendered":"RRS SC-ARC Harris Adapter za Dvono\u017eac Crni"},"content":{"rendered":"<div class=\"product-description\">\n<h2>RRS SC-ARC Harris Bipod Adapter Crni<\/h2>\n<h2>Harris Bipod Adapter<\/h2>\n<p>RRS SC-ARC Harris Bipod Adapter kompatibilan je s Harris &#8216;S&#8217; Bipodima i pru\u017ea pobolj\u0161anu funkcionalnost.<\/p>\n<h3>Glavne prednosti:<\/h3>\n<ul>\n<li><strong>Brze promjene opreme:<\/strong> Brzo mijenjanje postavki.<\/li>\n<li><strong>\u010cvr\u0161\u0107a podr\u0161ka:<\/strong> Pove\u0107ana stabilnost.<\/li>\n<li><strong>\u0160iroka kompatibilnost:<\/strong> Radi s RRS stezaljkama poput BTC-Pro i SC-ARC.<\/li>\n<\/ul>\n<p>Harris Bipod Adapter povezuje va\u0161u trenutnu opremu s RRS opremom.<\/p>\n<h3>Specifikacije:<\/h3>\n<table>\n<tr>\n<td><strong>Du\u017eina:<\/strong><\/td>\n<td>1,4 in\u010da (35,6 mm)<\/td>\n<\/tr>\n<tr>\n<td><strong>\u0160irina:<\/strong><\/td>\n<td>1,3 in\u010da (33,8 mm)<\/td>\n<\/tr>\n<tr>\n<td><strong>Visina:<\/strong><\/td>\n<td>1,35 in\u010da (34,3 mm)<\/td>\n<\/tr>\n<tr>\n<td><strong>Te\u017eina:<\/strong><\/td>\n<td>1,2 unce (34,7 g)<\/td>\n<\/tr>\n<\/table>\n<p>RRS SC-ARC Harris Bipod Adapter pobolj\u0161ava funkcionalnost Harris &#8216;S&#8217; Bipoda i omogu\u0107uje integraciju s RRS stezaljkama. Ovaj adapter nudi prilagodljivost i stabilnost za precizno ga\u0111anje i brza pode\u0161avanja na terenu.<\/p>\n<\/div>\n","protected":false},"excerpt":{"rendered":"<p>Pobolj\u0161ajte stabilnost i svestranost s ovim laganim Harris Bipod adapterom.<\/p>\n","protected":false},"featured_media":499220,"template":"","meta":{"_acf_changed":false},"product_brand":[],"product_cat":[13562,13569],"product_tag":[],"class_list":{"0":"post-546083","1":"product","2":"type-product","3":"status-publish","4":"has-post-thumbnail","6":"product_cat-dvonosci","7":"product_cat-puska","9":"first","10":"instock","11":"taxable","12":"shipping-taxable","13":"purchasable","14":"product-type-simple"},"acf":[],"_links":{"self":[{"href":"https:\/\/staging.nbg.eu\/hr\/wp-json\/wp\/v2\/product\/546083","targetHints":{"allow":["GET"]}}],"collection":[{"href":"https:\/\/staging.nbg.eu\/hr\/wp-json\/wp\/v2\/product"}],"about":[{"href":"https:\/\/staging.nbg.eu\/hr\/wp-json\/wp\/v2\/types\/product"}],"wp:featuredmedia":[{"embeddable":true,"href":"https:\/\/staging.nbg.eu\/hr\/wp-json\/wp\/v2\/media\/499220"}],"wp:attachment":[{"href":"https:\/\/staging.nbg.eu\/hr\/wp-json\/wp\/v2\/media?parent=546083"}],"wp:term":[{"taxonomy":"product_brand","embeddable":true,"href":"https:\/\/staging.nbg.eu\/hr\/wp-json\/wp\/v2\/product_brand?post=546083"},{"taxonomy":"product_cat","embeddable":true,"href":"https:\/\/staging.nbg.eu\/hr\/wp-json\/wp\/v2\/product_cat?post=546083"},{"taxonomy":"product_tag","embeddable":true,"href":"https:\/\/staging.nbg.eu\/hr\/wp-json\/wp\/v2\/product_tag?post=546083"}],"curies":[{"name":"wp","href":"https:\/\/api.w.org\/{rel}","templated":true}]}}