{"id":545976,"date":"2025-09-05T18:15:44","date_gmt":"2025-09-05T15:15:44","guid":{"rendered":"https:\/\/staging.nbg.eu\/product\/area-419-diving-board-for-tactical-one-piece-scope-mount\/"},"modified":"2025-10-01T10:48:50","modified_gmt":"2025-10-01T07:48:50","slug":"area-419-diving-board-za-tactical-one-piece-nosac-nisana","status":"publish","type":"product","link":"https:\/\/staging.nbg.eu\/hr\/proizvod\/area-419-diving-board-za-tactical-one-piece-nosac-nisana\/","title":{"rendered":"AREA 419 DIVING BOARD ZA TACTICAL ONE PIECE NOSA\u010c NI\u0160ANA"},"content":{"rendered":"<div class=\"product-description\">\n<h2>AREA 419 DODATAK ZA TAKTI\u010cKI NOSA\u010c OPTIKE<\/h2>\n<p>AREA 419 dodatak za takti\u010dki nosa\u010d optike. Ovaj dodatak donosi dodatnu funkcionalnost va\u0161em takti\u010dkom nosa\u010du optike.<\/p>\n<h2>Glavne zna\u010dajke:<\/h2>\n<ul>\n<li>Dvostruko konusna to\u010dka montiranja za sigurno pri\u010dvr\u0161\u0107ivanje<\/li>\n<li>Platforma za libele, kartice s podacima, crvene to\u010dke i laserske daljinomjere<\/li>\n<li>Izdr\u017eljivost i krutost za pobolj\u0161ani povratak u nultu to\u010dku<\/li>\n<li>Dostupno u standardnoj i niskoj visini<\/li>\n<li>MIL-STD-1913 \u0161ina (10 utora za standardnu, 6 za nisku visinu)<\/li>\n<li>Tip III crna anodizirana zavr\u0161na obrada<\/li>\n<li>CNC izra\u0111eno u Americi od ameri\u010dkog 7075 aluminija<\/li>\n<li>Vijci za monta\u017eu za jednostavnu instalaciju<\/li>\n<\/ul>\n<p>Izbor izme\u0111u standardne visine (28,2 mm visine, 70,9 g) ili niske visine (17,8 mm visine, 42,5 g). Obje opcije imaju vi\u0161e 1\/4 x 20 rupa za montiranje dodataka.<\/p>\n<p>AREA 419 dodatak za takti\u010dki nosa\u010d optike &#8211; dodatak za va\u0161 nosa\u010d optike.<\/p>\n<\/div>\n","protected":false},"excerpt":{"rendered":"<p>Sigurna, vi\u0161enamjenska \u0161ina za takti\u010dki jednodijelni nosa\u010d optike.<\/p>\n","protected":false},"featured_media":499151,"template":"","meta":{"_acf_changed":false},"product_brand":[11030],"product_cat":[13545,13502],"product_tag":[],"class_list":{"0":"post-545976","1":"product","2":"type-product","3":"status-publish","4":"has-post-thumbnail","6":"product_brand-area-419","7":"product_cat-nisanjenje","8":"product_cat-pribor-za-nisanjenje","10":"first","11":"instock","12":"taxable","13":"shipping-taxable","14":"purchasable","15":"product-type-simple"},"acf":[],"_links":{"self":[{"href":"https:\/\/staging.nbg.eu\/hr\/wp-json\/wp\/v2\/product\/545976","targetHints":{"allow":["GET"]}}],"collection":[{"href":"https:\/\/staging.nbg.eu\/hr\/wp-json\/wp\/v2\/product"}],"about":[{"href":"https:\/\/staging.nbg.eu\/hr\/wp-json\/wp\/v2\/types\/product"}],"wp:featuredmedia":[{"embeddable":true,"href":"https:\/\/staging.nbg.eu\/hr\/wp-json\/wp\/v2\/media\/499151"}],"wp:attachment":[{"href":"https:\/\/staging.nbg.eu\/hr\/wp-json\/wp\/v2\/media?parent=545976"}],"wp:term":[{"taxonomy":"product_brand","embeddable":true,"href":"https:\/\/staging.nbg.eu\/hr\/wp-json\/wp\/v2\/product_brand?post=545976"},{"taxonomy":"product_cat","embeddable":true,"href":"https:\/\/staging.nbg.eu\/hr\/wp-json\/wp\/v2\/product_cat?post=545976"},{"taxonomy":"product_tag","embeddable":true,"href":"https:\/\/staging.nbg.eu\/hr\/wp-json\/wp\/v2\/product_tag?post=545976"}],"curies":[{"name":"wp","href":"https:\/\/api.w.org\/{rel}","templated":true}]}}