{"id":545528,"date":"2025-09-05T18:15:43","date_gmt":"2025-09-05T15:15:43","guid":{"rendered":"https:\/\/staging.nbg.eu\/product\/kmr-baseball-cap\/"},"modified":"2025-10-01T10:40:27","modified_gmt":"2025-10-01T07:40:27","slug":"kmr-bejzbol-kapa","status":"publish","type":"product","link":"https:\/\/staging.nbg.eu\/hr\/proizvod\/kmr-bejzbol-kapa\/","title":{"rendered":"KMR Bejzbol Kapa"},"content":{"rendered":"<h2>KMR kapa s \u0161iltom<\/h2>\n<h2>Referenca: 0380-00501-0000<\/h2>\n<p>KMR Precision Arms kapa s \u0161iltom. Ova kapa je dizajnirana za udobnost na streli\u0161tu ili u prirodi. Sadr\u017ei KMR logotip. Prikladna je za natjecateljske strijelce i ljubitelje vatrenog oru\u017eja. Ima podesivi remen za prilagodbu veli\u010dine i prozra\u010dnu tkaninu. KMR dodatna oprema.<\/p>\n","protected":false},"excerpt":{"rendered":"<p>KMR bejzbolska kapa: Elegantno natjecateljsko pokrivalo za glave za precizne strijelce.<\/p>\n","protected":false},"featured_media":499059,"template":"","meta":{"_acf_changed":false},"product_brand":[],"product_cat":[13585],"product_tag":[],"class_list":{"0":"post-545528","1":"product","2":"type-product","3":"status-publish","4":"has-post-thumbnail","6":"product_cat-nekategorizirano","8":"first","9":"instock","10":"taxable","11":"shipping-taxable","12":"purchasable","13":"product-type-simple"},"acf":[],"_links":{"self":[{"href":"https:\/\/staging.nbg.eu\/hr\/wp-json\/wp\/v2\/product\/545528","targetHints":{"allow":["GET"]}}],"collection":[{"href":"https:\/\/staging.nbg.eu\/hr\/wp-json\/wp\/v2\/product"}],"about":[{"href":"https:\/\/staging.nbg.eu\/hr\/wp-json\/wp\/v2\/types\/product"}],"wp:featuredmedia":[{"embeddable":true,"href":"https:\/\/staging.nbg.eu\/hr\/wp-json\/wp\/v2\/media\/499059"}],"wp:attachment":[{"href":"https:\/\/staging.nbg.eu\/hr\/wp-json\/wp\/v2\/media?parent=545528"}],"wp:term":[{"taxonomy":"product_brand","embeddable":true,"href":"https:\/\/staging.nbg.eu\/hr\/wp-json\/wp\/v2\/product_brand?post=545528"},{"taxonomy":"product_cat","embeddable":true,"href":"https:\/\/staging.nbg.eu\/hr\/wp-json\/wp\/v2\/product_cat?post=545528"},{"taxonomy":"product_tag","embeddable":true,"href":"https:\/\/staging.nbg.eu\/hr\/wp-json\/wp\/v2\/product_tag?post=545528"}],"curies":[{"name":"wp","href":"https:\/\/api.w.org\/{rel}","templated":true}]}}