{"id":545347,"date":"2025-09-05T18:15:06","date_gmt":"2025-09-05T15:15:06","guid":{"rendered":"https:\/\/staging.nbg.eu\/product\/surefire-csp-09-weaponlight-switch\/"},"modified":"2025-10-01T10:32:33","modified_gmt":"2025-10-01T07:32:33","slug":"surefire-csp-09-prekidac-za-svjetlo-na-oruzju","status":"publish","type":"product","link":"https:\/\/staging.nbg.eu\/hr\/proizvod\/surefire-csp-09-prekidac-za-svjetlo-na-oruzju\/","title":{"rendered":"Surefire CSP-09 Prekida\u010d za Svjetlo na Oru\u017eju"},"content":{"rendered":"<div class=\"product-description\">\n<h2>Surefire CSP-09 prekida\u010d za oru\u017enu svjetiljku<\/h2>\n<h2>Daljinski prekida\u010d za oru\u017ene svjetiljke s Picatinny nosa\u010dem<\/h2>\n<p>Surefire CSP-09 prekida\u010d za oru\u017enu svjetiljku je daljinski prekida\u010d dizajniran za aktivaciju bilo koje SureFire oru\u017ene svjetiljke opremljene uti\u010dnicom za prekida\u010d.<\/p>\n<h3>Glavne zna\u010dajke:<\/h3>\n<ul>\n<li>Prekida\u010d s dvije funkcije za trenutno i stalno uklju\u010divanje<\/li>\n<li>Lako pri\u010dvr\u0161\u0107ivanje na Picatinny \u0161inu<\/li>\n<li>Kompaktan dizajn<\/li>\n<li>Izra\u0111en od izdr\u017eljive plastike<\/li>\n<li>Kabel du\u017eine 23 cm pogodan za ve\u0107inu pu\u0161aka i karabina<\/li>\n<\/ul>\n<p>CSP-09 se koristi laganim pritiskom za trenutno uklju\u010divanje ili klikom za stalno uklju\u010divanje. Montira se bez alata na Picatinny \u0161inu.<\/p>\n<p>CSP-09 prekida\u010d je kompatibilan sa svim SureFire oru\u017enim svjetiljkama koje imaju uti\u010dnicu za prekida\u010d.<\/p>\n<\/div>\n","protected":false},"excerpt":{"rendered":"<p>Kompaktni daljinski prekida\u010d za SureFire WeaponLights. Jednostavna monta\u017ea na Picatinny \u0161inu.<\/p>\n","protected":false},"featured_media":499036,"template":"","meta":{"_acf_changed":false},"product_brand":[],"product_cat":[13584,13560,13520],"product_tag":[],"class_list":{"0":"post-545347","1":"product","2":"type-product","3":"status-publish","4":"has-post-thumbnail","6":"product_cat-dodaci-za-svjetla","7":"product_cat-svjetla","8":"product_cat-svjetla-za-pusku","10":"first","11":"instock","12":"taxable","13":"shipping-taxable","14":"purchasable","15":"product-type-simple"},"acf":[],"_links":{"self":[{"href":"https:\/\/staging.nbg.eu\/hr\/wp-json\/wp\/v2\/product\/545347","targetHints":{"allow":["GET"]}}],"collection":[{"href":"https:\/\/staging.nbg.eu\/hr\/wp-json\/wp\/v2\/product"}],"about":[{"href":"https:\/\/staging.nbg.eu\/hr\/wp-json\/wp\/v2\/types\/product"}],"wp:featuredmedia":[{"embeddable":true,"href":"https:\/\/staging.nbg.eu\/hr\/wp-json\/wp\/v2\/media\/499036"}],"wp:attachment":[{"href":"https:\/\/staging.nbg.eu\/hr\/wp-json\/wp\/v2\/media?parent=545347"}],"wp:term":[{"taxonomy":"product_brand","embeddable":true,"href":"https:\/\/staging.nbg.eu\/hr\/wp-json\/wp\/v2\/product_brand?post=545347"},{"taxonomy":"product_cat","embeddable":true,"href":"https:\/\/staging.nbg.eu\/hr\/wp-json\/wp\/v2\/product_cat?post=545347"},{"taxonomy":"product_tag","embeddable":true,"href":"https:\/\/staging.nbg.eu\/hr\/wp-json\/wp\/v2\/product_tag?post=545347"}],"curies":[{"name":"wp","href":"https:\/\/api.w.org\/{rel}","templated":true}]}}