{"id":544874,"date":"2025-09-05T18:09:58","date_gmt":"2025-09-05T15:09:58","guid":{"rendered":"https:\/\/staging.nbg.eu\/product\/magpul-rubber-butt-pad-0-70\/"},"modified":"2025-10-01T10:15:26","modified_gmt":"2025-10-01T07:15:26","slug":"magpul-gumena-jastucnica-070","status":"publish","type":"product","link":"https:\/\/staging.nbg.eu\/hr\/proizvod\/magpul-gumena-jastucnica-070\/","title":{"rendered":"Magpul &#8211; Gumena Jastu\u010dnica &#8211; 0.70&#8243;"},"content":{"rendered":"<div class=\"product-description\">\n<h2>Magpul gumeni oslonac za kundak &#8211; 0,70&#8243;<\/h2>\n<p>Gumeni oslonac za kundak Magpul od 0,70&#8243; kompatibilan je s razli\u010ditim Magpul kundacima, uklju\u010duju\u0107i CTR\u00ae, MOE\u00ae Carbine Mil-Spec, UBR\u00ae, STR\u00ae, ACS-L\u2122 i ACS modele.<\/p>\n<ul>\n<li>Pobolj\u0161ava potporu ramenu i smanjuje trzaj<\/li>\n<li>Deblji, ventilirani dizajn<\/li>\n<li>Uklju\u010duje sav potreban hardver za monta\u017eu<\/li>\n<li>Dimenzije: 13 x 4 x 1,6 cm (pribli\u017eno)<\/li>\n<li>Te\u017eina: 62 g (pribli\u017eno)<\/li>\n<li>Proizvedeno u SAD-u<\/li>\n<\/ul>\n<p><strong>Napomena:<\/strong> Nije kompatibilan s MOE\u00ae fiksnim kundakom za karabine. Mo\u017ee ograni\u010diti potpuno sklapanje na komercijalnim MOE\u00ae\/CTR\u00ae kundacima zbog produ\u017eenog, kosog stra\u017enjeg dijela.<\/p>\n<\/div>\n","protected":false},"excerpt":{"rendered":"<p>Pobolj\u0161ana 0,70&#8243; gumena potplata za Magpul kundake. Unaprije\u0111ena potpora.<\/p>\n","protected":false},"featured_media":498942,"template":"","meta":{"_acf_changed":false},"product_brand":[11536],"product_cat":[13536],"product_tag":[],"class_list":{"0":"post-544874","1":"product","2":"type-product","3":"status-publish","4":"has-post-thumbnail","6":"product_brand-magpul","7":"product_cat-oprema","9":"first","10":"instock","11":"taxable","12":"shipping-taxable","13":"purchasable","14":"product-type-simple"},"acf":[],"_links":{"self":[{"href":"https:\/\/staging.nbg.eu\/hr\/wp-json\/wp\/v2\/product\/544874","targetHints":{"allow":["GET"]}}],"collection":[{"href":"https:\/\/staging.nbg.eu\/hr\/wp-json\/wp\/v2\/product"}],"about":[{"href":"https:\/\/staging.nbg.eu\/hr\/wp-json\/wp\/v2\/types\/product"}],"wp:featuredmedia":[{"embeddable":true,"href":"https:\/\/staging.nbg.eu\/hr\/wp-json\/wp\/v2\/media\/498942"}],"wp:attachment":[{"href":"https:\/\/staging.nbg.eu\/hr\/wp-json\/wp\/v2\/media?parent=544874"}],"wp:term":[{"taxonomy":"product_brand","embeddable":true,"href":"https:\/\/staging.nbg.eu\/hr\/wp-json\/wp\/v2\/product_brand?post=544874"},{"taxonomy":"product_cat","embeddable":true,"href":"https:\/\/staging.nbg.eu\/hr\/wp-json\/wp\/v2\/product_cat?post=544874"},{"taxonomy":"product_tag","embeddable":true,"href":"https:\/\/staging.nbg.eu\/hr\/wp-json\/wp\/v2\/product_tag?post=544874"}],"curies":[{"name":"wp","href":"https:\/\/api.w.org\/{rel}","templated":true}]}}