{"id":54168,"date":"2024-03-02T07:29:43","date_gmt":"2024-09-13T13:01:39","guid":{"rendered":"https:\/\/staging.nbg.eu\/product\/bore-tech-proof-positive-rifle-jag-multiple-calibers\/"},"modified":"2024-09-13T13:02:45","modified_gmt":"2024-09-13T13:02:45","slug":"bore-tech-proof-positive-puscani-jag-razliciti-kalibri","status":"publish","type":"product","link":"https:\/\/staging.nbg.eu\/hr\/proizvod\/bore-tech-proof-positive-puscani-jag-razliciti-kalibri\/","title":{"rendered":"Bore Tech Proof-Positive Pu\u0161\u010dani Jag (Razli\u010diti Kalibri)"},"content":{"rendered":"<div class=\"product-description\">\n<h2>Bore Tech Proof-Positive \u010dista\u010d cijevi za pu\u0161ku (Vi\u0161e kalibara)<\/h2>\n<p>Uklonite la\u017ene indikacije bakrenog one\u010di\u0161\u0107enja s Bore Tech Proof-Positive \u010dista\u010dima cijevi za pu\u0161ku. Izra\u0111eni su od legure bez mesinga, sigurni su za cijev i imaju visoku vla\u010dnu \u010dvrsto\u0107u. Zna\u010dajke uklju\u010duju:<\/p>\n<ul>\n<li>Dvostruki set od 4 kontaktna prstena za bolje \u010di\u0161\u0107enje<\/li>\n<li>Precizno izra\u0111eni za ravnomjeran pritisak<\/li>\n<li>Dizajn obrnutog su\u017eenja za za\u0161titu krune oru\u017eja<\/li>\n<\/ul>\n<p>Postignite \u010diste cijevi uz manje otpada.<\/p>\n<\/div>\n","protected":false},"excerpt":{"rendered":"<p>Inovativna \u010detkica za pu\u0161ku eliminira la\u017ene indikacije naslaga bakra.<\/p>\n","protected":false},"featured_media":54169,"template":"","meta":{"_acf_changed":false},"product_brand":[11147],"product_cat":[13577,13550],"product_tag":[],"class_list":{"0":"post-54168","1":"product","2":"type-product","3":"status-publish","4":"has-post-thumbnail","6":"product_brand-boretech","7":"product_cat-cetke","8":"product_cat-ciscenje-oruzja","10":"first","11":"instock","12":"taxable","13":"shipping-taxable","14":"purchasable","15":"product-type-variable","16":"wvs-archive-product-wrapper"},"acf":[],"_links":{"self":[{"href":"https:\/\/staging.nbg.eu\/hr\/wp-json\/wp\/v2\/product\/54168","targetHints":{"allow":["GET"]}}],"collection":[{"href":"https:\/\/staging.nbg.eu\/hr\/wp-json\/wp\/v2\/product"}],"about":[{"href":"https:\/\/staging.nbg.eu\/hr\/wp-json\/wp\/v2\/types\/product"}],"wp:featuredmedia":[{"embeddable":true,"href":"https:\/\/staging.nbg.eu\/hr\/wp-json\/wp\/v2\/media\/54169"}],"wp:attachment":[{"href":"https:\/\/staging.nbg.eu\/hr\/wp-json\/wp\/v2\/media?parent=54168"}],"wp:term":[{"taxonomy":"product_brand","embeddable":true,"href":"https:\/\/staging.nbg.eu\/hr\/wp-json\/wp\/v2\/product_brand?post=54168"},{"taxonomy":"product_cat","embeddable":true,"href":"https:\/\/staging.nbg.eu\/hr\/wp-json\/wp\/v2\/product_cat?post=54168"},{"taxonomy":"product_tag","embeddable":true,"href":"https:\/\/staging.nbg.eu\/hr\/wp-json\/wp\/v2\/product_tag?post=54168"}],"curies":[{"name":"wp","href":"https:\/\/api.w.org\/{rel}","templated":true}]}}