{"id":541205,"date":"2025-09-05T18:09:57","date_gmt":"2025-09-05T15:09:57","guid":{"rendered":"https:\/\/staging.nbg.eu\/product\/ase-utra-borelock-30-338-muzzle-brake-5-8x24-unef\/"},"modified":"2025-09-30T17:54:57","modified_gmt":"2025-09-30T14:54:57","slug":"ase-utra-borelock-30338-kocnica-za-usta-cijevi-58x24-unef","status":"publish","type":"product","link":"https:\/\/staging.nbg.eu\/hr\/proizvod\/ase-utra-borelock-30338-kocnica-za-usta-cijevi-58x24-unef\/","title":{"rendered":"ASE UTRA BoreLock .30\/.338 ko\u010dnica za usta cijevi 5\/8&#8243;x24 UNEF"},"content":{"rendered":"<h2>ASE UTRA BoreLock .30\/.338 Ko\u010dnica usta cijevi 5\/8&#8243;x24 UNEF<\/h2>\n<p>ASE UTRA BoreLock .30\/.338 Ko\u010dnica usta cijevi (\u0160ifra: 365P-AU761). Dizajn u dva dijela omogu\u0107uje sigurnu, jednostavnu i brzu instalaciju bez potrebe za podlo\u0161kama ili klinovima, omogu\u0107uju\u0107i precizno poravnanje.<\/p>\n<h2>Glavne zna\u010dajke:<\/h2>\n<ul>\n<li>Kompatibilno s pu\u0161kama kalibra .30 i .338<\/li>\n<li>5\/8&#8243;x24 UNEF navoj<\/li>\n<li>Dizajn BoreLock u dva dijela za jednostavnu instalaciju<\/li>\n<li>Nisu potrebne podlo\u0161ke ili klinovi<\/li>\n<li>Precizno poravnanje za pobolj\u0161anu to\u010dnost<\/li>\n<li>Smanjuje trzaj i podizanje usta cijevi<\/li>\n<\/ul>\n<p>ASE UTRA BoreLock ko\u010dnica usta cijevi dizajnirana je za optimalnu u\u010dinkovitost i jednostavnost uporabe.<\/p>\n","protected":false},"excerpt":{"rendered":"<p>ASE UTRA BoreLock .30\/.338 prigu\u0161iva\u010d trzaja: Brza i sigurna monta\u017ea, bez potrebe za podlo\u0161kama.<\/p>\n","protected":false},"featured_media":498912,"template":"","meta":{"_acf_changed":false},"product_brand":[],"product_cat":[13541,13522,13569,13518],"product_tag":[],"class_list":{"0":"post-541205","1":"product","2":"type-product","3":"status-publish","4":"has-post-thumbnail","6":"product_cat-pribor-za-prigusivace","7":"product_cat-prigusivaci-za-pusku","8":"product_cat-puska","9":"product_cat-rifle-tuning","11":"first","12":"instock","13":"taxable","14":"shipping-taxable","15":"purchasable","16":"product-type-simple"},"acf":[],"_links":{"self":[{"href":"https:\/\/staging.nbg.eu\/hr\/wp-json\/wp\/v2\/product\/541205","targetHints":{"allow":["GET"]}}],"collection":[{"href":"https:\/\/staging.nbg.eu\/hr\/wp-json\/wp\/v2\/product"}],"about":[{"href":"https:\/\/staging.nbg.eu\/hr\/wp-json\/wp\/v2\/types\/product"}],"wp:featuredmedia":[{"embeddable":true,"href":"https:\/\/staging.nbg.eu\/hr\/wp-json\/wp\/v2\/media\/498912"}],"wp:attachment":[{"href":"https:\/\/staging.nbg.eu\/hr\/wp-json\/wp\/v2\/media?parent=541205"}],"wp:term":[{"taxonomy":"product_brand","embeddable":true,"href":"https:\/\/staging.nbg.eu\/hr\/wp-json\/wp\/v2\/product_brand?post=541205"},{"taxonomy":"product_cat","embeddable":true,"href":"https:\/\/staging.nbg.eu\/hr\/wp-json\/wp\/v2\/product_cat?post=541205"},{"taxonomy":"product_tag","embeddable":true,"href":"https:\/\/staging.nbg.eu\/hr\/wp-json\/wp\/v2\/product_tag?post=541205"}],"curies":[{"name":"wp","href":"https:\/\/api.w.org\/{rel}","templated":true}]}}