{"id":540806,"date":"2025-09-05T18:09:45","date_gmt":"2025-09-05T15:09:45","guid":{"rendered":"https:\/\/staging.nbg.eu\/product\/bullet-berger-cal-6-5-creedmoor-elite-hunter-140gr-100pcs\/"},"modified":"2025-09-30T17:22:01","modified_gmt":"2025-09-30T14:22:01","slug":"metak-berger-kal-65-creedmoor-elite-hunter-140gr100kom","status":"publish","type":"product","link":"https:\/\/staging.nbg.eu\/hr\/proizvod\/metak-berger-kal-65-creedmoor-elite-hunter-140gr100kom\/","title":{"rendered":"Metak Berger kal. 6.5 Creedmoor Elite Hunter 140gr.\/100kom."},"content":{"rendered":"<h2>Metak Berger kal. 6.5 Creedmoor Elite Hunter 140gr.\/100kom.<\/h2>\n<p>Bergerov 6.5 Creedmoor 140 Grain Elite Hunter streljivo za pu\u0161ke. Namijenjeno za lov srednje velike divlja\u010di, ovaj metak nudi:<\/p>\n<ul>\n<li><strong>Dosljednost:<\/strong> Koristi J4 Precision ko\u0161uljice metka s +\/-.0003&#8243; ukupnog indiciranog odstupanja (TIR)<\/li>\n<li><strong>Hibridni ogiv:<\/strong> Kombinira tangentni i sekantni oblik nosa za lak\u0161e pode\u0161avanje i ravniju putanju<\/li>\n<li><strong>Dosljedna jezgra:<\/strong> Eliminira potrebu za sortiranjem po te\u017eini, osiguravaju\u0107i pouzdan pad i dosljedan balisti\u010dk koeficijent<\/li>\n<li><strong>Dizajn s \u010dunjastim dnom:<\/strong> Pru\u017ea aerodinami\u010dku prednost na ve\u0107im udaljenostima<\/li>\n<li><strong>J4 lova\u010dka ko\u0161uljica:<\/strong> Omogu\u0107uje 2-3&#8243; penetracije prije brzog \u0161irenja, stvaraju\u0107i hidrostati\u010dki \u0161ok<\/li>\n<\/ul>\n<p>Pogodno za natjecateljsko pucanje i lov, 6.5 Creedmoor Elite Hunter nudi vanjsku balistiku, terminalni u\u010dinak i optimalni trzaj. S G1 balisti\u010dkim koeficijentom od 0.606 i brzinom na ustima cijevi od 2750 fps, ovo streljivo pru\u017ea preciznost i pouzdanost na velikim udaljenostima.<\/p>\n<p>Specifikacije:<\/p>\n<ul>\n<li>Te\u017eina: 140 Grain<\/li>\n<li>G7 balisti\u010dki koeficijent: 0.31<\/li>\n<li>Minimalni korak uvijanja: 1:8&#8243; ili br\u017ei<\/li>\n<li>Maksimalna ukupna du\u017eina metka: 2.825&#8243;<\/li>\n<li>Energija na ustima cijevi: 2351 ft-lb<\/li>\n<\/ul>\n<p>Odaberite Bergerov Elite Hunter za svoj sljede\u0107i lova\u010dki pohod ili natjecateljsko pucanje.<\/p>\n","protected":false},"excerpt":{"rendered":"<p>Elite Hunter 6.5 Creedmoor: Precizan, pouzdan metak od 140 grama za srednje veliku divlja\u010d.<\/p>\n","protected":false},"featured_media":498842,"template":"","meta":{"_acf_changed":false},"product_brand":[],"product_cat":[13544,13565],"product_tag":[],"class_list":{"0":"post-540806","1":"product","2":"type-product","3":"status-publish","4":"has-post-thumbnail","6":"product_cat-municija","7":"product_cat-punjenje-metaka","9":"first","10":"instock","11":"taxable","12":"shipping-taxable","13":"product-type-simple"},"acf":[],"_links":{"self":[{"href":"https:\/\/staging.nbg.eu\/hr\/wp-json\/wp\/v2\/product\/540806","targetHints":{"allow":["GET"]}}],"collection":[{"href":"https:\/\/staging.nbg.eu\/hr\/wp-json\/wp\/v2\/product"}],"about":[{"href":"https:\/\/staging.nbg.eu\/hr\/wp-json\/wp\/v2\/types\/product"}],"wp:featuredmedia":[{"embeddable":true,"href":"https:\/\/staging.nbg.eu\/hr\/wp-json\/wp\/v2\/media\/498842"}],"wp:attachment":[{"href":"https:\/\/staging.nbg.eu\/hr\/wp-json\/wp\/v2\/media?parent=540806"}],"wp:term":[{"taxonomy":"product_brand","embeddable":true,"href":"https:\/\/staging.nbg.eu\/hr\/wp-json\/wp\/v2\/product_brand?post=540806"},{"taxonomy":"product_cat","embeddable":true,"href":"https:\/\/staging.nbg.eu\/hr\/wp-json\/wp\/v2\/product_cat?post=540806"},{"taxonomy":"product_tag","embeddable":true,"href":"https:\/\/staging.nbg.eu\/hr\/wp-json\/wp\/v2\/product_tag?post=540806"}],"curies":[{"name":"wp","href":"https:\/\/api.w.org\/{rel}","templated":true}]}}