{"id":53968,"date":"2024-03-02T10:05:47","date_gmt":"2024-09-13T12:57:47","guid":{"rendered":"https:\/\/staging.nbg.eu\/product\/bore-tech-proof-positive-shotgun-jag-12-16-20-ga\/"},"modified":"2024-09-13T12:58:32","modified_gmt":"2024-09-13T12:58:32","slug":"bore-tech-proof-positive-sacmarski-jag-121620-ga","status":"publish","type":"product","link":"https:\/\/staging.nbg.eu\/hr\/proizvod\/bore-tech-proof-positive-sacmarski-jag-121620-ga\/","title":{"rendered":"Bore Tech Proof-Positive Sa\u010dmarski Jag (12\/16\/20 GA)"},"content":{"rendered":"<div class=\"product-description\">\n<h2>Bore Tech \u010dista\u010d za sa\u010dmaricu (12\/16\/20 GA)<\/h2>\n<p>Bore Tech patentirani \u010dista\u010d za sa\u010dmaricu. Zna\u010dajke:<\/p>\n<ul>\n<li>4 fleksibilne latice za prilagodbu cijevi<\/li>\n<li>Izra\u0111en od izdr\u017eljivog najlona<\/li>\n<li>Mo\u017ee pro\u0107i kroz \u010dokove<\/li>\n<li>Odgovara standardnim \u0161ipkama s navojem 5\/16-27<\/li>\n<\/ul>\n<p>Za odr\u017eavanje sa\u010dmarice. Namijenjeno korisnicima sa\u010dmarica.<\/p>\n<p><strong>Cijena: 14,99 $<\/strong><\/p>\n<\/div>\n","protected":false},"excerpt":{"rendered":"<p>Fleksibilni \u010detverolati\u010dni nastavak za u\u010dinkovito \u010di\u0161\u0107enje sa\u010dmarice. Siguran za \u010dokove.<\/p>\n","protected":false},"featured_media":53969,"template":"","meta":{"_acf_changed":false},"product_brand":[11147],"product_cat":[13577,13550],"product_tag":[],"class_list":{"0":"post-53968","1":"product","2":"type-product","3":"status-publish","4":"has-post-thumbnail","6":"product_brand-boretech","7":"product_cat-cetke","8":"product_cat-ciscenje-oruzja","10":"first","11":"instock","12":"taxable","13":"shipping-taxable","14":"purchasable","15":"product-type-variable","16":"wvs-archive-product-wrapper"},"acf":[],"_links":{"self":[{"href":"https:\/\/staging.nbg.eu\/hr\/wp-json\/wp\/v2\/product\/53968","targetHints":{"allow":["GET"]}}],"collection":[{"href":"https:\/\/staging.nbg.eu\/hr\/wp-json\/wp\/v2\/product"}],"about":[{"href":"https:\/\/staging.nbg.eu\/hr\/wp-json\/wp\/v2\/types\/product"}],"wp:featuredmedia":[{"embeddable":true,"href":"https:\/\/staging.nbg.eu\/hr\/wp-json\/wp\/v2\/media\/53969"}],"wp:attachment":[{"href":"https:\/\/staging.nbg.eu\/hr\/wp-json\/wp\/v2\/media?parent=53968"}],"wp:term":[{"taxonomy":"product_brand","embeddable":true,"href":"https:\/\/staging.nbg.eu\/hr\/wp-json\/wp\/v2\/product_brand?post=53968"},{"taxonomy":"product_cat","embeddable":true,"href":"https:\/\/staging.nbg.eu\/hr\/wp-json\/wp\/v2\/product_cat?post=53968"},{"taxonomy":"product_tag","embeddable":true,"href":"https:\/\/staging.nbg.eu\/hr\/wp-json\/wp\/v2\/product_tag?post=53968"}],"curies":[{"name":"wp","href":"https:\/\/api.w.org\/{rel}","templated":true}]}}