{"id":539534,"date":"2025-09-05T17:38:18","date_gmt":"2025-09-05T14:38:18","guid":{"rendered":"https:\/\/staging.nbg.eu\/product\/or-leupold-delta-point-mounting-kit-for-l-02-w-02-steel-black\/"},"modified":"2025-09-30T14:23:43","modified_gmt":"2025-09-30T11:23:43","slug":"or-leupold-delta-point-komplet-za-montazu-za-l-02-w-02-celik-crni","status":"publish","type":"product","link":"https:\/\/staging.nbg.eu\/hr\/proizvod\/or-leupold-delta-point-komplet-za-montazu-za-l-02-w-02-celik-crni\/","title":{"rendered":"OR LEUPOLD DELTA POINT KOMPLET ZA MONTA\u017dU ZA L-02, W-02, \u010cELIK CRNI"},"content":{"rendered":"<div class=\"product-description\">\n<h2>OR LEUPOLD DELTA POINT PRO KOMPLET ZA MONTA\u017dU LW64<\/h2>\n<p><strong>Referenca:<\/strong> 0091-01207-0001<\/p>\n<p><strong>Marka:<\/strong> KMR Precision Arms<\/p>\n<h2>Opis<\/h2>\n<p>OR LEUPOLD DELTA POINT PRO KOMPLET ZA MONTA\u017dU LW64 je za KMR L-02 ili W-02 pi\u0161tolj. Ova bazna plo\u010da je dizajnirana za modele pi\u0161tolja KMR L-02 i W-02 spremne za optiku (OR), prilago\u0111ena za optiku s Leupold DeltaPoint Pro otiskom.<\/p>\n<h2>Detalji proizvoda<\/h2>\n<ul>\n<li>Materijal: \u010celik<\/li>\n<li>Boja: Crna<\/li>\n<li>Uklju\u010duje dva M4 vijka za ugradnju<\/li>\n<\/ul>\n<h2>Ugradnja<\/h2>\n<ol>\n<li>Odvijte originalnu baznu plo\u010du s pi\u0161tolja<\/li>\n<li>Pa\u017eljivo o\u010distite podru\u010dje za monta\u017eu plo\u010de<\/li>\n<li>Ugradite novu baznu plo\u010du<\/li>\n<li>Zategnite dva uklju\u010dena M4 vijka koriste\u0107i sredstvo za osiguranje navoja<\/li>\n<\/ol>\n<p><strong>Va\u017eno:<\/strong> NE KORISTITE CRVENI LOCTITE!<\/p>\n<h2>Kompatibilni crveni ciljnici<\/h2>\n<p>Ovaj komplet za monta\u017eu je kompatibilan s raznim crvenim ciljnicima koji dijele Leupold DeltaPoint Pro standard monta\u017ee, uklju\u010duju\u0107i:<\/p>\n<ul>\n<li>Leupold DeltaPoint Pro<\/li>\n<li>Vortex Defender XL<\/li>\n<li>Eotech Eflx<\/li>\n<li>Holosun SCS 320<\/li>\n<li>I mnogi drugi<\/li>\n<\/ul>\n<p>Ovaj komplet za monta\u017eu omogu\u0107uje vam da pri\u010dvrstite svoj \u017eeljeni crveni ciljnik na KMR L-02 ili W-02 pi\u0161tolj.<\/p>\n<\/div>\n","protected":false},"excerpt":{"rendered":"<p>\u010celi\u010dna osnovna plo\u010da za pi\u0161tolje KMR L-02\/W-02, odgovara DeltaPoint Pro optici<\/p>\n","protected":false},"featured_media":497541,"template":"","meta":{"_acf_changed":false},"product_brand":[11491],"product_cat":[13521],"product_tag":[],"class_list":{"0":"post-539534","1":"product","2":"type-product","3":"status-publish","4":"has-post-thumbnail","6":"product_brand-kmr-precision","7":"product_cat-kmr-dijelovi","9":"first","10":"instock","11":"taxable","12":"shipping-taxable","13":"purchasable","14":"product-type-simple"},"acf":[],"_links":{"self":[{"href":"https:\/\/staging.nbg.eu\/hr\/wp-json\/wp\/v2\/product\/539534","targetHints":{"allow":["GET"]}}],"collection":[{"href":"https:\/\/staging.nbg.eu\/hr\/wp-json\/wp\/v2\/product"}],"about":[{"href":"https:\/\/staging.nbg.eu\/hr\/wp-json\/wp\/v2\/types\/product"}],"wp:featuredmedia":[{"embeddable":true,"href":"https:\/\/staging.nbg.eu\/hr\/wp-json\/wp\/v2\/media\/497541"}],"wp:attachment":[{"href":"https:\/\/staging.nbg.eu\/hr\/wp-json\/wp\/v2\/media?parent=539534"}],"wp:term":[{"taxonomy":"product_brand","embeddable":true,"href":"https:\/\/staging.nbg.eu\/hr\/wp-json\/wp\/v2\/product_brand?post=539534"},{"taxonomy":"product_cat","embeddable":true,"href":"https:\/\/staging.nbg.eu\/hr\/wp-json\/wp\/v2\/product_cat?post=539534"},{"taxonomy":"product_tag","embeddable":true,"href":"https:\/\/staging.nbg.eu\/hr\/wp-json\/wp\/v2\/product_tag?post=539534"}],"curies":[{"name":"wp","href":"https:\/\/api.w.org\/{rel}","templated":true}]}}