{"id":538918,"date":"2025-09-05T17:38:05","date_gmt":"2025-09-05T14:38:05","guid":{"rendered":"https:\/\/staging.nbg.eu\/product\/ar-15-bolt-catch-roll-pin\/"},"modified":"2025-09-30T13:39:30","modified_gmt":"2025-09-30T10:39:30","slug":"ar-15-zatik-za-hvatac-zatvaraca","status":"publish","type":"product","link":"https:\/\/staging.nbg.eu\/hr\/proizvod\/ar-15-zatik-za-hvatac-zatvaraca\/","title":{"rendered":"AR-15 ZATIK ZA HVATA\u010c ZATVARA\u010cA"},"content":{"rendered":"<div class=\"product-description\">\n<h2>AR-15 zatik za zadr\u017eavanje zatvara\u010da<\/h2>\n<p>Ovaj zatik je va\u017ean dio za AR-15. Proizveden je u SAD-u i osigurava pouzdanost oru\u017eja.<\/p>\n<ul>\n<li><strong>Brownells broj:<\/strong> 100044599<\/li>\n<li><strong>Proizvo\u0111a\u010dki broj:<\/strong> 55CA547<\/li>\n<li><strong>UPC:<\/strong> 810046231234<\/li>\n<li><strong>Odgovara modelu:<\/strong> AR-15 univerzalno<\/li>\n<\/ul>\n<p>Ovaj zatik je dizajniran za univerzalnu upotrebu na AR-15 platformama. Izra\u0111en je precizno prema strogim standardima kvalitete i osigurava \u010dvrstu vezu za sklop zadr\u017eavanja zatvara\u010da.<\/p>\n<\/div>\n","protected":false},"excerpt":{"rendered":"<p>Igla za dr\u017ea\u010d zatvara\u010da AR-15 proizvedena u SAD-u. Neophodna za ugradnju dr\u017ea\u010da zatvara\u010da.<\/p>\n","protected":false},"featured_media":497311,"template":"","meta":{"_acf_changed":false},"product_brand":[],"product_cat":[13569,13518],"product_tag":[],"class_list":{"0":"post-538918","1":"product","2":"type-product","3":"status-publish","4":"has-post-thumbnail","6":"product_cat-puska","7":"product_cat-rifle-tuning","9":"first","10":"instock","11":"taxable","12":"shipping-taxable","13":"purchasable","14":"product-type-simple"},"acf":[],"_links":{"self":[{"href":"https:\/\/staging.nbg.eu\/hr\/wp-json\/wp\/v2\/product\/538918","targetHints":{"allow":["GET"]}}],"collection":[{"href":"https:\/\/staging.nbg.eu\/hr\/wp-json\/wp\/v2\/product"}],"about":[{"href":"https:\/\/staging.nbg.eu\/hr\/wp-json\/wp\/v2\/types\/product"}],"wp:featuredmedia":[{"embeddable":true,"href":"https:\/\/staging.nbg.eu\/hr\/wp-json\/wp\/v2\/media\/497311"}],"wp:attachment":[{"href":"https:\/\/staging.nbg.eu\/hr\/wp-json\/wp\/v2\/media?parent=538918"}],"wp:term":[{"taxonomy":"product_brand","embeddable":true,"href":"https:\/\/staging.nbg.eu\/hr\/wp-json\/wp\/v2\/product_brand?post=538918"},{"taxonomy":"product_cat","embeddable":true,"href":"https:\/\/staging.nbg.eu\/hr\/wp-json\/wp\/v2\/product_cat?post=538918"},{"taxonomy":"product_tag","embeddable":true,"href":"https:\/\/staging.nbg.eu\/hr\/wp-json\/wp\/v2\/product_tag?post=538918"}],"curies":[{"name":"wp","href":"https:\/\/api.w.org\/{rel}","templated":true}]}}