{"id":537963,"date":"2025-09-05T17:25:46","date_gmt":"2025-09-05T14:25:46","guid":{"rendered":"https:\/\/staging.nbg.eu\/product\/recoil-spring-kmr-45-extra-extrasoft-8\/"},"modified":"2025-09-30T12:19:56","modified_gmt":"2025-09-30T09:19:56","slug":"opruga-povrata-kmr-45-extra-extrasoft-8","status":"publish","type":"product","link":"https:\/\/staging.nbg.eu\/hr\/proizvod\/opruga-povrata-kmr-45-extra-extrasoft-8\/","title":{"rendered":"OPRUGA POVRATA KMR 4,5&#8243; EXTRA EXTRASOFT (8)"},"content":{"rendered":"<h2>POVRATNA OPRUGA KMR 4,5&#8243; EXTRA EKSTRA MEKA (8)<\/h2>\n<p>KMR Precision Arms POVRATNA OPRUGA KMR 4,5&#8243; EXTRA EKSTRA MEKA (8) je dizajnirana za optimalnu izvedbu za va\u0161e vatreno oru\u017eje od 4,5 in\u010da.<\/p>\n<h2>Karakteristike proizvoda:<\/h2>\n<ul>\n<li>Marka: KMR Precision Arms<\/li>\n<li>Referenca: 0730-05801-0000<\/li>\n<li>Duljina: 4,5 in\u010da<\/li>\n<li>Tip: Extra ekstra meka<\/li>\n<li>Koli\u010dina: 8 opruga po pakiranju<\/li>\n<\/ul>\n<p>Ova extra ekstra meka povratna opruga je dizajnirana za smanjenje povratnog udara i pobolj\u0161anje udobnosti pucanja. Namijenjena je za natjecateljske strijelce i entuzijaste koji \u017eele fino podesiti performanse svog vatrenog oru\u017eja. KMR 4,5&#8243; EXTRA EKSTRA MEKA opruga osigurava glatko cikliranje i pouzdan rad.<\/p>\n","protected":false},"excerpt":{"rendered":"<p>Izuzetno mekana povratna opruga za precizno oru\u017eje KMR 4,5&#8243;. Glatko djelovanje.<\/p>\n","protected":false},"featured_media":496949,"template":"","meta":{"_acf_changed":false},"product_brand":[11491],"product_cat":[13521],"product_tag":[],"class_list":{"0":"post-537963","1":"product","2":"type-product","3":"status-publish","4":"has-post-thumbnail","6":"product_brand-kmr-precision","7":"product_cat-kmr-dijelovi","9":"first","10":"instock","11":"taxable","12":"shipping-taxable","13":"purchasable","14":"product-type-simple"},"acf":[],"_links":{"self":[{"href":"https:\/\/staging.nbg.eu\/hr\/wp-json\/wp\/v2\/product\/537963","targetHints":{"allow":["GET"]}}],"collection":[{"href":"https:\/\/staging.nbg.eu\/hr\/wp-json\/wp\/v2\/product"}],"about":[{"href":"https:\/\/staging.nbg.eu\/hr\/wp-json\/wp\/v2\/types\/product"}],"wp:featuredmedia":[{"embeddable":true,"href":"https:\/\/staging.nbg.eu\/hr\/wp-json\/wp\/v2\/media\/496949"}],"wp:attachment":[{"href":"https:\/\/staging.nbg.eu\/hr\/wp-json\/wp\/v2\/media?parent=537963"}],"wp:term":[{"taxonomy":"product_brand","embeddable":true,"href":"https:\/\/staging.nbg.eu\/hr\/wp-json\/wp\/v2\/product_brand?post=537963"},{"taxonomy":"product_cat","embeddable":true,"href":"https:\/\/staging.nbg.eu\/hr\/wp-json\/wp\/v2\/product_cat?post=537963"},{"taxonomy":"product_tag","embeddable":true,"href":"https:\/\/staging.nbg.eu\/hr\/wp-json\/wp\/v2\/product_tag?post=537963"}],"curies":[{"name":"wp","href":"https:\/\/api.w.org\/{rel}","templated":true}]}}