{"id":537721,"date":"2025-09-05T00:17:22","date_gmt":"2025-09-04T21:17:22","guid":{"rendered":"https:\/\/staging.nbg.eu\/product\/badger-ordnance-34mm-condition-one-accessory-ring-cap-tan-700-34\/"},"modified":"2025-09-30T11:49:59","modified_gmt":"2025-09-30T08:49:59","slug":"badger-ordnance-34mm-condition-one-dodatni-prsten-poklopac-tan-700-34","status":"publish","type":"product","link":"https:\/\/staging.nbg.eu\/hr\/proizvod\/badger-ordnance-34mm-condition-one-dodatni-prsten-poklopac-tan-700-34\/","title":{"rendered":"BADGER ORDNANCE 34MM CONDITION ONE DODATNI PRSTEN POKLOPAC TAN (700-34)"},"content":{"rendered":"<div class=\"product-description\">\n<h2>BADGER ORDNANCE 34MM PRSTEN ZA DODATKE CONDITION ONE TAN (700-34)<\/h2>\n<p>Prsten za dodatke Condition One (C1 ARC) za Condition One modularni nosa\u010d. Ovaj dodatak nudi:<\/p>\n<ul>\n<li>Integraciju s Condition One modularnim nosa\u010dima<\/li>\n<li>Opcije za prednje ili stra\u017enje postavljanje<\/li>\n<li>Kompatibilnost s raznim dodacima, uklju\u010duju\u0107i \u0161ine za laserske daljinomjere i optike crvene to\u010dke na 12 sati<\/li>\n<li>Postavljanje\/skidanje bez ometanja nuliranja primarne optike<\/li>\n<li>Tan zavr\u0161na obrada za takti\u010dke primjene<\/li>\n<\/ul>\n<p>C1 ARC je dizajniran za prilagodbu i funkcionalnost za ozbiljne strijelce i profesionalce.<\/p>\n<\/div>\n","protected":false},"excerpt":{"rendered":"<p>Prilagodljivi 34mm prsten za Condition One nosa\u010de. Svestrani dodatak za pri\u010dvr\u0161\u0107ivanje.<\/p>\n","protected":false},"featured_media":496473,"template":"","meta":{"_acf_changed":false},"product_brand":[11076],"product_cat":[13545,13502],"product_tag":[],"class_list":{"0":"post-537721","1":"product","2":"type-product","3":"status-publish","4":"has-post-thumbnail","6":"product_brand-badger-ordnance","7":"product_cat-nisanjenje","8":"product_cat-pribor-za-nisanjenje","10":"first","11":"instock","12":"taxable","13":"shipping-taxable","14":"purchasable","15":"product-type-simple"},"acf":[],"_links":{"self":[{"href":"https:\/\/staging.nbg.eu\/hr\/wp-json\/wp\/v2\/product\/537721","targetHints":{"allow":["GET"]}}],"collection":[{"href":"https:\/\/staging.nbg.eu\/hr\/wp-json\/wp\/v2\/product"}],"about":[{"href":"https:\/\/staging.nbg.eu\/hr\/wp-json\/wp\/v2\/types\/product"}],"wp:featuredmedia":[{"embeddable":true,"href":"https:\/\/staging.nbg.eu\/hr\/wp-json\/wp\/v2\/media\/496473"}],"wp:attachment":[{"href":"https:\/\/staging.nbg.eu\/hr\/wp-json\/wp\/v2\/media?parent=537721"}],"wp:term":[{"taxonomy":"product_brand","embeddable":true,"href":"https:\/\/staging.nbg.eu\/hr\/wp-json\/wp\/v2\/product_brand?post=537721"},{"taxonomy":"product_cat","embeddable":true,"href":"https:\/\/staging.nbg.eu\/hr\/wp-json\/wp\/v2\/product_cat?post=537721"},{"taxonomy":"product_tag","embeddable":true,"href":"https:\/\/staging.nbg.eu\/hr\/wp-json\/wp\/v2\/product_tag?post=537721"}],"curies":[{"name":"wp","href":"https:\/\/api.w.org\/{rel}","templated":true}]}}