{"id":53653,"date":"2024-03-04T08:23:25","date_gmt":"2024-09-13T12:53:50","guid":{"rendered":"https:\/\/staging.nbg.eu\/product\/bore-tech-bronze-rifle-brush-3-pack-multiple-calibers\/"},"modified":"2024-09-13T12:54:47","modified_gmt":"2024-09-13T12:54:47","slug":"bore-tech-broncana-puscana-cetka-3-komada-razliciti-kalibri","status":"publish","type":"product","link":"https:\/\/staging.nbg.eu\/hr\/proizvod\/bore-tech-broncana-puscana-cetka-3-komada-razliciti-kalibri\/","title":{"rendered":"Bore Tech Bron\u010dana Pu\u0161\u010dana \u010cetka (3 Komada, Razli\u010diti Kalibri)"},"content":{"rendered":"<p>\nBore Tech \u010detka za pu\u0161ku od bronce izra\u0111ena je s kvalitetnom konstrukcijom i dizajniranim zna\u010dajkama. Sadr\u017ei dvostruko vi\u0161e fosfornih bron\u010danih vlakana za \u010di\u0161\u0107enje i nudi:<\/p>\n<ul>\n<li>Jezgru s petljastim krajevima i dvostrukim navojem za sigurnost cijevi<\/li>\n<li>Klinove od aluminija zrakoplovne kvalitete<\/li>\n<li>Promjere vlakana specifi\u010dne za kalibar<\/li>\n<li>Dostupno za kalibre od .17 do .50<\/li>\n<\/ul>\n<p>Bore Tech \u010detke omogu\u0107uju br\u017ee i u\u010dinkovitije \u010di\u0161\u0107enje.<\/p>\n","protected":false},"excerpt":{"rendered":"<p>Vrhunska bron\u010dana \u010detka za pu\u0161ku za u\u010dinkovito i sigurno \u010di\u0161\u0107enje cijevi.<\/p>\n","protected":false},"featured_media":53654,"template":"","meta":{"_acf_changed":false},"product_brand":[11147],"product_cat":[13577,13550],"product_tag":[],"class_list":{"0":"post-53653","1":"product","2":"type-product","3":"status-publish","4":"has-post-thumbnail","6":"product_brand-boretech","7":"product_cat-cetke","8":"product_cat-ciscenje-oruzja","10":"first","11":"instock","12":"taxable","13":"shipping-taxable","14":"purchasable","15":"product-type-variable","16":"wvs-archive-product-wrapper"},"acf":[],"_links":{"self":[{"href":"https:\/\/staging.nbg.eu\/hr\/wp-json\/wp\/v2\/product\/53653","targetHints":{"allow":["GET"]}}],"collection":[{"href":"https:\/\/staging.nbg.eu\/hr\/wp-json\/wp\/v2\/product"}],"about":[{"href":"https:\/\/staging.nbg.eu\/hr\/wp-json\/wp\/v2\/types\/product"}],"wp:featuredmedia":[{"embeddable":true,"href":"https:\/\/staging.nbg.eu\/hr\/wp-json\/wp\/v2\/media\/53654"}],"wp:attachment":[{"href":"https:\/\/staging.nbg.eu\/hr\/wp-json\/wp\/v2\/media?parent=53653"}],"wp:term":[{"taxonomy":"product_brand","embeddable":true,"href":"https:\/\/staging.nbg.eu\/hr\/wp-json\/wp\/v2\/product_brand?post=53653"},{"taxonomy":"product_cat","embeddable":true,"href":"https:\/\/staging.nbg.eu\/hr\/wp-json\/wp\/v2\/product_cat?post=53653"},{"taxonomy":"product_tag","embeddable":true,"href":"https:\/\/staging.nbg.eu\/hr\/wp-json\/wp\/v2\/product_tag?post=53653"}],"curies":[{"name":"wp","href":"https:\/\/api.w.org\/{rel}","templated":true}]}}