{"id":535381,"date":"2025-09-04T23:53:51","date_gmt":"2025-09-04T20:53:51","guid":{"rendered":"https:\/\/staging.nbg.eu\/product\/law-tactical-llc-ar-15-m16-gen3-m-folding-stock-adapter-99312\/"},"modified":"2025-09-29T15:51:21","modified_gmt":"2025-09-29T12:51:21","slug":"law-tactical-llc-ar-15m16-gen3-m-adapter-za-sklopivo-kundak-99312","status":"publish","type":"product","link":"https:\/\/staging.nbg.eu\/hr\/proizvod\/law-tactical-llc-ar-15m16-gen3-m-adapter-za-sklopivo-kundak-99312\/","title":{"rendered":"LAW TACTICAL LLC AR-15\/M16 Gen3-M Adapter za Sklopivo Kundak (99312)"},"content":{"rendered":"<h2>LAW TACTICAL LLC AR-15\/M16 Gen3-M Adapter za sklopivi kundak (99312)<\/h2>\n<p>Adapter za sklopivi kundak kompatibilan s AR platformom pu\u0161aka. Ovaj dodatak radi s izravnim impingementom i plinskim klipnim sustavima, odgovara A2, karabinskim, mil-spec ili komercijalnim cijevima i kundacima.<\/p>\n<ul>\n<li>Kompatibilan sa standardnim nosa\u010dima zatvara\u010da (puna automatika, poluautomatika, 5.56 do .308)<\/li>\n<li>Prikladan za transport niskog profila<\/li>\n<li>Jednostavno otpu\u0161tanje jednim gumbom za sklapanje<\/li>\n<li>Automatsko zaklju\u010davanje kada je rasklopljen<\/li>\n<li>CNC strojna obrada od 4140 \u010delika<\/li>\n<li>Dizajniran, izra\u0111en i sastavljen u SAD-u<\/li>\n<li>Integrirani priklju\u010dak za remen s jednom to\u010dkom<\/li>\n<\/ul>\n<p>Pove\u0107ava prilagodljivost AR pu\u0161ke bez ugro\u017eavanja funkcije.<\/p>\n","protected":false},"excerpt":{"rendered":"<p>Kompaktni AR-15\/M16 adapter za sklopivi kundak za transport niskog profila.<\/p>\n","protected":false},"featured_media":496045,"template":"","meta":{"_acf_changed":false},"product_brand":[],"product_cat":[13529,13569,13518],"product_tag":[],"class_list":{"0":"post-535381","1":"product","2":"type-product","3":"status-publish","4":"has-post-thumbnail","6":"product_cat-kundaci","7":"product_cat-puska","8":"product_cat-rifle-tuning","10":"first","11":"instock","12":"taxable","13":"shipping-taxable","14":"purchasable","15":"product-type-simple"},"acf":[],"_links":{"self":[{"href":"https:\/\/staging.nbg.eu\/hr\/wp-json\/wp\/v2\/product\/535381","targetHints":{"allow":["GET"]}}],"collection":[{"href":"https:\/\/staging.nbg.eu\/hr\/wp-json\/wp\/v2\/product"}],"about":[{"href":"https:\/\/staging.nbg.eu\/hr\/wp-json\/wp\/v2\/types\/product"}],"wp:featuredmedia":[{"embeddable":true,"href":"https:\/\/staging.nbg.eu\/hr\/wp-json\/wp\/v2\/media\/496045"}],"wp:attachment":[{"href":"https:\/\/staging.nbg.eu\/hr\/wp-json\/wp\/v2\/media?parent=535381"}],"wp:term":[{"taxonomy":"product_brand","embeddable":true,"href":"https:\/\/staging.nbg.eu\/hr\/wp-json\/wp\/v2\/product_brand?post=535381"},{"taxonomy":"product_cat","embeddable":true,"href":"https:\/\/staging.nbg.eu\/hr\/wp-json\/wp\/v2\/product_cat?post=535381"},{"taxonomy":"product_tag","embeddable":true,"href":"https:\/\/staging.nbg.eu\/hr\/wp-json\/wp\/v2\/product_tag?post=535381"}],"curies":[{"name":"wp","href":"https:\/\/api.w.org\/{rel}","templated":true}]}}