{"id":535272,"date":"2025-09-04T23:53:23","date_gmt":"2025-09-04T20:53:23","guid":{"rendered":"https:\/\/staging.nbg.eu\/product\/bravo-company-bcmgunfighter-quick-detach-sling-swivel-heavy-duty-design-bcm-qdss-2\/"},"modified":"2025-09-29T15:42:21","modified_gmt":"2025-09-29T12:42:21","slug":"bravo-company-bcmgunfighter-brzo-otpustajuca-petlja-za-remen-teske-izvedbe-bcm-qdss-2","status":"publish","type":"product","link":"https:\/\/staging.nbg.eu\/hr\/proizvod\/bravo-company-bcmgunfighter-brzo-otpustajuca-petlja-za-remen-teske-izvedbe-bcm-qdss-2\/","title":{"rendered":"BRAVO COMPANY BCMGUNFIGHTER Brzo Otpu\u0161taju\u0107a Petlja za Remen Te\u0161ke Izvedbe (BCM-QDSs-2)"},"content":{"rendered":"<h2>BCMGUNFIGHTER\u2122 Brzo odvojiva kop\u010da za remen (Izdr\u017eljiv dizajn)<\/h2>\n<p>BCMGUNFIGHTER\u2122 Brzo odvojiva kop\u010da za remen (BCM-QDSs-2). Ovaj izdr\u017eljiv dizajn nudi pouzdanost i funkcionalnost za remene \u0161irine 1-1\/4&#8243;.<\/p>\n<ul>\n<li>Upu\u0161teni klip sprje\u010dava slu\u010dajno otpu\u0161tanje, osiguravaju\u0107i da remen ostane siguran<\/li>\n<li>Obra\u0111eno i pjeskareno prije premazivanja za glatku zavr\u0161nu obradu<\/li>\n<li>Izra\u0111eno od uglji\u010dnog \u010delika sa za\u0161titnim manganovim fosfatnim premazom<\/li>\n<li>Kompatibilno s remenima \u0161irine 1-1\/4&#8243;<\/li>\n<\/ul>\n<p>Ova kop\u010da za remen je proizvedena u SAD-u, osiguravaju\u0107i kvalitetu i performanse.<\/p>\n","protected":false},"excerpt":{"rendered":"<p>Robusni QD nosa\u010d za remen od 1,25&#8243; (3,175 cm) proizveden u SAD-u. Siguran i izdr\u017eljiv.<\/p>\n","protected":false},"featured_media":495884,"template":"","meta":{"_acf_changed":false},"product_brand":[11054],"product_cat":[13569,13532,13518],"product_tag":[],"class_list":{"0":"post-535272","1":"product","2":"type-product","3":"status-publish","4":"has-post-thumbnail","6":"product_brand-bcm","7":"product_cat-puska","8":"product_cat-remeni","9":"product_cat-rifle-tuning","11":"first","12":"outofstock","13":"taxable","14":"shipping-taxable","15":"purchasable","16":"product-type-simple"},"acf":[],"_links":{"self":[{"href":"https:\/\/staging.nbg.eu\/hr\/wp-json\/wp\/v2\/product\/535272","targetHints":{"allow":["GET"]}}],"collection":[{"href":"https:\/\/staging.nbg.eu\/hr\/wp-json\/wp\/v2\/product"}],"about":[{"href":"https:\/\/staging.nbg.eu\/hr\/wp-json\/wp\/v2\/types\/product"}],"wp:featuredmedia":[{"embeddable":true,"href":"https:\/\/staging.nbg.eu\/hr\/wp-json\/wp\/v2\/media\/495884"}],"wp:attachment":[{"href":"https:\/\/staging.nbg.eu\/hr\/wp-json\/wp\/v2\/media?parent=535272"}],"wp:term":[{"taxonomy":"product_brand","embeddable":true,"href":"https:\/\/staging.nbg.eu\/hr\/wp-json\/wp\/v2\/product_brand?post=535272"},{"taxonomy":"product_cat","embeddable":true,"href":"https:\/\/staging.nbg.eu\/hr\/wp-json\/wp\/v2\/product_cat?post=535272"},{"taxonomy":"product_tag","embeddable":true,"href":"https:\/\/staging.nbg.eu\/hr\/wp-json\/wp\/v2\/product_tag?post=535272"}],"curies":[{"name":"wp","href":"https:\/\/api.w.org\/{rel}","templated":true}]}}