{"id":535055,"date":"2025-09-04T20:17:18","date_gmt":"2025-09-04T17:17:18","guid":{"rendered":"https:\/\/staging.nbg.eu\/product\/sprinco-usa-308-m4-extension-tube-cs-xp-buffer-spring-in-hard-tube-25762-orange\/"},"modified":"2025-09-29T15:16:04","modified_gmt":"2025-09-29T12:16:04","slug":"sprinco-usa-308-m4-produzna-cijev-cs-xp-opruga-prigusivaca-u-cvrstoj-cijevi-25762-narancasta","status":"publish","type":"product","link":"https:\/\/staging.nbg.eu\/hr\/proizvod\/sprinco-usa-308-m4-produzna-cijev-cs-xp-opruga-prigusivaca-u-cvrstoj-cijevi-25762-narancasta\/","title":{"rendered":"SPRINCO USA 308 M4 PRODU\u017dNA CIJEV CS XP OPRUGA PRIGU\u0160IVA\u010cA U \u010cVRSTOJ CIJEVI (25762) Naran\u010dasta"},"content":{"rendered":"<div class=\"product-description\">\n<h2>SPRINCO USA 308 M4 produ\u017ena cijev CS XP opruga pufera u tvrdoj cijevi (25762) Naran\u010dasta<\/h2>\n<p>Opruga pufera za velike karabine, ovaj Sprinco USA proizvod dizajniran je za kori\u0161tenje u vi\u0161e konfiguracija:<\/p>\n<ul>\n<li>DPMS uzorak .308 \/ 6.5 CM sa standardnom 7&#8243; M4 cijevi pufera i 2.5&#8243; kratkim puferom<\/li>\n<li>SR-25 \/ Armalite uzorak karabina srednje dubine s 3.25&#8243; puferima<\/li>\n<li>Standardne 7&#8243; M4 cijevi u preoptere\u0107enim karabinima (5.56, 6.8 SPC, 6.5 Grendel, itd.)<\/li>\n<\/ul>\n<p>Opruga pufera za va\u0161e vatreno oru\u017eje. Pakirana u tvrdoj cijevi za za\u0161titu tijekom transporta i skladi\u0161tenja.<\/p>\n<\/div>\n","protected":false},"excerpt":{"rendered":"<p>Vi\u0161enamjenska opruga za prigu\u0161ivanje trzaja za .308\/6.5 CM karabine i pu\u0161ke s prekomjernim otpu\u0161tanjem plina.<\/p>\n","protected":false},"featured_media":495538,"template":"","meta":{"_acf_changed":false},"product_brand":[],"product_cat":[13569,13518],"product_tag":[],"class_list":{"0":"post-535055","1":"product","2":"type-product","3":"status-publish","4":"has-post-thumbnail","6":"product_cat-puska","7":"product_cat-rifle-tuning","9":"first","10":"instock","11":"taxable","12":"shipping-taxable","13":"purchasable","14":"product-type-simple"},"acf":[],"_links":{"self":[{"href":"https:\/\/staging.nbg.eu\/hr\/wp-json\/wp\/v2\/product\/535055","targetHints":{"allow":["GET"]}}],"collection":[{"href":"https:\/\/staging.nbg.eu\/hr\/wp-json\/wp\/v2\/product"}],"about":[{"href":"https:\/\/staging.nbg.eu\/hr\/wp-json\/wp\/v2\/types\/product"}],"wp:featuredmedia":[{"embeddable":true,"href":"https:\/\/staging.nbg.eu\/hr\/wp-json\/wp\/v2\/media\/495538"}],"wp:attachment":[{"href":"https:\/\/staging.nbg.eu\/hr\/wp-json\/wp\/v2\/media?parent=535055"}],"wp:term":[{"taxonomy":"product_brand","embeddable":true,"href":"https:\/\/staging.nbg.eu\/hr\/wp-json\/wp\/v2\/product_brand?post=535055"},{"taxonomy":"product_cat","embeddable":true,"href":"https:\/\/staging.nbg.eu\/hr\/wp-json\/wp\/v2\/product_cat?post=535055"},{"taxonomy":"product_tag","embeddable":true,"href":"https:\/\/staging.nbg.eu\/hr\/wp-json\/wp\/v2\/product_tag?post=535055"}],"curies":[{"name":"wp","href":"https:\/\/api.w.org\/{rel}","templated":true}]}}