{"id":534836,"date":"2025-09-04T20:17:18","date_gmt":"2025-09-04T17:17:18","guid":{"rendered":"https:\/\/staging.nbg.eu\/product\/sprinco-usa-enhanced-4-coil-bolt-carrier-extractor-cs-spring-3-pak-25435-red\/"},"modified":"2025-09-29T14:49:32","modified_gmt":"2025-09-29T11:49:32","slug":"sprinco-usa-pojacana-4-zavojna-opruga-ekstraktor-nosaca-zatvaraca-cs-3-komada-25435-crvena","status":"publish","type":"product","link":"https:\/\/staging.nbg.eu\/hr\/proizvod\/sprinco-usa-pojacana-4-zavojna-opruga-ekstraktor-nosaca-zatvaraca-cs-3-komada-25435-crvena\/","title":{"rendered":"SPRINCO USA POJA\u010cANA 4-ZAVOJNA OPRUGA EKSTRAKTOR NOSA\u010cA ZATVARA\u010cA CS 3-KOMADA (25435) Crvena"},"content":{"rendered":"<div class=\"product-description\">\n<h2>SPRINCO USA POBOLJ\u0160ANA 4-ZAVOJNA OPRUGA EKSTRAKTORA NOSA\u010cA ZATVARA\u010cA CS 3-PAKET (25435) Crvena<\/h2>\n<p>Sprinco opruge izra\u0111ene u SAD-u od toplinski obra\u0111ene, krom-silicijske \u017eice koja je pro\u0161la kroz kriogenu obradu i ima premaz od mikroniziranog molibden disulfida za izdr\u017eljivost.<\/p>\n<ul>\n<li>Odr\u017eava produ\u017eeni radni ciklus nove vojne specifikacije opruge<\/li>\n<li>Pogodno za cijevi duljine 18&#8243;+ i skupljanje \u010dahura<\/li>\n<li>Otporno na toplinu do 400\u00b0C<\/li>\n<li>Ekstremni radni ciklusi s dosljednim performansama<\/li>\n<li>Dugotrajno rje\u0161enje za jednostavnu ugradnju<\/li>\n<\/ul>\n<p>Opruge ekstraktora za nosa\u010d zatvara\u010da za pobolj\u0161an rad i dugovje\u010dnost vatrenog oru\u017eja.<\/p>\n<\/div>\n","protected":false},"excerpt":{"rendered":"<p>Izdr\u017eljive ekstraktorne opruge s 4 namotaja za produ\u017eene cikluse rada. Proizvedeno u SAD-u.<\/p>\n","protected":false},"featured_media":495489,"template":"","meta":{"_acf_changed":false},"product_brand":[],"product_cat":[13585],"product_tag":[],"class_list":{"0":"post-534836","1":"product","2":"type-product","3":"status-publish","4":"has-post-thumbnail","6":"product_cat-nekategorizirano","8":"first","9":"instock","10":"taxable","11":"shipping-taxable","12":"purchasable","13":"product-type-simple"},"acf":[],"_links":{"self":[{"href":"https:\/\/staging.nbg.eu\/hr\/wp-json\/wp\/v2\/product\/534836","targetHints":{"allow":["GET"]}}],"collection":[{"href":"https:\/\/staging.nbg.eu\/hr\/wp-json\/wp\/v2\/product"}],"about":[{"href":"https:\/\/staging.nbg.eu\/hr\/wp-json\/wp\/v2\/types\/product"}],"wp:featuredmedia":[{"embeddable":true,"href":"https:\/\/staging.nbg.eu\/hr\/wp-json\/wp\/v2\/media\/495489"}],"wp:attachment":[{"href":"https:\/\/staging.nbg.eu\/hr\/wp-json\/wp\/v2\/media?parent=534836"}],"wp:term":[{"taxonomy":"product_brand","embeddable":true,"href":"https:\/\/staging.nbg.eu\/hr\/wp-json\/wp\/v2\/product_brand?post=534836"},{"taxonomy":"product_cat","embeddable":true,"href":"https:\/\/staging.nbg.eu\/hr\/wp-json\/wp\/v2\/product_cat?post=534836"},{"taxonomy":"product_tag","embeddable":true,"href":"https:\/\/staging.nbg.eu\/hr\/wp-json\/wp\/v2\/product_tag?post=534836"}],"curies":[{"name":"wp","href":"https:\/\/api.w.org\/{rel}","templated":true}]}}