{"id":534719,"date":"2025-09-04T20:17:18","date_gmt":"2025-09-04T17:17:18","guid":{"rendered":"https:\/\/staging.nbg.eu\/product\/law-tactical-llc-ar-15-m16-gen3-m-folding-stock-adapter-fde-99313\/"},"modified":"2025-09-29T13:45:52","modified_gmt":"2025-09-29T10:45:52","slug":"law-tactical-llc-ar-15m16-gen3-m-adapter-za-sklopivo-kundak-fde-99313","status":"publish","type":"product","link":"https:\/\/staging.nbg.eu\/hr\/proizvod\/law-tactical-llc-ar-15m16-gen3-m-adapter-za-sklopivo-kundak-fde-99313\/","title":{"rendered":"LAW TACTICAL LLC AR-15\/M16 Gen3-M Adapter za Sklopivo Kundak FDE (99313)"},"content":{"rendered":"<div class=\"product-description\">\n<h2>LAW TACTICAL LLC AR-15\/M16 Gen3-M Adapter za sklopivi kundak FDE (99313)<\/h2>\n<p>LAW TACTICAL Gen3-M adapter za sklopivi kundak proizveden u SAD-u. Ovaj \u010deli\u010dni adapter omogu\u0107uje jednostavnu ugradnju sklopivog kundaka, stvaraju\u0107i kompaktnu pu\u0161ku.<\/p>\n<ul>\n<li>Kompatibilan sa standardnim sustavima plinskog pogona i plinskim klipom<\/li>\n<li>Prihva\u0107a A2, mil-spec M4 i komercijalne cijevi za pro\u0161irenje karabina<\/li>\n<li>Radi sa standardnim grupama nosa\u010da zatvara\u010da, uklju\u010duju\u0107i full-auto i .308 veli\u010dine<\/li>\n<li>Rad jednim gumbom za brzo sklapanje i rasklapanje<\/li>\n<li>Podesiva napetost \u0161arke<\/li>\n<li>DLC premaz<\/li>\n<li>Dodaje 1,3&#8243; duljini poteza<\/li>\n<li>Te\u017eina: 8,5 oz<\/li>\n<\/ul>\n<p><strong>Napomena:<\/strong> Ne pucajte iz pu\u0161ke sa sklopljenim kundakom. Kompatibilno samo s Centerfire i Mil-Spec nosa\u010dima ili kompatibilnim AR 9mm zatvara\u010dima.<\/p>\n<\/div>\n","protected":false},"excerpt":{"rendered":"<p>Kompaktni AR-15 adapter za sklopivi kundak za lak transport i pohranu.<\/p>\n","protected":false},"featured_media":495374,"template":"","meta":{"_acf_changed":false},"product_brand":[],"product_cat":[13529,13569,13518],"product_tag":[],"class_list":{"0":"post-534719","1":"product","2":"type-product","3":"status-publish","4":"has-post-thumbnail","6":"product_cat-kundaci","7":"product_cat-puska","8":"product_cat-rifle-tuning","10":"first","11":"instock","12":"taxable","13":"shipping-taxable","14":"purchasable","15":"product-type-simple"},"acf":[],"_links":{"self":[{"href":"https:\/\/staging.nbg.eu\/hr\/wp-json\/wp\/v2\/product\/534719","targetHints":{"allow":["GET"]}}],"collection":[{"href":"https:\/\/staging.nbg.eu\/hr\/wp-json\/wp\/v2\/product"}],"about":[{"href":"https:\/\/staging.nbg.eu\/hr\/wp-json\/wp\/v2\/types\/product"}],"wp:featuredmedia":[{"embeddable":true,"href":"https:\/\/staging.nbg.eu\/hr\/wp-json\/wp\/v2\/media\/495374"}],"wp:attachment":[{"href":"https:\/\/staging.nbg.eu\/hr\/wp-json\/wp\/v2\/media?parent=534719"}],"wp:term":[{"taxonomy":"product_brand","embeddable":true,"href":"https:\/\/staging.nbg.eu\/hr\/wp-json\/wp\/v2\/product_brand?post=534719"},{"taxonomy":"product_cat","embeddable":true,"href":"https:\/\/staging.nbg.eu\/hr\/wp-json\/wp\/v2\/product_cat?post=534719"},{"taxonomy":"product_tag","embeddable":true,"href":"https:\/\/staging.nbg.eu\/hr\/wp-json\/wp\/v2\/product_tag?post=534719"}],"curies":[{"name":"wp","href":"https:\/\/api.w.org\/{rel}","templated":true}]}}