{"id":533729,"date":"2025-09-04T18:48:23","date_gmt":"2025-09-04T15:48:23","guid":{"rendered":"https:\/\/staging.nbg.eu\/product\/utg-h3-carbine-buffer-ar15-m4-rb-t6bfh3\/"},"modified":"2025-09-29T11:03:25","modified_gmt":"2025-09-29T08:03:25","slug":"utg-h3-karabinski-prigusivac-ar15-m4-rb-t6bfh3","status":"publish","type":"product","link":"https:\/\/staging.nbg.eu\/hr\/proizvod\/utg-h3-karabinski-prigusivac-ar15-m4-rb-t6bfh3\/","title":{"rendered":"UTG &#8211; H3 Karabinski Prigu\u0161iva\u010d &#8211; AR15 \/ M4 &#8211; RB-T6BFH3"},"content":{"rendered":"<div class=\"product-description\">\n<h2>UTG &#8211; H3 Karbin Pufer &#8211; AR15 \/ M4 &#8211; RB-T6BFH3<\/h2>\n<p>UTG H3 Pufer za trzaj za AR15. Ovaj pufer sadr\u017ei:<\/p>\n<ul>\n<li>3 te\u0161ka volfram utega<\/li>\n<li>Oja\u010dano 6061-T6 aluminijsko ku\u0107i\u0161te s tvrdom anodiziranom zavr\u0161nom obradom<\/li>\n<li>\u010cvrsto ugra\u0111en krajnji odbojnik<\/li>\n<li>Pove\u0107ava vrijeme zadr\u017eavanja i olak\u0161ava izvla\u010denje<\/li>\n<li>Smanjuje osjetni trzaj<\/li>\n<li>Mo\u017ee pobolj\u0161ati preciznost s ne\u0161to te\u017eim kalibrima<\/li>\n<\/ul>\n<p>Te\u017eina 5.4 oz, ovaj pufer je dizajniran za AR platformu. Mo\u017ee pobolj\u0161ati udobnost i potencijalno preciznost.<\/p>\n","protected":false},"excerpt":{"rendered":"<p>UTG H3 prigu\u0161iva\u010d trzaja za karabine: Smanjuje trzaj, pobolj\u0161ava udobnost za AR15\/M4.<\/p>\n","protected":false},"featured_media":494310,"template":"","meta":{"_acf_changed":false},"product_brand":[],"product_cat":[13518],"product_tag":[],"class_list":{"0":"post-533729","1":"product","2":"type-product","3":"status-publish","4":"has-post-thumbnail","6":"product_cat-rifle-tuning","8":"first","9":"instock","10":"taxable","11":"shipping-taxable","12":"purchasable","13":"product-type-simple"},"acf":[],"_links":{"self":[{"href":"https:\/\/staging.nbg.eu\/hr\/wp-json\/wp\/v2\/product\/533729","targetHints":{"allow":["GET"]}}],"collection":[{"href":"https:\/\/staging.nbg.eu\/hr\/wp-json\/wp\/v2\/product"}],"about":[{"href":"https:\/\/staging.nbg.eu\/hr\/wp-json\/wp\/v2\/types\/product"}],"wp:featuredmedia":[{"embeddable":true,"href":"https:\/\/staging.nbg.eu\/hr\/wp-json\/wp\/v2\/media\/494310"}],"wp:attachment":[{"href":"https:\/\/staging.nbg.eu\/hr\/wp-json\/wp\/v2\/media?parent=533729"}],"wp:term":[{"taxonomy":"product_brand","embeddable":true,"href":"https:\/\/staging.nbg.eu\/hr\/wp-json\/wp\/v2\/product_brand?post=533729"},{"taxonomy":"product_cat","embeddable":true,"href":"https:\/\/staging.nbg.eu\/hr\/wp-json\/wp\/v2\/product_cat?post=533729"},{"taxonomy":"product_tag","embeddable":true,"href":"https:\/\/staging.nbg.eu\/hr\/wp-json\/wp\/v2\/product_tag?post=533729"}],"curies":[{"name":"wp","href":"https:\/\/api.w.org\/{rel}","templated":true}]}}