{"id":533234,"date":"2025-09-07T23:46:53","date_gmt":"2025-09-07T20:46:53","guid":{"rendered":"https:\/\/staging.nbg.eu\/product\/vanward-thread-insert\/"},"modified":"2025-09-29T10:49:57","modified_gmt":"2025-09-29T07:49:57","slug":"vanward-navoj-umetak","status":"publish","type":"product","link":"https:\/\/staging.nbg.eu\/hr\/proizvod\/vanward-navoj-umetak\/","title":{"rendered":"Vanward Navoj Umetak"},"content":{"rendered":"<div class=\"product-description\">\n<h2>Vanward navojni umetak<\/h2>\n<p>Dodajte Vanward Hunter i Hunter Pro prigu\u0161iva\u010dima na\u0161e \u010deli\u010dne navojne umetke. Dostupni u vi\u0161e veli\u010dina i konfiguracija prema va\u0161im potrebama:<\/p>\n<ul>\n<li>M13<\/li>\n<li>M14<\/li>\n<li>M15<\/li>\n<li>M17<\/li>\n<li>M18<\/li>\n<li>M22<\/li>\n<\/ul>\n<p>Ovi navojni umeci dizajnirani su za sigurno i precizno pristajanje \u010dahure prigu\u0161iva\u010da. Izra\u0111eni su od \u010delika za dugotrajnost i optimalnu izvedbu u razli\u010ditim uvjetima pucanja.<\/p>\n<p>Kompatibilni su s Vanward Hunter i Hunter Pro modelima. Nadogradite svoj prigu\u0161iva\u010d s Vanward navojnim umecima.<\/p>\n<\/div>\n","protected":false},"excerpt":{"rendered":"<p>Vanward navojni umetak: \u010celi\u010dni umetci za Hunter prigu\u0161iva\u010de, M13-M22.<\/p>\n","protected":false},"featured_media":501447,"template":"","meta":{"_acf_changed":false},"product_brand":[11928],"product_cat":[13541,13504,13522],"product_tag":[],"class_list":{"0":"post-533234","1":"product","2":"type-product","3":"status-publish","4":"has-post-thumbnail","6":"product_brand-vanward","7":"product_cat-pribor-za-prigusivace","8":"product_cat-prigusivaci","9":"product_cat-prigusivaci-za-pusku","11":"first","12":"instock","13":"taxable","14":"shipping-taxable","15":"purchasable","16":"product-type-variable","17":"wvs-archive-product-wrapper"},"acf":[],"_links":{"self":[{"href":"https:\/\/staging.nbg.eu\/hr\/wp-json\/wp\/v2\/product\/533234","targetHints":{"allow":["GET"]}}],"collection":[{"href":"https:\/\/staging.nbg.eu\/hr\/wp-json\/wp\/v2\/product"}],"about":[{"href":"https:\/\/staging.nbg.eu\/hr\/wp-json\/wp\/v2\/types\/product"}],"wp:featuredmedia":[{"embeddable":true,"href":"https:\/\/staging.nbg.eu\/hr\/wp-json\/wp\/v2\/media\/501447"}],"wp:attachment":[{"href":"https:\/\/staging.nbg.eu\/hr\/wp-json\/wp\/v2\/media?parent=533234"}],"wp:term":[{"taxonomy":"product_brand","embeddable":true,"href":"https:\/\/staging.nbg.eu\/hr\/wp-json\/wp\/v2\/product_brand?post=533234"},{"taxonomy":"product_cat","embeddable":true,"href":"https:\/\/staging.nbg.eu\/hr\/wp-json\/wp\/v2\/product_cat?post=533234"},{"taxonomy":"product_tag","embeddable":true,"href":"https:\/\/staging.nbg.eu\/hr\/wp-json\/wp\/v2\/product_tag?post=533234"}],"curies":[{"name":"wp","href":"https:\/\/api.w.org\/{rel}","templated":true}]}}