{"id":532722,"date":"2025-09-04T17:51:31","date_gmt":"2025-09-04T14:51:31","guid":{"rendered":"https:\/\/staging.nbg.eu\/product\/strike-industries-mass-driver-comp-for-glock-17-gen4\/"},"modified":"2025-09-29T09:49:25","modified_gmt":"2025-09-29T06:49:25","slug":"strike-industries-mass-driver-comp-za-glock-17-gen4","status":"publish","type":"product","link":"https:\/\/staging.nbg.eu\/hr\/proizvod\/strike-industries-mass-driver-comp-za-glock-17-gen4\/","title":{"rendered":"Strike Industries &#8211; Mass Driver Comp za Glock 17 Gen4"},"content":{"rendered":"<h2>Strike Industries &#8211; Kompenzator Mass Driver za Glock 17 Gen4<\/h2>\n<p>Strike Industries Mass Driver Kompenzator (MDC) za Glock 17 Gen4 je novi dizajn kompenzatora. Ovaj kompenzator smanjuje mehani\u010dki trzaj bez ugro\u017eavanja pouzdanosti ciklusa.<\/p>\n<h2>Glavne zna\u010dajke:<\/h2>\n<ul>\n<li>Odvaja se od radnih komponenti nakon paljenja<\/li>\n<li>Odr\u017eava brzine ciklusa blizu originalnih<\/li>\n<li>Smanjuje recipro\u010dnu masu<\/li>\n<li>Pro\u0161ireni otvor za smanjenje udaraca o pregradu i prevrtanja metka<\/li>\n<li>Rez od 2,5 mm za sprje\u010davanje o\u0161te\u0107enja navlake<\/li>\n<li>Kompatibilan s ve\u0107inom cijevi s navojem drugih proizvo\u0111a\u010da<\/li>\n<li>Odgovara GLOCK\u2122 GEN3, GEN4 i GEN5 G17 navlakama<\/li>\n<li>Radi s ve\u0107inom futrola otvorenog kraja<\/li>\n<\/ul>\n<p><strong>Napomena:<\/strong> Preporu\u010deni moment zatezanja za maticu vodilice: 25 lbs\/in. Kori\u0161tenje +P i +P+ streljiva mo\u017ee uzrokovati prijevremeno tro\u0161enje.<\/p>\n","protected":false},"excerpt":{"rendered":"<p>Revolucionarni dizajn kompenzatora za smanjeni trzaj i br\u017ee repetiranje.<\/p>\n","protected":false},"featured_media":493827,"template":"","meta":{"_acf_changed":false},"product_brand":[],"product_cat":[13570,13526],"product_tag":[],"class_list":{"0":"post-532722","1":"product","2":"type-product","3":"status-publish","4":"has-post-thumbnail","6":"product_cat-dijelovi-za-pistolj","7":"product_cat-pistolj","9":"first","10":"instock","11":"taxable","12":"shipping-taxable","13":"purchasable","14":"product-type-simple"},"acf":[],"_links":{"self":[{"href":"https:\/\/staging.nbg.eu\/hr\/wp-json\/wp\/v2\/product\/532722","targetHints":{"allow":["GET"]}}],"collection":[{"href":"https:\/\/staging.nbg.eu\/hr\/wp-json\/wp\/v2\/product"}],"about":[{"href":"https:\/\/staging.nbg.eu\/hr\/wp-json\/wp\/v2\/types\/product"}],"wp:featuredmedia":[{"embeddable":true,"href":"https:\/\/staging.nbg.eu\/hr\/wp-json\/wp\/v2\/media\/493827"}],"wp:attachment":[{"href":"https:\/\/staging.nbg.eu\/hr\/wp-json\/wp\/v2\/media?parent=532722"}],"wp:term":[{"taxonomy":"product_brand","embeddable":true,"href":"https:\/\/staging.nbg.eu\/hr\/wp-json\/wp\/v2\/product_brand?post=532722"},{"taxonomy":"product_cat","embeddable":true,"href":"https:\/\/staging.nbg.eu\/hr\/wp-json\/wp\/v2\/product_cat?post=532722"},{"taxonomy":"product_tag","embeddable":true,"href":"https:\/\/staging.nbg.eu\/hr\/wp-json\/wp\/v2\/product_tag?post=532722"}],"curies":[{"name":"wp","href":"https:\/\/api.w.org\/{rel}","templated":true}]}}