{"id":53154,"date":"2024-03-04T08:51:50","date_gmt":"2024-09-13T12:49:28","guid":{"rendered":"https:\/\/staging.nbg.eu\/product\/bore-tech-proof-positive-bore-stix-multiple-calibers\/"},"modified":"2024-09-13T12:50:24","modified_gmt":"2024-09-13T12:50:24","slug":"bore-tech-proof-positive-bore-stix-razliciti-kalibri","status":"publish","type":"product","link":"https:\/\/staging.nbg.eu\/hr\/proizvod\/bore-tech-proof-positive-bore-stix-razliciti-kalibri\/","title":{"rendered":"Bore Tech Proof-Positive Bore Stix (Razli\u010diti Kalibri)"},"content":{"rendered":"<p>\n<strong>Bore Tech Proof-Positive Bore Stix (Vi\u0161e kalibara)<\/strong><br \/>\nBore Tech Proof-Positive Bore Stix\u2122 \u0161ipke za \u010di\u0161\u0107enje cijevi. Karakteristike:<\/p>\n<ul>\n<li>Ru\u010dke s kugli\u010dnim le\u017eajevima<\/li>\n<li>Dizajn sa slobodnim kretanjem za pra\u0107enje \u017eljebova<\/li>\n<li>Gumene dr\u0161ke u boji koje ne klize<\/li>\n<li>Zamjenjivi vrh koji ne o\u0161te\u0107uje cijev, nije od mesinga<\/li>\n<li>\u010celi\u010dna jezgra za \u010dvrsto\u0107u<\/li>\n<li>Premaz s niskim trenjem<\/li>\n<li>Sustav za identifikaciju stope uvijanja cijevi<\/li>\n<\/ul>\n<p>Bore Tech Proof-Positive Bore Stix.<\/p>\n","protected":false},"excerpt":{"rendered":"<p>Precizni \u0161tapovi za \u010di\u0161\u0107enje s ru\u010dkama s kugli\u010dnim le\u017eajevima i zamjenjivim vrhovima.<\/p>\n","protected":false},"featured_media":53155,"template":"","meta":{"_acf_changed":false},"product_brand":[11147],"product_cat":[13550,13509],"product_tag":[],"class_list":{"0":"post-53154","1":"product","2":"type-product","3":"status-publish","4":"has-post-thumbnail","6":"product_brand-boretech","7":"product_cat-ciscenje-oruzja","8":"product_cat-cistaci","10":"first","11":"instock","12":"taxable","13":"shipping-taxable","14":"purchasable","15":"product-type-variable","16":"wvs-archive-product-wrapper"},"acf":[],"_links":{"self":[{"href":"https:\/\/staging.nbg.eu\/hr\/wp-json\/wp\/v2\/product\/53154","targetHints":{"allow":["GET"]}}],"collection":[{"href":"https:\/\/staging.nbg.eu\/hr\/wp-json\/wp\/v2\/product"}],"about":[{"href":"https:\/\/staging.nbg.eu\/hr\/wp-json\/wp\/v2\/types\/product"}],"wp:featuredmedia":[{"embeddable":true,"href":"https:\/\/staging.nbg.eu\/hr\/wp-json\/wp\/v2\/media\/53155"}],"wp:attachment":[{"href":"https:\/\/staging.nbg.eu\/hr\/wp-json\/wp\/v2\/media?parent=53154"}],"wp:term":[{"taxonomy":"product_brand","embeddable":true,"href":"https:\/\/staging.nbg.eu\/hr\/wp-json\/wp\/v2\/product_brand?post=53154"},{"taxonomy":"product_cat","embeddable":true,"href":"https:\/\/staging.nbg.eu\/hr\/wp-json\/wp\/v2\/product_cat?post=53154"},{"taxonomy":"product_tag","embeddable":true,"href":"https:\/\/staging.nbg.eu\/hr\/wp-json\/wp\/v2\/product_tag?post=53154"}],"curies":[{"name":"wp","href":"https:\/\/api.w.org\/{rel}","templated":true}]}}