{"id":531273,"date":"2025-09-04T17:51:30","date_gmt":"2025-09-04T14:51:30","guid":{"rendered":"https:\/\/staging.nbg.eu\/product\/strike-industries-mass-driver-comp-for-glock-19-gen4\/"},"modified":"2025-09-26T17:55:00","modified_gmt":"2025-09-26T14:55:00","slug":"strike-industries-mass-driver-comp-za-glock-19-gen4","status":"publish","type":"product","link":"https:\/\/staging.nbg.eu\/hr\/proizvod\/strike-industries-mass-driver-comp-za-glock-19-gen4\/","title":{"rendered":"Strike Industries &#8211; Mass Driver Comp za Glock 19 Gen4"},"content":{"rendered":"<h2>Strike Industries kompenzator Mass Driver za Glock 19 Gen4<\/h2>\n<p>Strike Industries Mass Driver Compensator (MDC) za Glock 19 Gen4 nudi sljede\u0107e:<\/p>\n<ul>\n<li>Smanjenje mehani\u010dkog trzaja pomo\u0107u sustava protute\u017ee<\/li>\n<li>Brzine ciklusa blizu tvorni\u010dkih za pouzdani rad<\/li>\n<li>Pro\u0161ireni otvor za sprje\u010davanje udaraca u pregradu i nestabilnosti metka<\/li>\n<li>Rez od 2,5 mm za za\u0161titu lica zatvara\u010da<\/li>\n<li>Kompatibilnost s ve\u0107inom cijevi s navojem drugih proizvo\u0111a\u010da<\/li>\n<li>Odgovara kliza\u010dima Gen3, Gen4 i Gen5 G19 i G17<\/li>\n<li>Radi s futrolama otvorenog kraja koje prihva\u0107aju kompenzatore<\/li>\n<\/ul>\n<p>Napomena: Preporu\u010deni moment pritezanja za maticu vodilice je 25 lbs\/in. Kori\u0161tenje +P i +P+ streljiva mo\u017ee uzrokovati prijevremeno tro\u0161enje.<\/p>\n","protected":false},"excerpt":{"rendered":"<p>Revolucionarni kompenzator za Glock 19 Gen4. Smanjuje trzaj i podizanje cijevi.<\/p>\n","protected":false},"featured_media":493665,"template":"","meta":{"_acf_changed":false},"product_brand":[],"product_cat":[13585],"product_tag":[],"class_list":{"0":"post-531273","1":"product","2":"type-product","3":"status-publish","4":"has-post-thumbnail","6":"product_cat-nekategorizirano","8":"first","9":"instock","10":"taxable","11":"shipping-taxable","12":"purchasable","13":"product-type-simple"},"acf":[],"_links":{"self":[{"href":"https:\/\/staging.nbg.eu\/hr\/wp-json\/wp\/v2\/product\/531273","targetHints":{"allow":["GET"]}}],"collection":[{"href":"https:\/\/staging.nbg.eu\/hr\/wp-json\/wp\/v2\/product"}],"about":[{"href":"https:\/\/staging.nbg.eu\/hr\/wp-json\/wp\/v2\/types\/product"}],"wp:featuredmedia":[{"embeddable":true,"href":"https:\/\/staging.nbg.eu\/hr\/wp-json\/wp\/v2\/media\/493665"}],"wp:attachment":[{"href":"https:\/\/staging.nbg.eu\/hr\/wp-json\/wp\/v2\/media?parent=531273"}],"wp:term":[{"taxonomy":"product_brand","embeddable":true,"href":"https:\/\/staging.nbg.eu\/hr\/wp-json\/wp\/v2\/product_brand?post=531273"},{"taxonomy":"product_cat","embeddable":true,"href":"https:\/\/staging.nbg.eu\/hr\/wp-json\/wp\/v2\/product_cat?post=531273"},{"taxonomy":"product_tag","embeddable":true,"href":"https:\/\/staging.nbg.eu\/hr\/wp-json\/wp\/v2\/product_tag?post=531273"}],"curies":[{"name":"wp","href":"https:\/\/api.w.org\/{rel}","templated":true}]}}