{"id":531051,"date":"2025-09-04T17:50:56","date_gmt":"2025-09-04T14:50:56","guid":{"rendered":"https:\/\/staging.nbg.eu\/product\/wbp-rogow-mounting-kit-for-enlarged-magazine-latch-ak-akm-ak-74\/"},"modified":"2025-09-26T16:30:21","modified_gmt":"2025-09-26T13:30:21","slug":"wbp-rogow-komplet-za-montazu-za-povecanu-rucicu-spremnika-ak-akm-ak-74","status":"publish","type":"product","link":"https:\/\/staging.nbg.eu\/hr\/proizvod\/wbp-rogow-komplet-za-montazu-za-povecanu-rucicu-spremnika-ak-akm-ak-74\/","title":{"rendered":"WBP Rog\u00f3w &#8211; Komplet za Monta\u017eu za Pove\u0107anu Ru\u010dicu Spremnika &#8211; AK \/ AKM \/ AK-74"},"content":{"rendered":"<h2>WBP Rog\u00f3w &#8211; Komplet za monta\u017eu pro\u0161irene poluge spremnika &#8211; AK \/ AKM \/ AK-74<\/h2>\n<p>Ovaj komplet za monta\u017eu pro\u0161irene poluge spremnika od WBP Rog\u00f3w namijenjen je za pu\u0161ke AK platforme. Dizajniran je za brzu i jednostavnu instalaciju i nudi pobolj\u0161anu funkcionalnost za razli\u010dite pu\u0161ke iz AK obitelji.<\/p>\n<h2>Glavne zna\u010dajke:<\/h2>\n<ul>\n<li>Pove\u0107ana povr\u0161ina za lak\u0161e odvajanje spremnika<\/li>\n<li>Kompatibilan s popularnim AK, AKM i AK-74 modelima<\/li>\n<li>Omogu\u0107uje br\u017ee punjenje<\/li>\n<li>Uklju\u010duje oprugu i osovinu<\/li>\n<li>Izra\u0111en od oksidiranog \u010delika<\/li>\n<li>Crna zavr\u0161na obrada<\/li>\n<\/ul>\n<p>Dimenzije: 51 x 24 x 15 mm<br \/>\nTe\u017eina: 16 g<\/p>\n<p>Nadogradite mehanizam za otpu\u0161tanje spremnika na va\u0161oj AK pu\u0161ki.<\/p>\n","protected":false},"excerpt":{"rendered":"<p>Komplet za pove\u0107ani zatvara\u010d AK spremnika. Jednostavna ugradnja, pobolj\u0161ana ergonomija. \u010celik, crne boje.<\/p>\n","protected":false},"featured_media":493596,"template":"","meta":{"_acf_changed":false},"product_brand":[],"product_cat":[13585],"product_tag":[],"class_list":{"0":"post-531051","1":"product","2":"type-product","3":"status-publish","4":"has-post-thumbnail","6":"product_cat-nekategorizirano","8":"first","9":"instock","10":"taxable","11":"shipping-taxable","12":"purchasable","13":"product-type-simple"},"acf":[],"_links":{"self":[{"href":"https:\/\/staging.nbg.eu\/hr\/wp-json\/wp\/v2\/product\/531051","targetHints":{"allow":["GET"]}}],"collection":[{"href":"https:\/\/staging.nbg.eu\/hr\/wp-json\/wp\/v2\/product"}],"about":[{"href":"https:\/\/staging.nbg.eu\/hr\/wp-json\/wp\/v2\/types\/product"}],"wp:featuredmedia":[{"embeddable":true,"href":"https:\/\/staging.nbg.eu\/hr\/wp-json\/wp\/v2\/media\/493596"}],"wp:attachment":[{"href":"https:\/\/staging.nbg.eu\/hr\/wp-json\/wp\/v2\/media?parent=531051"}],"wp:term":[{"taxonomy":"product_brand","embeddable":true,"href":"https:\/\/staging.nbg.eu\/hr\/wp-json\/wp\/v2\/product_brand?post=531051"},{"taxonomy":"product_cat","embeddable":true,"href":"https:\/\/staging.nbg.eu\/hr\/wp-json\/wp\/v2\/product_cat?post=531051"},{"taxonomy":"product_tag","embeddable":true,"href":"https:\/\/staging.nbg.eu\/hr\/wp-json\/wp\/v2\/product_tag?post=531051"}],"curies":[{"name":"wp","href":"https:\/\/api.w.org\/{rel}","templated":true}]}}