{"id":530929,"date":"2025-09-04T17:49:03","date_gmt":"2025-09-04T14:49:03","guid":{"rendered":"https:\/\/staging.nbg.eu\/product\/magpul-moe-sl-ak-grip-for-ak47-ak74-fde-mag682-fde\/"},"modified":"2025-09-26T16:15:44","modified_gmt":"2025-09-26T13:15:44","slug":"magpul-moe-sl-ak-rukohvat-za-ak47ak74-fde-mag682-fde","status":"publish","type":"product","link":"https:\/\/staging.nbg.eu\/hr\/proizvod\/magpul-moe-sl-ak-rukohvat-za-ak47ak74-fde-mag682-fde\/","title":{"rendered":"Magpul &#8211; MOE SL AK rukohvat za AK47\/AK74 &#8211; FDE &#8211; MAG682-FDE"},"content":{"rendered":"<div class=\"product-description\">\n<h2>Magpul MOE SL AK Rukohvat za AK47\/AK74 &#8211; FDE (MAG682-FDE)<\/h2>\n<p>Magpul MOE SL AK rukohvat u boji Flat Dark Earth za AK47\/AK74. Ovaj uski rukohvat nudi vi\u0161e okomiti kut, optimiziran za oru\u017eje s kra\u0107im du\u017einama poteza, pribli\u017eavaju\u0107i primarnu ruku tijelu.<\/p>\n<ul>\n<li>Izra\u0111en od polimernog materijala s teksturiranom zavr\u0161nom obradom<\/li>\n<li>Odgovara glodanim i \u0161tancanim le\u017ei\u0161tima, uklju\u010duju\u0107i one s oja\u010danim plo\u010dama za rukohvat<\/li>\n<li>Sadr\u017ei TSP (Trapezoidal Surface Projections) teksturu za bolju kontrolu oru\u017eja<\/li>\n<li>Kut rukohvata od 20 stupnjeva za pobolj\u0161anu ergonomiju<\/li>\n<li>Tanji profil u usporedbi s rukohvatima pune veli\u010dine<\/li>\n<li>Dimenzije: 10,9 cm V x 2,8 cm D, te\u017eina samo 73,7 g<\/li>\n<li>Proizvedeno u SAD-u &#8211; ra\u010duna se kao jedan ameri\u010dki dio za uskla\u0111enost s 922r<\/li>\n<\/ul>\n<p>Magpul MOE SL AK rukohvat dizajniran je za optimalnu izvedbu u svim okru\u017eenjima.<\/p>\n<\/div>\n","protected":false},"excerpt":{"rendered":"<p>Magpul MOE SL AK Rukohvat: Tanki, teksturirani dodatak za AK47\/74 &#8211; boja pijeska (FDE)<\/p>\n","protected":false},"featured_media":493572,"template":"","meta":{"_acf_changed":false},"product_brand":[],"product_cat":[13585],"product_tag":[],"class_list":{"0":"post-530929","1":"product","2":"type-product","3":"status-publish","4":"has-post-thumbnail","6":"product_cat-nekategorizirano","8":"first","9":"instock","10":"taxable","11":"shipping-taxable","12":"purchasable","13":"product-type-simple"},"acf":[],"_links":{"self":[{"href":"https:\/\/staging.nbg.eu\/hr\/wp-json\/wp\/v2\/product\/530929","targetHints":{"allow":["GET"]}}],"collection":[{"href":"https:\/\/staging.nbg.eu\/hr\/wp-json\/wp\/v2\/product"}],"about":[{"href":"https:\/\/staging.nbg.eu\/hr\/wp-json\/wp\/v2\/types\/product"}],"wp:featuredmedia":[{"embeddable":true,"href":"https:\/\/staging.nbg.eu\/hr\/wp-json\/wp\/v2\/media\/493572"}],"wp:attachment":[{"href":"https:\/\/staging.nbg.eu\/hr\/wp-json\/wp\/v2\/media?parent=530929"}],"wp:term":[{"taxonomy":"product_brand","embeddable":true,"href":"https:\/\/staging.nbg.eu\/hr\/wp-json\/wp\/v2\/product_brand?post=530929"},{"taxonomy":"product_cat","embeddable":true,"href":"https:\/\/staging.nbg.eu\/hr\/wp-json\/wp\/v2\/product_cat?post=530929"},{"taxonomy":"product_tag","embeddable":true,"href":"https:\/\/staging.nbg.eu\/hr\/wp-json\/wp\/v2\/product_tag?post=530929"}],"curies":[{"name":"wp","href":"https:\/\/api.w.org\/{rel}","templated":true}]}}