{"id":529937,"date":"2025-09-02T20:30:44","date_gmt":"2025-09-02T17:30:44","guid":{"rendered":"https:\/\/staging.nbg.eu\/product\/predna-drzhka-magpul-zhukov-za-ak-47-ak-74-lilava-mag586-plm\/"},"modified":"2025-09-26T15:04:41","modified_gmt":"2025-09-26T12:04:41","slug":"prednja-drzka-magpul-zhukov-za-ak-47ak-74-ljubicasta-mag586-plm","status":"publish","type":"product","link":"https:\/\/staging.nbg.eu\/hr\/proizvod\/prednja-drzka-magpul-zhukov-za-ak-47ak-74-ljubicasta-mag586-plm\/","title":{"rendered":"Prednja drzka Magpul ZHUKOV za AK-47\/AK-74 ljubicasta MAG586 PLM"},"content":{"rendered":"<div class=\"product-description\">\n<h2>Magpul ZHUKOV Rukohvat za AK-47\/AK-74 &#8211; Boja \u0161ljive (MAG586-PLM)<\/h2>\n<p>Magpul ZHUKOV rukohvat za AK-47 ili AK-74 u boji \u0161ljive. Ovaj produ\u017eeni rukohvat nudi veliku povr\u0161inu za dr\u017eanje za moderne tehnike pucanja i dodatne opcije montiranja dodataka.<\/p>\n<ul>\n<li>Kompatibilan s ve\u0107inom AK-47\/AKM\/AK-74 pu\u0161aka (promjer cijevi 16,75-18,25mm, duljina &gt;13&#8243;)<\/li>\n<li>Aluminijsko ku\u0107i\u0161te pune duljine s tvrdom anodizacijom za monta\u017eu bez savijanja i toplinsku za\u0161titu<\/li>\n<li>Izdr\u017eljivi polimerni vanjski poklopac s utorima za M-LOK dodatke<\/li>\n<li>Uklju\u010duje zamjenski polimerni gornji poklopac<\/li>\n<li>Kompatibilan s UltiMAK nosa\u010dem optike<\/li>\n<li>Duljina: 11,7 in\u010da<\/li>\n<\/ul>\n<p>Rukohvat za lovce i strijelce.<\/p>\n<\/div>\n","protected":false},"excerpt":{"rendered":"<p>Produ\u017eeni Magpul ZHUKOV prednji rukohvat za AK-47\/AK-74, boje \u0161ljive, kompatibilan s M-LOK sustavom.<\/p>\n","protected":false},"featured_media":0,"template":"","meta":{"_acf_changed":false},"product_brand":[],"product_cat":[],"product_tag":[],"class_list":{"0":"post-529937","1":"product","2":"type-product","3":"status-publish","6":"first","7":"instock","8":"taxable","9":"shipping-taxable","10":"purchasable","11":"product-type-simple"},"acf":[],"_links":{"self":[{"href":"https:\/\/staging.nbg.eu\/hr\/wp-json\/wp\/v2\/product\/529937","targetHints":{"allow":["GET"]}}],"collection":[{"href":"https:\/\/staging.nbg.eu\/hr\/wp-json\/wp\/v2\/product"}],"about":[{"href":"https:\/\/staging.nbg.eu\/hr\/wp-json\/wp\/v2\/types\/product"}],"wp:attachment":[{"href":"https:\/\/staging.nbg.eu\/hr\/wp-json\/wp\/v2\/media?parent=529937"}],"wp:term":[{"taxonomy":"product_brand","embeddable":true,"href":"https:\/\/staging.nbg.eu\/hr\/wp-json\/wp\/v2\/product_brand?post=529937"},{"taxonomy":"product_cat","embeddable":true,"href":"https:\/\/staging.nbg.eu\/hr\/wp-json\/wp\/v2\/product_cat?post=529937"},{"taxonomy":"product_tag","embeddable":true,"href":"https:\/\/staging.nbg.eu\/hr\/wp-json\/wp\/v2\/product_tag?post=529937"}],"curies":[{"name":"wp","href":"https:\/\/api.w.org\/{rel}","templated":true}]}}